{"id":89,"date":"2026-01-01T19:27:57","date_gmt":"2026-01-01T19:27:57","guid":{"rendered":"https:\/\/empcomms.com\/?page_id=89"},"modified":"2026-04-04T15:23:29","modified_gmt":"2026-04-04T11:23:29","slug":"the-internationality-of-the-english-language","status":"publish","type":"page","link":"https:\/\/empcomms.com\/tr\/the-internationality-of-the-english-language\/","title":{"rendered":"\u0130ngiliz dilinin uluslararas\u0131 niteli\u011fi"},"content":{"rendered":"\n<div style=\"height:4rem\" aria-hidden=\"true\" class=\"wp-block-spacer\"><\/div>\n\n\n\n<h2 class=\"wp-block-heading\">\u0130ngiliz dilinin uluslararas\u0131 niteli\u011fi<\/h2>\n\n\n\n<p><em>2026 y\u0131l\u0131 ba\u015f\u0131na ait g\u00fcncel istatistiksel veriler, \u0130ngiliz dilinin k\u00fcresel eri\u015fiminde s\u00fcrekli bir y\u00fckseli\u015f e\u011filimi oldu\u011funu g\u00f6stermektedir:<\/em><\/p>\n\n\n\n<ul class=\"wp-block-list is-style-arrow-list\">\n<li><mark style=\"background-color:rgba(0, 0, 0, 0)\" class=\"has-inline-color has-contrast-color\"><strong>Toplam konu\u015fmac\u0131 say\u0131s\u0131:<\/strong>&nbsp;<\/mark>Ethnologue ve British Council verilerine dayanan son tahminler, d\u00fcnya genelinde yakla\u015f\u0131k&nbsp;<strong>1.530 milyon<\/strong>&nbsp;ki\u015finin belirli bir d\u00fczeyde \u0130ngilizce konu\u015ftu\u011funa i\u015faret etmektedir.<\/li>\n\n\n\n<li><strong><mark style=\"background-color:rgba(0, 0, 0, 0)\" class=\"has-inline-color has-contrast-color\">D\u00fcnya n\u00fcfusu ba\u011flam\u0131:<\/mark><\/strong>&nbsp;2026 y\u0131l\u0131 ba\u015f\u0131 itibar\u0131yla d\u00fcnya n\u00fcfusunun yakla\u015f\u0131k&nbsp;<strong>8.300 milyon<\/strong>&nbsp;oldu\u011fu tahmin edilmektedir; \u0130ngilizce konu\u015fanlar, yery\u00fcz\u00fcndeki t\u00fcm insanlar\u0131n yakla\u015f\u0131k&nbsp;<strong>%18,4<\/strong>&nbsp;ile&nbsp;<strong>%18,8<\/strong>&#8216;ini olu\u015fturmaktad\u0131r.<\/li>\n\n\n\n<li><mark style=\"background-color:rgba(0, 0, 0, 0)\" class=\"has-inline-color has-contrast-color\"><strong>Ana dil ve yabanc\u0131 dil konu\u015fmac\u0131lar\u0131 oran\u0131:<\/strong><\/mark>&nbsp;Ana dil ve yabanc\u0131 dil konu\u015fmac\u0131lar\u0131 aras\u0131ndaki u\u00e7urum geni\u015flemeye devam etmektedir:\n<ul class=\"wp-block-list\">\n<li><strong>Ana dil konu\u015fmac\u0131lar\u0131 (L1):<\/strong>&nbsp;Yakla\u015f\u0131k&nbsp;<strong>390 milyon<\/strong>.<\/li>\n\n\n\n<li><strong>Yabanc\u0131 dil konu\u015fmac\u0131lar\u0131 (L2):<\/strong>&nbsp;Yakla\u015f\u0131k&nbsp;<strong>1.140 milyon<\/strong>.<\/li>\n<\/ul>\n<\/li>\n\n\n\n<li><mark style=\"background-color:rgba(0, 0, 0, 0)\" class=\"has-inline-color has-contrast-color\"><strong>Dil sahipli\u011findeki d\u00f6n\u00fc\u015f\u00fcm:<\/strong><\/mark>&nbsp;Yabanc\u0131 dil konu\u015fmac\u0131lar\u0131, toplam \u0130ngilizce konu\u015fan n\u00fcfusun yakla\u015f\u0131k&nbsp;<strong>%75<\/strong>&#8216;ini olu\u015fturmaktad\u0131r; bu da \u0130ngilizce konu\u015fanlar\u0131n yaln\u0131zca yakla\u015f\u0131k&nbsp;<strong>d\u00f6rtte birinin<\/strong>&nbsp;bu dili birinci dil olarak \u00f6\u011frendi\u011fini do\u011frulamaktad\u0131r.<\/li>\n\n\n\n<li><strong><mark style=\"background-color:rgba(0, 0, 0, 0)\" class=\"has-inline-color has-contrast-color\">Gelecekteki b\u00fcy\u00fcme:<\/mark><\/strong>&nbsp;Projeksiyonlar, \u0130ngilizce \u00f6\u011frenen veya kullanan ki\u015fi say\u0131s\u0131n\u0131n 2030 y\u0131l\u0131na kadar&nbsp;<strong>2.000 milyona<\/strong>&nbsp;ula\u015fabilece\u011fini \u00f6ng\u00f6rmektedir; bu b\u00fcy\u00fcme, \u0130ngilizce&#8217;nin dijital geni\u015fleme, uluslararas\u0131 i\u015f d\u00fcnyas\u0131 ve e\u011fitim alanlar\u0131ndaki birincil dil konumundan kaynaklanmaktad\u0131r.<\/li>\n<\/ul>\n\n\n\n<p><em>Bu istatistikler, \u0130ngiliz dilinin k\u00fcresel eri\u015fimini a\u00e7\u0131k\u00e7a ortaya koymaktad\u0131r; yabanc\u0131 dil konu\u015fmac\u0131lar\u0131, 1,5 milyar\u0131 a\u015fk\u0131n kullan\u0131c\u0131n\u0131n b\u00fcy\u00fck \u00e7o\u011funlu\u011funu olu\u015fturmaktad\u0131r.<\/em><\/p>\n\n\n\n<p><em>D\u00fcr\u00fcst\u00e7e s\u00f6ylemek gerekirse, \u0130ngiliz dili art\u0131k ana dil konu\u015fmac\u0131lar\u0131n\u0131n m\u00fclk\u00fc de\u011fildir. Asl\u0131nda art\u0131k herkese aittir \u2014 d\u00fcnyan\u0131n \u015fimdiye kadar g\u00f6rd\u00fc\u011f\u00fc, evrensel olarak payla\u015f\u0131lan canl\u0131 bir dile en yak\u0131n yakla\u015f\u0131m. \u00dcstelik \u0130ngilizce konu\u015fanlar\u0131n say\u0131s\u0131 katlanarak artmaktad\u0131r.<\/em><\/p>\n\n\n\n<p style=\"font-size:clamp(0.984rem, 0.984rem + ((1vw - 0.2rem) * 0.809), 1.5rem);\"><mark style=\"background-color:rgba(0, 0, 0, 0)\" class=\"has-inline-color has-accent-3-color\"><strong>\u0130ngilizce \u00f6\u011fretimi bu ger\u00e7ekli\u011fi yans\u0131tmal\u0131d\u0131r.<\/strong><\/mark><br><\/p>\n\n\n\n<p><a href=\"https:\/\/www.kylian.ai\/blog\/en\/english-language-statistics\">https:\/\/www.kylian.ai\/blog\/en\/english-language-statistics<\/a><\/p>\n\n\n\n<p><a href=\"https:\/\/www.worldometers.info\/world-population\/world-population-projections\">https:\/\/www.worldometers.info\/world-population\/world-population-projections<\/a><\/p>\n\n\n\n<hr class=\"wp-block-separator has-alpha-channel-opacity\"\/>\n\n\n\n<p><mark style=\"background-color:rgba(0, 0, 0, 0)\" class=\"has-inline-color has-contrast-color\"><em><strong>D\u00f6n\u00fc\u015f\u00fcm ba\u015flam\u0131\u015ft\u0131r. \u0130ngilizce art\u0131k ayr\u0131lmak i\u00e7in \u00f6\u011frenilen dil de\u011fil \u2014 bulundu\u011fun yerde geli\u015fmek i\u00e7in \u00f6\u011frenilen dildir. Yabanc\u0131 dil konu\u015fmac\u0131lar\u0131 d\u00fcnyadaki \u0130ngilizce kullan\u0131c\u0131lar\u0131n\u0131n ezici \u00e7o\u011funlu\u011funu olu\u015fturduk\u00e7a, bu dilde etkili ileti\u015fim kurabilme becerisi k\u00fclt\u00fcrel bir hedef olmaktan \u00e7\u0131km\u0131\u015f, co\u011frafyadan ba\u011f\u0131ms\u0131z bir mesleki zorunluluk h\u00e2line gelmi\u015ftir.<\/strong><\/em><\/mark><\/p>\n\n\n\n<p><strong><em><mark style=\"background-color:rgba(0, 0, 0, 0)\" class=\"has-inline-color has-contrast-color\">Empirical Communication Solutions&#8217;da \u00f6\u011fretimimizin temeli tam olarak bu ger\u00e7ekliktir. Kurslar\u0131m\u0131z, ders kitab\u0131 diyaloglar\u0131 veya s\u0131nav senaryolar\u0131 etraf\u0131nda de\u011fil, uluslararas\u0131 profesyonel bir ortam\u0131n ileti\u015fim gereklilikleri etraf\u0131nda tasarlanm\u0131\u015ft\u0131r \u2014 fiziksel olarak hi\u00e7 bulunmayabilece\u011fin, ancak her g\u00fcn i\u00e7inde hareket edece\u011fin bir ortam.<\/mark><\/em><\/strong><\/p>\n\n\n\n<p><em><strong><mark style=\"background-color:rgba(0, 0, 0, 0)\" class=\"has-inline-color has-contrast-color\">Bu beceriye yat\u0131r\u0131m yapmaya haz\u0131rsan, senden haber almaktan memnuniyet duyar\u0131z.<\/mark><\/strong><\/em><\/p>\n\n\n\n<div class=\"wp-block-buttons is-layout-flex wp-block-buttons-is-layout-flex\">\n<div class=\"wp-block-button\"><a class=\"wp-block-button__link wp-element-button\" href=\"https:\/\/empcomms.com\/tr\/contact\" style=\"box-shadow:var(--wp--preset--shadow--natural)\">\u0130leti\u015fim<\/a><\/div>\n<\/div>\n\n\n\n<div style=\"height:4rem\" aria-hidden=\"true\" class=\"wp-block-spacer\"><\/div>\n","protected":false},"excerpt":{"rendered":"<p>\u0130ngilizce&#8217;nin uluslararas\u0131 bir dil olarak genel g\u00f6r\u00fcn\u00fcm\u00fc, k\u00fcresel kullan\u0131m\u0131 ve k\u00fclt\u00fcrleraras\u0131 ileti\u015fim ile modern profesyonel ba\u011flamlardaki rol\u00fc.<\/p>\n","protected":false},"author":1,"featured_media":0,"parent":0,"menu_order":0,"comment_status":"closed","ping_status":"closed","template":"page-no-title","meta":{"slim_seo":{"title":"\u0130ngiliz dilinin uluslararas\u0131 niteli\u011fi - Empirical Communication Solutions","description":"\u0130ngilizce'nin uluslararas\u0131 bir dil olarak genel g\u00f6r\u00fcn\u00fcm\u00fc, k\u00fcresel kullan\u0131m\u0131 ve k\u00fclt\u00fcrleraras\u0131 ileti\u015fim ile modern profesyonel ba\u011flamlardaki rol\u00fc."},"footnotes":""},"class_list":["post-89","page","type-page","status-publish","hentry"],"_hostinger_reach_plugin_has_subscription_block":false,"_hostinger_reach_plugin_is_elementor":false,"_links":{"self":[{"href":"https:\/\/empcomms.com\/tr\/wp-json\/wp\/v2\/pages\/89","targetHints":{"allow":["GET"]}}],"collection":[{"href":"https:\/\/empcomms.com\/tr\/wp-json\/wp\/v2\/pages"}],"about":[{"href":"https:\/\/empcomms.com\/tr\/wp-json\/wp\/v2\/types\/page"}],"author":[{"embeddable":true,"href":"https:\/\/empcomms.com\/tr\/wp-json\/wp\/v2\/users\/1"}],"replies":[{"embeddable":true,"href":"https:\/\/empcomms.com\/tr\/wp-json\/wp\/v2\/comments?post=89"}],"version-history":[{"count":16,"href":"https:\/\/empcomms.com\/tr\/wp-json\/wp\/v2\/pages\/89\/revisions"}],"predecessor-version":[{"id":1340,"href":"https:\/\/empcomms.com\/tr\/wp-json\/wp\/v2\/pages\/89\/revisions\/1340"}],"wp:attachment":[{"href":"https:\/\/empcomms.com\/tr\/wp-json\/wp\/v2\/media?parent=89"}],"curies":[{"name":"wp","href":"https:\/\/api.w.org\/{rel}","templated":true}]}}