{"id":221,"date":"2026-01-07T09:00:51","date_gmt":"2026-01-07T09:00:51","guid":{"rendered":"https:\/\/empcomms.com\/?page_id=221"},"modified":"2026-04-04T15:10:23","modified_gmt":"2026-04-04T11:10:23","slug":"disclaimer-visas-and-immigration","status":"publish","type":"page","link":"https:\/\/empcomms.com\/tr\/disclaimer-visas-and-immigration\/","title":{"rendered":"Uyar\u0131 \u2014 vizeler ve g\u00f6\u00e7"},"content":{"rendered":"\n<div style=\"height:2rem\" aria-hidden=\"true\" class=\"wp-block-spacer\"><\/div>\n\n\n<h3 class=\"wp-block-heading\">Yasal uyar\u0131 \u2014 vizeler ve g\u00f6\u00e7<\/h3>\n\n\n<p>Maalesef, \u0130ngilizce veya \u0130spanyolca konu\u015fulan herhangi bir \u00fclkeye ya da ba\u015fka bir \u00fclkeye vize almak isteyen ki\u015filere hi\u00e7bir t\u00fcrde yard\u0131m veya rehberlik sunam\u0131yoruz.<br>Yard\u0131m etmek istemedi\u011fimizden de\u011fil, bunu yapmam\u0131z m\u00fcmk\u00fcn olmad\u0131\u011f\u0131ndan. D\u00fcnyada hi\u00e7bir konsoloslukla ba\u011f\u0131m\u0131z bulunmamakta olup dolay\u0131s\u0131yla kararlar\u0131 \u00fczerinde hi\u00e7bir etkimiz yoktur.<br>Uluslararas\u0131 vizeler veya her t\u00fcrl\u00fc giri\u015f izniyle ilgili t\u00fcm konularda, ziyaret etmek istedi\u011finiz \u00fclke ya da \u00fclkelerin resmi temsilcileriyle do\u011frudan ileti\u015fime ge\u00e7menizi tavsiye ederiz; bunun i\u00e7in ilgili resmi web sitelerini kullanabilir ya da en yak\u0131n konsolosluk ofisinden randevu talep edebilirsiniz.<\/p>\n\n\n<p><\/p>\n","protected":false},"excerpt":{"rendered":"<p>Vize, g\u00f6\u00e7 ve oturma izni uyar\u0131s\u0131. Yaln\u0131zca dil \u00f6\u011fretim hizmetleri sunmaktay\u0131z; hukuki veya g\u00f6\u00e7 dan\u0131\u015fmanl\u0131\u011f\u0131 verilmemektedir.<\/p>\n","protected":false},"author":1,"featured_media":0,"parent":0,"menu_order":0,"comment_status":"closed","ping_status":"closed","template":"page-no-title","meta":{"slim_seo":{"title":"Uyar\u0131 \u2014 vizeler ve g\u00f6\u00e7 - Empirical Communication Solutions","description":"Vize, g\u00f6\u00e7 ve oturma izni uyar\u0131s\u0131. Yaln\u0131zca dil \u00f6\u011fretim hizmetleri sunmaktay\u0131z; hukuki veya g\u00f6\u00e7 dan\u0131\u015fmanl\u0131\u011f\u0131 verilmemektedir."},"footnotes":""},"class_list":["post-221","page","type-page","status-publish","hentry"],"_hostinger_reach_plugin_has_subscription_block":false,"_hostinger_reach_plugin_is_elementor":false,"_links":{"self":[{"href":"https:\/\/empcomms.com\/tr\/wp-json\/wp\/v2\/pages\/221","targetHints":{"allow":["GET"]}}],"collection":[{"href":"https:\/\/empcomms.com\/tr\/wp-json\/wp\/v2\/pages"}],"about":[{"href":"https:\/\/empcomms.com\/tr\/wp-json\/wp\/v2\/types\/page"}],"author":[{"embeddable":true,"href":"https:\/\/empcomms.com\/tr\/wp-json\/wp\/v2\/users\/1"}],"replies":[{"embeddable":true,"href":"https:\/\/empcomms.com\/tr\/wp-json\/wp\/v2\/comments?post=221"}],"version-history":[{"count":8,"href":"https:\/\/empcomms.com\/tr\/wp-json\/wp\/v2\/pages\/221\/revisions"}],"predecessor-version":[{"id":1330,"href":"https:\/\/empcomms.com\/tr\/wp-json\/wp\/v2\/pages\/221\/revisions\/1330"}],"wp:attachment":[{"href":"https:\/\/empcomms.com\/tr\/wp-json\/wp\/v2\/media?parent=221"}],"curies":[{"name":"wp","href":"https:\/\/api.w.org\/{rel}","templated":true}]}}