{"id":210,"date":"2026-01-07T06:29:40","date_gmt":"2026-01-07T06:29:40","guid":{"rendered":"https:\/\/empcomms.com\/?page_id=210"},"modified":"2026-04-04T15:26:22","modified_gmt":"2026-04-04T11:26:22","slug":"richard","status":"publish","type":"page","link":"https:\/\/empcomms.com\/tr\/richard\/","title":{"rendered":"Ekibimiz \u2014 Richard"},"content":{"rendered":"\n<div style=\"height:2rem\" aria-hidden=\"true\" class=\"wp-block-spacer\"><\/div>\n\n\n\n<h2 class=\"wp-block-heading\" style=\"font-style:normal;font-weight:400\">Empirical Communication Solutions, giderek dijitalle\u015fen bir d\u00fcnyada dil hizmetlerini tek \u00e7at\u0131 alt\u0131nda toplamak amac\u0131yla Richard Armstrong taraf\u0131ndan 2024 y\u0131l\u0131 ba\u015f\u0131nda kurulmu\u015ftur<\/h2>\n\n\n\n<div class=\"wp-block-columns is-layout-flex wp-container-core-columns-is-layout-65e523f9 wp-block-columns-is-layout-flex\">\n<div class=\"wp-block-column is-style-default is-layout-flow wp-block-column-is-layout-flow\" style=\"flex-basis:25%\">\n<figure class=\"wp-block-image size-full\"><img loading=\"lazy\" decoding=\"async\" width=\"230\" height=\"300\" src=\"https:\/\/empcomms.com\/tr\/wp-content\/uploads\/2026\/01\/Richard-Michael-Armstrong-\u2013-\u10d7\u10d1\u10d8\u10da\u10d8\u10e1\u10d8-\u10e1\u10d0\u10e5\u10d0\u10e0\u10d7\u10d5\u10d4\u10da\u10dd-230x300-1.webp\" alt=\"\" class=\"wp-image-831\" style=\"aspect-ratio:0.7666706934042039\"\/><\/figure>\n<\/div>\n\n\n\n<div class=\"wp-block-column is-vertically-aligned-top is-style-default is-layout-flow wp-container-core-column-is-layout-9df4c73f wp-block-column-is-layout-flow\" style=\"padding-top:0;padding-right:0;padding-bottom:0;padding-left:0rem;flex-basis:80%\">\n<p>Londra&#8217;da (Birle\u015fik Krall\u0131k) b\u00fcy\u00fcyen ve ba\u015flang\u0131\u00e7ta elektrik m\u00fchendisli\u011fi alan\u0131nda e\u011fitim alan Richard, Tenerife adas\u0131nda ge\u00e7irdi\u011fi birka\u00e7 y\u0131l\u0131n ard\u0131ndan 1990&#8217;lar\u0131n ortas\u0131nda kariyerinde y\u00f6n de\u011fi\u015ftirdi.<\/p>\n<\/div>\n<\/div>\n\n\n\n<p>Londra Kensington&#8217;daki Teacher Training International&#8217;dan \u0130ngilizce Yabanc\u0131 Dil \u00d6\u011fretimi (TEFL) diplomas\u0131n\u0131 ve g\u00fc\u00e7l\u00fc bir \u0130spanyolca yeterlili\u011fini edindikten sonra Orta Amerika&#8217;ya ge\u00e7ti. Burada Guatemala City&#8217;de yabanc\u0131 dil olarak \u0130ngilizce (EFL) \u00f6\u011fretmeye ba\u015flad\u0131 ve d\u00f6rt y\u0131l boyunca bu \u015fehirde kald\u0131; ard\u0131ndan \u0130spanyolca&#8217;dan \u0130ngilizce&#8217;ye belge \u00e7evirisi alan\u0131nda \u00e7al\u0131\u015ft\u0131.<\/p>\n\n\n\n<p>Milenyum de\u011fi\u015fiminin hemen \u00f6ncesinde Richard, Peru&#8217;ya ta\u015f\u0131nd\u0131. Burada \u00fclkenin \u00f6nde gelen mesleki e\u011fitim kurulu\u015flar\u0131ndan biri olan <a href=\"https:\/\/www.senati.edu.pe\/\" title=\"\">SENATI<\/a> taraf\u0131ndan a\u00e7\u0131lan bir \u0130ngilizce Dil E\u011fitim Merkezi&#8217;nde ulusal koordinat\u00f6r olarak g\u00f6rev yapt\u0131. Akademik ve idari denetim ile personel istihdam\u0131na ek olarak, kurumsal s\u00fcre\u00e7lerin ISO 9001 ve ISO 14001 \u00e7er\u00e7evelerinde ulusal entegrasyonuna katk\u0131da bulundu. Ekvador&#8217;un Quito \u015fehrinde de k\u0131sa s\u00fcreli konaklamalarla birlikte Peru&#8217;da alt\u0131 y\u0131l ge\u00e7irdi.<\/p>\n\n\n\n<p>2000&#8217;li y\u0131llar\u0131n ortas\u0131nda Richard, \u0130spanya anakaras\u0131na d\u00f6nd\u00fc; \u00f6nce C\u00e1diz vilayetine, ard\u0131ndan M\u00e1laga&#8217;ya yerle\u015fti. Burada serbest \u0130ngilizce \u00f6\u011fretmeni olarak \u00e7al\u0131\u015fman\u0131n yan\u0131 s\u0131ra yerel i\u015fletmeler i\u00e7in \u00f6zel dil \u00f6\u011fretim programlar\u0131 tasarlad\u0131. Bu d\u00f6nemde ESL\/EFL teklifine ek olarak \u0130spanyolca \u00f6\u011fretmeye de ba\u015flad\u0131.<\/p>\n\n\n\n<p>2014 y\u0131l\u0131nda Richard, yeni kurulan Marbella International University Centre (<a href=\"https:\/\/miuc.org\/\" title=\"\">MIUC<\/a>) ile dil dan\u0131\u015fman\u0131 s\u0131fat\u0131yla i\u015f birli\u011fi yapt\u0131 ve kurumun a\u00e7\u0131l\u0131\u015f d\u00f6neminde End\u00fcl\u00fcs Konseyi ile Bologna S\u00fcreci gerekliliklerine uygun s\u00fcre\u00e7 standardizasyonunu destekledi.<\/p>\n\n\n\n<p>M\u00fchendislik projelerine kat\u0131ld\u0131\u011f\u0131 Kuzey Afrika ve Orta Do\u011fu&#8217;da (MENA) uzun s\u00fcreli konaklamalar dahil olmak \u00fczere kapsaml\u0131 seyahatlerde bulunmu\u015f; L\u00fcbnan&#8217;\u0131n Beyrut \u015fehrinde de \u0130ngilizce dersleri vermi\u015ftir.<\/p>\n\n\n\n<p>2024&#8217;\u00fcn ortas\u0131ndan itibaren Richard, Tiflis&#8217;te ikamet etmekte ve burada kurdu\u011fu Empirical Communication Solutions arac\u0131l\u0131\u011f\u0131yla G\u00fcrcistan&#8217;a (Sakartvelo) ve \u00f6tesine entegre \u0130ngilizce dil yayma hizmetleri sunmaktad\u0131r.<\/p>\n\n\n\n<p>\u0130ngilizce ve \u0130spanyolca&#8217;da tam anlam\u0131yla iki dilli bir konu\u015fmac\u0131d\u0131r.<\/p>\n\n\n\n<div style=\"height:4rem\" aria-hidden=\"true\" class=\"wp-block-spacer\"><\/div>\n","protected":false},"excerpt":{"rendered":"<p>Richard, Londral\u0131 bir \u0130ngilizce uzman\u0131d\u0131r. Uluslararas\u0131 \u00f6\u011frenciler i\u00e7in etkili ileti\u015fime odaklanan ki\u015fiselle\u015ftirilmi\u015f \u00e7evrimi\u00e7i e\u011fitim.<\/p>\n","protected":false},"author":1,"featured_media":0,"parent":0,"menu_order":0,"comment_status":"closed","ping_status":"closed","template":"page-no-title","meta":{"slim_seo":{"title":"Ekibimiz \u2014 Richard - Empirical Communication Solutions","description":"Richard, Londral\u0131 bir \u0130ngilizce uzman\u0131d\u0131r. Uluslararas\u0131 \u00f6\u011frenciler i\u00e7in etkili ileti\u015fime odaklanan ki\u015fiselle\u015ftirilmi\u015f \u00e7evrimi\u00e7i e\u011fitim."},"footnotes":""},"class_list":["post-210","page","type-page","status-publish","hentry"],"_hostinger_reach_plugin_has_subscription_block":false,"_hostinger_reach_plugin_is_elementor":false,"_links":{"self":[{"href":"https:\/\/empcomms.com\/tr\/wp-json\/wp\/v2\/pages\/210","targetHints":{"allow":["GET"]}}],"collection":[{"href":"https:\/\/empcomms.com\/tr\/wp-json\/wp\/v2\/pages"}],"about":[{"href":"https:\/\/empcomms.com\/tr\/wp-json\/wp\/v2\/types\/page"}],"author":[{"embeddable":true,"href":"https:\/\/empcomms.com\/tr\/wp-json\/wp\/v2\/users\/1"}],"replies":[{"embeddable":true,"href":"https:\/\/empcomms.com\/tr\/wp-json\/wp\/v2\/comments?post=210"}],"version-history":[{"count":17,"href":"https:\/\/empcomms.com\/tr\/wp-json\/wp\/v2\/pages\/210\/revisions"}],"predecessor-version":[{"id":1342,"href":"https:\/\/empcomms.com\/tr\/wp-json\/wp\/v2\/pages\/210\/revisions\/1342"}],"wp:attachment":[{"href":"https:\/\/empcomms.com\/tr\/wp-json\/wp\/v2\/media?parent=210"}],"curies":[{"name":"wp","href":"https:\/\/api.w.org\/{rel}","templated":true}]}}