{"id":17,"date":"2025-12-30T02:39:25","date_gmt":"2025-12-30T02:39:25","guid":{"rendered":"https:\/\/empcomms.com\/?page_id=17"},"modified":"2026-04-04T15:17:11","modified_gmt":"2026-04-04T11:17:11","slug":"business-english-courses","status":"publish","type":"page","link":"https:\/\/empcomms.com\/tr\/business-english-courses\/","title":{"rendered":"\u0130\u015f \u0130ngilizcesi Kurslar\u0131"},"content":{"rendered":"\n<div class=\"wp-block-group is-layout-flow wp-container-core-group-is-layout-f3c7fa73 wp-block-group-is-layout-flow\" style=\"padding-top:0;padding-bottom:0\">\n<div style=\"height:2rem\" aria-hidden=\"true\" class=\"wp-block-spacer\"><\/div>\n\n\n\n<div class=\"wp-block-columns is-not-stacked-on-mobile is-layout-flex wp-container-core-columns-is-layout-65e523f9 wp-block-columns-is-layout-flex\">\n<div class=\"wp-block-column is-layout-flow wp-block-column-is-layout-flow\" style=\"flex-basis:15%\">\n<figure class=\"wp-block-image size-large is-resized\" style=\"margin-bottom:0;margin-left:0rem\"><img loading=\"lazy\" decoding=\"async\" width=\"1024\" height=\"859\" src=\"https:\/\/empcomms.com\/tr\/wp-content\/uploads\/2026\/01\/TOEFL_IELTS_B1-Preliminary_B2-First_C1-Advanced_C2-Proficiency-1536x1536-1-e1768934631114-1024x859.webp\" alt=\"\" class=\"wp-image-822\" style=\"aspect-ratio:1.1920548459804658;object-fit:cover;width:81px;height:auto\" srcset=\"https:\/\/empcomms.com\/tr\/wp-content\/uploads\/2026\/01\/TOEFL_IELTS_B1-Preliminary_B2-First_C1-Advanced_C2-Proficiency-1536x1536-1-e1768934631114-1024x859.webp 1024w, https:\/\/empcomms.com\/tr\/wp-content\/uploads\/2026\/01\/TOEFL_IELTS_B1-Preliminary_B2-First_C1-Advanced_C2-Proficiency-1536x1536-1-e1768934631114-300x252.webp 300w, https:\/\/empcomms.com\/tr\/wp-content\/uploads\/2026\/01\/TOEFL_IELTS_B1-Preliminary_B2-First_C1-Advanced_C2-Proficiency-1536x1536-1-e1768934631114-768x644.webp 768w, https:\/\/empcomms.com\/tr\/wp-content\/uploads\/2026\/01\/TOEFL_IELTS_B1-Preliminary_B2-First_C1-Advanced_C2-Proficiency-1536x1536-1-e1768934631114.webp 1362w\" sizes=\"auto, (max-width: 1024px) 100vw, 1024px\" \/><\/figure>\n<\/div>\n\n\n\n<div class=\"wp-block-column is-layout-flow wp-block-column-is-layout-flow\" style=\"flex-basis:66.66%\">\n<h3 class=\"wp-block-heading is-style-text-display has-large-font-size is-style-text-display--1\"><mark style=\"background-color:rgba(0, 0, 0, 0);color:#f30d0d\" class=\"has-inline-color\"><strong>\u0130\u015f \u0130ngilizcesi Kurslar\u0131 \u2014 \u00c7evrimi\u00e7i ve \u015eirket \u0130\u00e7i<\/strong><\/mark><\/h3>\n<\/div>\n<\/div>\n<\/div>\n\n\n\n<p><mark style=\"background-color:rgba(0, 0, 0, 0)\" class=\"has-inline-color has-accent-4-color\">\u0130\u015f \u0130ngilizcesi kurslar\u0131m\u0131z y\u00f6neticilere, m\u00fcd\u00fcrlere ve \u015firket ile kurum personeline y\u00f6neliktir. T\u00fcm kat\u0131l\u0131mc\u0131lar\u0131n <a href=\"https:\/\/www.coe.int\/en\/web\/common-european-framework-reference-languages\/table-1-cefr-3.3-common-reference-levels-global-scale\"><mark style=\"background-color:rgba(0, 0, 0, 0);color:#0056b3\" class=\"has-inline-color\">CEFR<\/mark><\/a>&#8216;e g\u00f6re en az B1 \u0130ngilizce seviyesine sahip olmas\u0131 gerekmektedir.<\/mark><\/p>\n\n\n\n<p class=\"has-text-color has-link-color wp-elements-0c4c3776c8fdc10ac782a5d04ed8d32a\" style=\"color:#2d2d2d\"><a href=\"info@empcomms.com\" data-type=\"link\" data-id=\"info@empcomms.com\" target=\"_blank\" rel=\"noreferrer noopener\"><mark style=\"background-color:rgba(0, 0, 0, 0);color:#0056b3\" class=\"has-inline-color\">Bizimle ileti\u015fime ge\u00e7<\/mark><\/a> ve daha fazla bilgi al.<\/p>\n\n\n\n<p class=\"has-text-color has-link-color wp-elements-a0a4006c961e17a9c9b0e52f4445bf56\" style=\"color:#2d2d2d\">Bu kurslar genellikle Zoom veya Teams video konferans platformlar\u0131 arac\u0131l\u0131\u011f\u0131yla \u00e7evrimi\u00e7i olarak yap\u0131lmaktad\u0131r.<\/p>\n\n\n\n<p class=\"has-text-color has-link-color wp-elements-24f8ba9ba24add8c7510b8c8f8135058\" style=\"color:#2d2d2d\">Hem bireysel hem de grup dersleri planlanabilmektedir. Belirli durumlarda \u00f6\u011fretmen, dersleri orada vermek \u00fczere \u015firketin tesislerine gidebilir.<\/p>\n\n\n\n<p class=\"has-text-color has-link-color wp-elements-0c5c6920dc649282545511a84fea335c\" style=\"color:#2d2d2d\">\u0130\u015f \u0130ngilizcesi kurslar\u0131m\u0131z, \u00f6\u011fretim metodolojisi ve \u00e7al\u0131\u015fma materyalleri a\u00e7\u0131s\u0131ndan standart se\u00e7eneklerden farkl\u0131la\u015fmaktad\u0131r; t\u00fcm i\u00e7erik kat\u0131l\u0131mc\u0131lar\u0131n \u00f6zel gereksinimlerine g\u00f6re uyarlanmaktad\u0131r.<\/p>\n\n\n\n<p class=\"has-text-color has-link-color wp-elements-c16d372fd1f2a28cd55ed797dfd3c617\" style=\"color:#2d2d2d\">Bu \u015fu anlama gelir: yat\u0131r\u0131m bankac\u0131lar\u0131na y\u00f6nelik bir kurs, sa\u011fl\u0131k profesyonelleri, sigorta \u015firketi \u00e7al\u0131\u015fanlar\u0131, muhasebeciler veya belediye kurumu personeli i\u00e7in tasarlanan kursla ayn\u0131 i\u00e7eri\u011fe sahip olmayacakt\u0131r\u2026<\/p>\n","protected":false},"excerpt":{"rendered":"<p>Profesyoneller i\u00e7in \u0130\u015f \u0130ngilizcesi Kurslar\u0131. Toplant\u0131larda, e-postalarda ve sunumlarda a\u00e7\u0131k ve etkili ileti\u015fim. \u00c7evrimi\u00e7i ve ki\u015fiselle\u015ftirilmi\u015f.<\/p>\n","protected":false},"author":1,"featured_media":0,"parent":0,"menu_order":0,"comment_status":"closed","ping_status":"closed","template":"page-no-title","meta":{"slim_seo":{"title":"\u0130\u015f \u0130ngilizcesi Kurslar\u0131 - Empirical Communication Solutions","description":"Profesyoneller i\u00e7in \u0130\u015f \u0130ngilizcesi Kurslar\u0131. Toplant\u0131larda, e-postalarda ve sunumlarda a\u00e7\u0131k ve etkili ileti\u015fim. \u00c7evrimi\u00e7i ve ki\u015fiselle\u015ftirilmi\u015f."},"footnotes":""},"class_list":["post-17","page","type-page","status-publish","hentry"],"_hostinger_reach_plugin_has_subscription_block":false,"_hostinger_reach_plugin_is_elementor":false,"_links":{"self":[{"href":"https:\/\/empcomms.com\/tr\/wp-json\/wp\/v2\/pages\/17","targetHints":{"allow":["GET"]}}],"collection":[{"href":"https:\/\/empcomms.com\/tr\/wp-json\/wp\/v2\/pages"}],"about":[{"href":"https:\/\/empcomms.com\/tr\/wp-json\/wp\/v2\/types\/page"}],"author":[{"embeddable":true,"href":"https:\/\/empcomms.com\/tr\/wp-json\/wp\/v2\/users\/1"}],"replies":[{"embeddable":true,"href":"https:\/\/empcomms.com\/tr\/wp-json\/wp\/v2\/comments?post=17"}],"version-history":[{"count":16,"href":"https:\/\/empcomms.com\/tr\/wp-json\/wp\/v2\/pages\/17\/revisions"}],"predecessor-version":[{"id":1336,"href":"https:\/\/empcomms.com\/tr\/wp-json\/wp\/v2\/pages\/17\/revisions\/1336"}],"wp:attachment":[{"href":"https:\/\/empcomms.com\/tr\/wp-json\/wp\/v2\/media?parent=17"}],"curies":[{"name":"wp","href":"https:\/\/api.w.org\/{rel}","templated":true}]}}