{"id":14,"date":"2025-12-30T02:40:03","date_gmt":"2025-12-30T02:40:03","guid":{"rendered":"https:\/\/empcomms.com\/?page_id=14"},"modified":"2026-04-04T15:20:48","modified_gmt":"2026-04-04T11:20:48","slug":"international-exams","status":"publish","type":"page","link":"https:\/\/empcomms.com\/tr\/international-exams\/","title":{"rendered":"Uluslararas\u0131 S\u0131navlar"},"content":{"rendered":"\n<div class=\"wp-block-group has-global-padding is-layout-constrained wp-block-group-is-layout-constrained\">\n<div style=\"height:1rem\" aria-hidden=\"true\" class=\"wp-block-spacer\"><\/div>\n\n\n<h1 class=\"wp-block-heading\">Uluslararas\u0131 S\u0131navlar<\/h1>\n\n\n<div style=\"height:1rem\" aria-hidden=\"true\" class=\"wp-block-spacer\"><\/div>\n\n\n<div class=\"wp-block-group has-global-padding is-layout-constrained wp-block-group-is-layout-constrained\">\n<div class=\"wp-block-columns is-not-stacked-on-mobile is-layout-flex wp-container-core-columns-is-layout-28f84493 wp-block-columns-is-layout-flex\">\n<div class=\"wp-block-column is-layout-flow wp-block-column-is-layout-flow\" style=\"flex-basis:28%\">\n<figure class=\"wp-block-image size-full\"><img loading=\"lazy\" decoding=\"async\" width=\"2560\" height=\"970\" src=\"https:\/\/empcomms.com\/tr\/wp-content\/uploads\/2026\/01\/Toefl-scaled-e1769070899449.webp\" alt=\"\" class=\"wp-image-933\" style=\"aspect-ratio:1.85195992607723;object-fit:contain\" srcset=\"https:\/\/empcomms.com\/tr\/wp-content\/uploads\/2026\/01\/Toefl-scaled-e1769070899449.webp 2560w, https:\/\/empcomms.com\/tr\/wp-content\/uploads\/2026\/01\/Toefl-scaled-e1769070899449-300x114.webp 300w, https:\/\/empcomms.com\/tr\/wp-content\/uploads\/2026\/01\/Toefl-scaled-e1769070899449-1024x388.webp 1024w, https:\/\/empcomms.com\/tr\/wp-content\/uploads\/2026\/01\/Toefl-scaled-e1769070899449-768x291.webp 768w, https:\/\/empcomms.com\/tr\/wp-content\/uploads\/2026\/01\/Toefl-scaled-e1769070899449-1536x582.webp 1536w, https:\/\/empcomms.com\/tr\/wp-content\/uploads\/2026\/01\/Toefl-scaled-e1769070899449-2048x776.webp 2048w\" sizes=\"auto, (max-width: 2560px) 100vw, 2560px\" \/><\/figure>\n<\/div>\n\n\n<div class=\"wp-block-column is-vertically-aligned-center is-layout-flow wp-block-column-is-layout-flow\">\n<figure class=\"wp-block-image alignleft size-full is-resized\" style=\"margin-top:0px;margin-right:0;margin-bottom:0px;margin-left:0\"><img decoding=\"async\" src=\"https:\/\/empcomms.com\/tr\/wp-content\/uploads\/2026\/01\/ielts-e1769065672877.webp\" alt=\"\" class=\"wp-image-929\" style=\"aspect-ratio:3.4018727552591073;width:116px;height:auto\"\/><\/figure>\n<\/div>\n<\/div>\n<\/div>\n\n\n<div class=\"wp-block-columns are-vertically-aligned-center is-not-stacked-on-mobile is-layout-flex wp-container-core-columns-is-layout-28f84493 wp-block-columns-is-layout-flex\">\n<div class=\"wp-block-column is-vertically-aligned-center is-layout-flow wp-block-column-is-layout-flow\" style=\"flex-basis:28%\">\n<figure class=\"wp-block-image size-full\"><img loading=\"lazy\" decoding=\"async\" width=\"1024\" height=\"550\" src=\"https:\/\/empcomms.com\/tr\/wp-content\/uploads\/2026\/01\/Cambridge-english-logo-1024x550-1.webp\" alt=\"\" class=\"wp-image-885\" srcset=\"https:\/\/empcomms.com\/tr\/wp-content\/uploads\/2026\/01\/Cambridge-english-logo-1024x550-1.webp 1024w, https:\/\/empcomms.com\/tr\/wp-content\/uploads\/2026\/01\/Cambridge-english-logo-1024x550-1-300x161.webp 300w, https:\/\/empcomms.com\/tr\/wp-content\/uploads\/2026\/01\/Cambridge-english-logo-1024x550-1-768x413.webp 768w\" sizes=\"auto, (max-width: 1024px) 100vw, 1024px\" \/><\/figure>\n<\/div>\n\n\n<div class=\"wp-block-column is-vertically-aligned-center is-layout-flow wp-block-column-is-layout-flow\" style=\"flex-basis:66.66%\">\n<p class=\"has-text-color has-link-color has-poppins-font-family wp-elements-48217311ba0807d600039bd83f5e0914\" style=\"color:#0a083b;font-size:clamp(1.039rem, 1.039rem + ((1vw - 0.2rem) * 0.88), 1.6rem);line-height:1.6\">B1 Preliminary (PET)<\/p>\n<\/div>\n<\/div>\n\n\n<div class=\"wp-block-columns are-vertically-aligned-center is-not-stacked-on-mobile is-layout-flex wp-container-core-columns-is-layout-28f84493 wp-block-columns-is-layout-flex\">\n<div class=\"wp-block-column is-vertically-aligned-center is-layout-flow wp-block-column-is-layout-flow\" style=\"flex-basis:28%\">\n<figure class=\"wp-block-image aligncenter size-full\"><img loading=\"lazy\" decoding=\"async\" width=\"1024\" height=\"550\" src=\"https:\/\/empcomms.com\/tr\/wp-content\/uploads\/2026\/01\/Cambridge-english-logo-1024x550-1.webp\" alt=\"\" class=\"wp-image-885\" srcset=\"https:\/\/empcomms.com\/tr\/wp-content\/uploads\/2026\/01\/Cambridge-english-logo-1024x550-1.webp 1024w, https:\/\/empcomms.com\/tr\/wp-content\/uploads\/2026\/01\/Cambridge-english-logo-1024x550-1-300x161.webp 300w, https:\/\/empcomms.com\/tr\/wp-content\/uploads\/2026\/01\/Cambridge-english-logo-1024x550-1-768x413.webp 768w\" sizes=\"auto, (max-width: 1024px) 100vw, 1024px\" \/><\/figure>\n<\/div>\n\n\n<div class=\"wp-block-column is-vertically-aligned-center is-layout-flow wp-block-column-is-layout-flow\" style=\"flex-basis:66.66%\">\n<p class=\"has-text-color has-link-color has-poppins-font-family wp-elements-85535523bbf098213f2f54428b7e6552\" style=\"color:#0a083b;font-size:clamp(1.039rem, 1.039rem + ((1vw - 0.2rem) * 0.88), 1.6rem);line-height:1.6\">B2 First (FCE)<\/p>\n<\/div>\n<\/div>\n\n\n<div class=\"wp-block-columns are-vertically-aligned-center is-not-stacked-on-mobile is-layout-flex wp-container-core-columns-is-layout-28f84493 wp-block-columns-is-layout-flex\">\n<div class=\"wp-block-column is-vertically-aligned-center is-layout-flow wp-block-column-is-layout-flow\" style=\"flex-basis:28%\">\n<figure class=\"wp-block-image size-full\"><img loading=\"lazy\" decoding=\"async\" width=\"1024\" height=\"550\" src=\"https:\/\/empcomms.com\/tr\/wp-content\/uploads\/2026\/01\/Cambridge-english-logo-1024x550-1.webp\" alt=\"\" class=\"wp-image-885\" srcset=\"https:\/\/empcomms.com\/tr\/wp-content\/uploads\/2026\/01\/Cambridge-english-logo-1024x550-1.webp 1024w, https:\/\/empcomms.com\/tr\/wp-content\/uploads\/2026\/01\/Cambridge-english-logo-1024x550-1-300x161.webp 300w, https:\/\/empcomms.com\/tr\/wp-content\/uploads\/2026\/01\/Cambridge-english-logo-1024x550-1-768x413.webp 768w\" sizes=\"auto, (max-width: 1024px) 100vw, 1024px\" \/><\/figure>\n<\/div>\n\n\n<div class=\"wp-block-column is-vertically-aligned-center is-layout-flow wp-block-column-is-layout-flow\" style=\"flex-basis:66.66%\">\n<p class=\"has-text-color has-link-color has-poppins-font-family wp-elements-7e3f5d926ecd11b91d3598b17cb769d6\" style=\"color:#0a083b;font-size:clamp(1.039rem, 1.039rem + ((1vw - 0.2rem) * 0.88), 1.6rem);line-height:1.6\">C1 Advanced (CAE)<\/p>\n<\/div>\n<\/div>\n\n\n<div class=\"wp-block-columns is-not-stacked-on-mobile is-layout-flex wp-container-core-columns-is-layout-28f84493 wp-block-columns-is-layout-flex\">\n<div class=\"wp-block-column is-layout-flow wp-block-column-is-layout-flow\" style=\"flex-basis:28%\">\n<figure class=\"wp-block-image size-full\"><img loading=\"lazy\" decoding=\"async\" width=\"1024\" height=\"550\" src=\"https:\/\/empcomms.com\/tr\/wp-content\/uploads\/2026\/01\/Cambridge-english-logo-1024x550-1.webp\" alt=\"\" class=\"wp-image-885\" srcset=\"https:\/\/empcomms.com\/tr\/wp-content\/uploads\/2026\/01\/Cambridge-english-logo-1024x550-1.webp 1024w, https:\/\/empcomms.com\/tr\/wp-content\/uploads\/2026\/01\/Cambridge-english-logo-1024x550-1-300x161.webp 300w, https:\/\/empcomms.com\/tr\/wp-content\/uploads\/2026\/01\/Cambridge-english-logo-1024x550-1-768x413.webp 768w\" sizes=\"auto, (max-width: 1024px) 100vw, 1024px\" \/><\/figure>\n<\/div>\n\n\n<div class=\"wp-block-column is-vertically-aligned-center is-layout-flow wp-block-column-is-layout-flow\" style=\"flex-basis:66.66%\">\n<p class=\"has-text-color has-link-color has-poppins-font-family wp-elements-e30b5a527d21f974959c00e13d98cfd4\" style=\"color:#0a083b;font-size:clamp(1.076rem, 1.076rem + ((1vw - 0.2rem) * 0.932), 1.67rem);line-height:1.6\">C2 Proficiency (CPE)<\/p>\n<\/div>\n<\/div>\n<\/div>\n\n\n<h2 class=\"wp-block-heading\">Hedeflerine ula\u015fman i\u00e7in seni haz\u0131rl\u0131yoruz<\/h2>\n\n\n<div class=\"wp-block-group has-global-padding is-layout-constrained wp-block-group-is-layout-constrained\">\n<div class=\"wp-block-buttons is-layout-flex wp-block-buttons-is-layout-flex\">\n<div class=\"wp-block-button\"><a class=\"wp-block-button__link has-large-font-size has-custom-font-size wp-element-button\" href=\"https:\/\/tinyurl.com\/4nb3tnn9\" style=\"box-shadow:var(--wp--preset--shadow--natural)\">Google&#8217;da yorumlar\u0131 oku<\/a><\/div>\n<\/div>\n<\/div>\n\n\n<div style=\"height:1rem\" aria-hidden=\"true\" class=\"wp-block-spacer\"><\/div>\n\n\n<p class=\"has-text-color has-link-color has-poppins-font-family wp-elements-7ee28dd3f5d2bb6e2aa484e31dbad099\" style=\"color:#0a083b;font-size:clamp(0.875rem, 0.875rem + ((1vw - 0.2rem) * 0.667), 1.3rem);line-height:1.6\"><strong>Her s\u0131nav hakk\u0131nda k\u0131sa bir a\u00e7\u0131klama a\u015fa\u011f\u0131da yer almaktad\u0131r<\/strong><\/p>\n\n\n<details class=\"wp-block-details has-accent-4-color has-text-color has-link-color wp-elements-c695d1918149cd70af08ef2d48ee1583 is-layout-flow wp-block-details-is-layout-flow\"><summary>TOEFL<\/summary>\n<p class=\"has-text-color has-link-color has-poppins-font-family wp-elements-572f68ad830d17e62b3d4e4c618c2592\" style=\"color:#0a083b;font-size:clamp(0.875rem, 0.875rem + ((1vw - 0.2rem) * 0.667), 1.3rem);line-height:1.6\">160&#8217;tan fazla \u00fclkede 13.000&#8217;den fazla \u00fcniversite ve kurum taraf\u0131ndan kabul g\u00f6ren ve d\u00fcnya genelinde tercih edilen TOEFL iBT, e\u011fitim, i\u015f ve g\u00f6\u00e7 alanlar\u0131nda d\u00fcnyan\u0131n en prestijli \u0130ngilizce s\u0131nav\u0131d\u0131r.<\/p>\n\n\n<p><a href=\"https:\/\/www.ets.org\/toefl.html\">TOEFL resmi web sitesi<\/a><\/p>\n<\/details>\n\n\n<details class=\"wp-block-details has-accent-4-color has-text-color has-link-color wp-elements-a8ec059fea96075a310b939023d54249\"><summary><mark style=\"background-color:rgba(0, 0, 0, 0)\" class=\"has-inline-color has-accent-4-color is-layout-flow wp-block-details-is-layout-flow\">IELTS<strong> <\/strong><\/mark><\/summary>\n<p class=\"has-text-color has-link-color has-poppins-font-family wp-elements-9d0f220d220682a6d85072932c3ab690\" style=\"color:#0a083b;font-size:clamp(0.875rem, 0.875rem + ((1vw - 0.2rem) * 0.667), 1.3rem);line-height:1.6\">pek \u00e7ok e\u011fitim kurumu, i\u015fveren, mesleki kay\u0131t kurulu\u015fu ve devlet g\u00f6\u00e7 ajans\u0131, ba\u015fvuru veya i\u015fe al\u0131m s\u00fcre\u00e7lerinin bir par\u00e7as\u0131 olarak \u0130ngilizce yeterlili\u011finin belgelenmesini talep etmektedir. IELTS bu ama\u00e7lar i\u00e7in geni\u015f \u00e7apta kabul g\u00f6rmektedir.<br>IELTS, \u0130ngilizce&#8217;nin ileti\u015fim dili oldu\u011fu ortamlarda \u00e7al\u0131\u015fmak veya \u00f6\u011frenim g\u00f6rmek isteyen ki\u015filerin dil becerilerini \u00f6l\u00e7mek amac\u0131yla tasarlanm\u0131\u015ft\u0131r. Her y\u0131l milyonlarca s\u0131nav yap\u0131lmaktad\u0131r.<\/p>\n\n\n<p class=\"has-text-color has-link-color wp-elements-77581c0ffefb6c032d03295d9e721168\" style=\"color:#1a73e8\"><a href=\"https:\/\/ielts.org\/\" target=\"_blank\" rel=\"noreferrer noopener\">IELTS resmi web sitesi<\/a><\/p>\n<\/details>\n\n\n<details class=\"wp-block-details has-accent-4-color has-text-color has-link-color wp-elements-2f790fe5d0246a3de7cebcaba9442fd6 is-layout-flow wp-block-details-is-layout-flow\"><summary>B1 &#8211; Preliminary<\/summary>\n<p class=\"has-text-color has-link-color has-poppins-font-family wp-elements-dce96db5fb3bb52f60bdc67ac038d10d\" style=\"color:#0a083b;font-size:clamp(0.875rem, 0.875rem + ((1vw - 0.2rem) * 0.667), 1.3rem);line-height:1.6\">\u0130ngilizce temellerine h\u00e2kim oldu\u011funu ve g\u00fcnl\u00fck kullan\u0131m i\u00e7in pratik dil becerilerine sahip oldu\u011funu kan\u0131tlar.<br>Bu s\u0131nav, B2 First (FCE) sertifikas\u0131na giden \u00f6\u011frenme yolculu\u011funda mant\u0131kl\u0131 ilk ad\u0131md\u0131r.<\/p>\n\n\n<p class=\"has-text-color has-link-color wp-elements-8c3e9a30d9e59f4ed0a5e585ff84ffe1\" style=\"color:#1a73e8\"><a href=\"https:\/\/www.cambridgeenglish.org\/exams-and-tests\/qualifications\/preliminary\/\" target=\"_blank\" rel=\"noreferrer noopener\">B1 Preliminary resmi web sitesi<\/a><\/p>\n<\/details>\n\n\n<details class=\"wp-block-details has-accent-4-color has-text-color has-link-color wp-elements-55e9f7dc5a5bbc4a9fdb27218847ab5b is-layout-flow wp-block-details-is-layout-flow\"><summary>B2 &#8211; First<\/summary>\n<p class=\"has-text-color has-link-color has-poppins-font-family wp-elements-f3b9a41dd74a0ce5d180845df4e089c3\" style=\"color:#0a083b;font-size:clamp(0.875rem, 0.875rem + ((1vw - 0.2rem) * 0.667), 1.3rem);line-height:1.6\">\u0130ngilizce konu\u015fulan bir \u00fclkede ba\u011f\u0131ms\u0131z olarak ya\u015famak ve \u00e7al\u0131\u015fmak ya da \u0130ngilizce olarak verilen kurslarda \u00f6\u011frenim g\u00f6rmek i\u00e7in gereken dil becerilerine sahip oldu\u011funu kan\u0131tlar.<br>Bu s\u0131nav, B1 Preliminary ile C1 Advanced aras\u0131ndaki \u00f6\u011frenme yolculu\u011funda mant\u0131kl\u0131 ad\u0131md\u0131r.<\/p>\n\n\n<p class=\"has-text-color has-link-color wp-elements-fa770f11e2b7f392d90b82aa46cafcbe\" style=\"color:#1a73e8\"><a href=\"https:\/\/www.cambridgeenglish.org\/exams-and-tests\/qualifications\/first\/\" target=\"_blank\" rel=\"noreferrer noopener\">B2 First resmi web sitesi<\/a><\/p>\n<\/details>\n\n\n<details class=\"wp-block-details has-accent-4-color has-text-color has-link-color wp-elements-812b295bfde188a8d77dbdd2563364bd is-layout-flow wp-block-details-is-layout-flow\"><summary>C1 &#8211; Advanced<\/summary>\n<p class=\"has-text-color has-link-color has-poppins-font-family wp-elements-d1ba933fd01fd1e6890f05ac62897a23\" style=\"color:#0a083b;font-size:clamp(0.875rem, 0.875rem + ((1vw - 0.2rem) * 0.667), 1.3rem);line-height:1.6\">d\u00fcnya genelinde 9.000&#8217;den fazla e\u011fitim kurumu, \u015firket ve devlet kurulu\u015fu taraf\u0131ndan y\u00fcksek d\u00fczey \u0130ngilizce yeterlili\u011finin kan\u0131t\u0131 olarak kabul edilmektedir.<br>C1 Advanced haz\u0131rl\u0131\u011f\u0131, \u00f6\u011frencilerin \u0130ngilizce konu\u015fulan \u00fclkelerde e\u011fitim, i\u015f ve g\u00fcnl\u00fck ya\u015famdan en iyi \u015fekilde yararlanmalar\u0131n\u0131 sa\u011flayacak becerileri geli\u015ftirmelerine yard\u0131mc\u0131 olur.<br>Bu s\u0131nav, B2 First ile C2 Proficiency aras\u0131ndaki \u00f6\u011frenme yolculu\u011funda mant\u0131kl\u0131 ad\u0131md\u0131r.<\/p>\n\n\n<p class=\"has-text-color has-link-color wp-elements-a5265a1563f284f4c464b258875938ca\" style=\"color:#1a73e8\"><a href=\"https:\/\/www.cambridgeenglish.org\/exams-and-tests\/qualifications\/advanced\/\" target=\"_blank\" rel=\"noreferrer noopener\">C1 Advanced resmi web sitesi<\/a><\/p>\n<\/details>\n\n\n<details class=\"wp-block-details has-accent-4-color has-text-color has-link-color wp-elements-bcb34c96b0c4c495ea5d0bcd88019dcf is-layout-flow wp-block-details-is-layout-flow\"><summary>C2 &#8211; Proficiency<\/summary>\n<p class=\"has-text-color has-link-color has-poppins-font-family wp-elements-33eed0d03dd07dd4189e9184484aa312\" style=\"color:#0a083b;font-size:clamp(0.875rem, 0.875rem + ((1vw - 0.2rem) * 0.667), 1.3rem);line-height:1.6\">\u0130ngilizceye istisnai d\u00fczeyde h\u00e2kim oldu\u011funu d\u00fcnyaya kan\u0131tlar. Son derece yetkin bir \u0130ngilizce konu\u015fmac\u0131s\u0131n\u0131n ak\u0131c\u0131l\u0131\u011f\u0131 ve zarafetiyle ileti\u015fim kurabildi\u011fini g\u00f6sterir.<br>Bu s\u0131nava haz\u0131rlanmak ve ba\u015farmak, y\u00fcksek lisans veya doktora program\u0131 gibi \u00fcst d\u00fczey bir mesleki veya akademik ortamda \u00f6\u011frenim g\u00f6rmek ya da \u00e7al\u0131\u015fmak i\u00e7in gereken \u0130ngilizce d\u00fczeyine sahip oldu\u011fun anlam\u0131na gelir.<\/p>\n\n\n<p class=\"has-text-color has-link-color wp-elements-747d59230a657775139bee4a0f44c35d\" style=\"color:#1a73e8\"><a href=\"https:\/\/www.cambridgeenglish.org\/exams-and-tests\/qualifications\/proficiency\/\" target=\"_blank\" rel=\"noreferrer noopener\">C2 Proficiency resmi web sitesi<\/a><\/p>\n<\/details>\n\n\n<hr class=\"wp-block-separator has-alpha-channel-opacity\"\/>\n\n\n<h2 class=\"wp-block-heading has-text-align-left has-text-color has-link-color wp-elements-4e4ef435cc28b245e9fbfb5f05730068\" style=\"color:#ff0100;font-size:clamp(1.092rem, 1.092rem + ((1vw - 0.2rem) * 0.954), 1.7rem);\"><strong>Yasal uyar\u0131<\/strong><\/h2>\n\n\n<p class=\"is-style-text-annotation has-text-color has-link-color has-poppins-font-family wp-elements-2739a72130156e86663528bd48d4536c is-style-text-annotation--1\" style=\"color:#0a083b;font-size:clamp(0.875rem, 0.875rem + ((1vw - 0.2rem) * 0.196), 1rem);line-height:1.6\"><em>(a) Bu kurslar, \u00f6\u011frencileri her s\u0131nava haz\u0131rlamaya y\u00f6neliktir. \u00c7al\u0131\u015fma materyalleri, resmi s\u0131navlarda kullan\u0131lan i\u00e7eriklere dayanmaktad\u0131r. Paket, bir dizi pratik s\u0131nav i\u00e7ermekte olup bunlar\u0131n bir k\u0131sm\u0131, s\u0131nav kurulu\u015flar\u0131n\u0131n zaman zaman kamuoyuyla payla\u015ft\u0131\u011f\u0131 \u00f6nceki y\u0131llara ait tam resmi s\u0131navlar\u0131n kopyalar\u0131d\u0131r.<\/em><\/p>\n\n\n<p class=\"is-style-text-annotation has-text-color has-link-color has-poppins-font-family wp-elements-0c17938c515f2c6f5455fe3f3de5584f is-style-text-annotation--2\" style=\"color:#0a083b;font-size:clamp(0.875rem, 0.875rem + ((1vw - 0.2rem) * 0.196), 1rem);line-height:1.6\"><em>(b) Yaln\u0131zca Haz\u0131rl\u0131k Kurslar\u0131 sunmaktay\u0131z. <strong>S\u0131navlar\u0131 biz y\u00f6netmiyoruz; bu sorumluluk yaln\u0131zca s\u0131nav kurulu\u015flar\u0131na aittir.<\/strong> Ayr\u0131nt\u0131l\u0131 bilgiye yukar\u0131daki ba\u011flant\u0131lardan ula\u015fabilirsiniz. Bununla birlikte, sundu\u011fumuz hizmetlerin bir par\u00e7as\u0131 olarak s\u0131navlar\u0131n\u0131z\u0131 rezerve etmenize ek \u00fccret olmaks\u0131z\u0131n yard\u0131mc\u0131 olabiliriz.<\/em><\/p>\n\n\n<div style=\"height:100px\" aria-hidden=\"true\" class=\"wp-block-spacer\"><\/div>\n","protected":false},"excerpt":{"rendered":"<p>Uluslararas\u0131 \u0130ngilizce s\u0131navlar\u0131na haz\u0131rl\u0131k: IELTS, TOEFL ve Cambridge. S\u0131nav tekniklerine ve sonu\u00e7lara odaklanan \u00e7evrimi\u00e7i kurslar.<\/p>\n","protected":false},"author":1,"featured_media":0,"parent":0,"menu_order":0,"comment_status":"closed","ping_status":"closed","template":"page-no-title","meta":{"slim_seo":{"title":"Uluslararas\u0131 S\u0131navlar - Empirical Communication Solutions","description":"Uluslararas\u0131 \u0130ngilizce s\u0131navlar\u0131na haz\u0131rl\u0131k: IELTS, TOEFL ve Cambridge. S\u0131nav tekniklerine ve sonu\u00e7lara odaklanan \u00e7evrimi\u00e7i kurslar."},"footnotes":""},"class_list":["post-14","page","type-page","status-publish","hentry"],"_hostinger_reach_plugin_has_subscription_block":false,"_hostinger_reach_plugin_is_elementor":false,"_links":{"self":[{"href":"https:\/\/empcomms.com\/tr\/wp-json\/wp\/v2\/pages\/14","targetHints":{"allow":["GET"]}}],"collection":[{"href":"https:\/\/empcomms.com\/tr\/wp-json\/wp\/v2\/pages"}],"about":[{"href":"https:\/\/empcomms.com\/tr\/wp-json\/wp\/v2\/types\/page"}],"author":[{"embeddable":true,"href":"https:\/\/empcomms.com\/tr\/wp-json\/wp\/v2\/users\/1"}],"replies":[{"embeddable":true,"href":"https:\/\/empcomms.com\/tr\/wp-json\/wp\/v2\/comments?post=14"}],"version-history":[{"count":83,"href":"https:\/\/empcomms.com\/tr\/wp-json\/wp\/v2\/pages\/14\/revisions"}],"predecessor-version":[{"id":1338,"href":"https:\/\/empcomms.com\/tr\/wp-json\/wp\/v2\/pages\/14\/revisions\/1338"}],"wp:attachment":[{"href":"https:\/\/empcomms.com\/tr\/wp-json\/wp\/v2\/media?parent=14"}],"curies":[{"name":"wp","href":"https:\/\/api.w.org\/{rel}","templated":true}]}}