{"id":10,"date":"2025-12-30T02:40:50","date_gmt":"2025-12-30T02:40:50","guid":{"rendered":"https:\/\/empcomms.com\/?page_id=10"},"modified":"2026-04-04T15:30:48","modified_gmt":"2026-04-04T11:30:48","slug":"privacy-policy","status":"publish","type":"page","link":"https:\/\/empcomms.com\/tr\/privacy-policy\/","title":{"rendered":"Gizlilik Politikas\u0131"},"content":{"rendered":"\n<div style=\"height:2rem\" aria-hidden=\"true\" class=\"wp-block-spacer\"><\/div>\n\n\n<h2 class=\"wp-block-heading\">ECS Gizlilik Politikas\u0131<\/h2>\n\n\n<p><br>Bu gizlilik politikas\u0131, kurulu\u015fumuzun web sitemizi kulland\u0131\u011f\u0131n\u0131zda toplad\u0131\u011f\u0131 ki\u015fisel verileri nas\u0131l i\u015fledi\u011fini a\u00e7\u0131klamaktad\u0131r.<\/p>\n\n\n<p>Konular:<\/p>\n\n\n<ul class=\"wp-block-list\">\n<li><a href=\"#data-we-collect\">Hangi verileri topluyoruz?<\/a><\/li>\n\n\n<li><a href=\"#contact-and-enquiry\">\u0130leti\u015fim ve talep formlar\u0131<\/a><\/li>\n\n\n<li><a href=\"#how-we-collect\">Verilerinizi nas\u0131l topluyoruz?<\/a><\/li>\n\n\n<li><a href=\"#use-your-data\">Verilerinizi nas\u0131l kullanaca\u011f\u0131z?<\/a><\/li>\n\n\n<li><a href=\"#marketing\">Pazarlama<\/a><\/li>\n\n\n<li><a href=\"#data-protection\">Veri koruma haklar\u0131n\u0131z nelerdir?<\/a><\/li>\n\n\n<li><a href=\"#cookies\">\u00c7erez nedir?<\/a><\/li>\n\n\n<li><a href=\"#what-cookies\">Hangi t\u00fcr \u00e7erezleri kullan\u0131yoruz?<\/a><\/li>\n\n\n<li><a href=\"#manage-cookies\">\u00c7erezlerinizi nas\u0131l y\u00f6netebilirsiniz<\/a><\/li>\n\n\n<li><a href=\"#changes\">Gizlilik politikam\u0131zdaki de\u011fi\u015fiklikler<\/a><\/li>\n\n\n<li><a href=\"#contact\">Bize nas\u0131l ula\u015fabilirsiniz<\/a><\/li>\n\n\n<li><a href=\"#authority\">Yetkili makamlarla nas\u0131l ileti\u015fime ge\u00e7ebilirsiniz<\/a><\/li>\n<\/ul>\n\n\n<hr class=\"wp-block-separator has-alpha-channel-opacity\"\/>\n\n\n<h3 class=\"wp-block-heading\" id=\"data-we-collect\">Hangi verileri topluyoruz?<\/h3>\n\n\n<p>A\u015fa\u011f\u0131daki verileri topluyoruz:<br>Ki\u015fisel tan\u0131mlama bilgileri (ad, e-posta adresi, telefon numaras\u0131 vb.)<\/p>\n\n\n<hr class=\"wp-block-separator has-alpha-channel-opacity\"\/>\n\n\n<h3 class=\"wp-block-heading\" id=\"contact-and-enquiry\">\u0130leti\u015fim ve talep formlar\u0131<\/h3>\n\n\n<p>Bu web sitesindeki formlar arac\u0131l\u0131\u011f\u0131yla bizimle ileti\u015fime ge\u00e7ti\u011finizde, ad\u0131n\u0131z, e-posta adresiniz ve mesaj\u0131n\u0131z\u0131n i\u00e7eri\u011fi gibi payla\u015fmay\u0131 tercih etti\u011finiz bilgileri topluyoruz. Bu bilgiler yaln\u0131zca taleplerinizi yan\u0131tlamak, talep etti\u011finiz hizmetleri sunmak veya ba\u015fvurunuzla ilgili sizinle ileti\u015fime ge\u00e7mek amac\u0131yla toplanmaktad\u0131r.<\/p>\n\n\n<p>G\u00fcvenlik ve spam \u00f6nleme amac\u0131yla, form g\u00f6nderimi s\u0131ras\u0131nda IP adresi gibi s\u0131n\u0131rl\u0131 teknik bilgiler ge\u00e7ici olarak kaydedilebilir. Form g\u00f6nderimlerini otomatik pazarlama i\u00e7in kullanm\u0131yor; bu verileri ticari ama\u00e7larla \u00fc\u00e7\u00fcnc\u00fc taraflarla satm\u0131yor ya da payla\u015fm\u0131yoruz.<\/p>\n\n\n<hr class=\"wp-block-separator has-alpha-channel-opacity\"\/>\n\n\n<h3 class=\"wp-block-heading\" id=\"how-we-collect\">Verilerinizi nas\u0131l topluyoruz?<\/h3>\n\n\n<p>Toplad\u0131\u011f\u0131m\u0131z verilerin b\u00fcy\u00fck \u00e7o\u011funlu\u011funu do\u011frudan siz Empirical Communication Solutions&#8217;a sa\u011flamaktas\u0131n\u0131z.<\/p>\n\n\n<p>A\u015fa\u011f\u0131daki durumlarda veri topluyoruz ve i\u015fliyoruz:<br><\/p>\n\n\n<ul class=\"wp-block-list\">\n<li>\u00dcr\u00fcn veya hizmetlerimizden herhangi biri i\u00e7in \u00e7evrimi\u00e7i kay\u0131t yapt\u0131rd\u0131\u011f\u0131n\u0131zda veya sipari\u015f verdi\u011finizde.<\/li>\n\n\n<li>G\u00f6n\u00fcll\u00fc olarak bir m\u00fc\u015fteri anketi doldurdu\u011funuzda veya forumlar\u0131m\u0131zda, bloglar\u0131m\u0131zda ya da e-posta yoluyla yorum b\u0131rakt\u0131\u011f\u0131n\u0131zda.<\/li>\n\n\n<li>Taray\u0131c\u0131 \u00e7erezleri arac\u0131l\u0131\u011f\u0131yla web sitemizi kulland\u0131\u011f\u0131n\u0131zda veya ziyaret etti\u011finizde.<\/li>\n\n\n<li>\u015eirketimiz verilerinizi a\u015fa\u011f\u0131daki kaynaklardan dolayl\u0131 olarak da alabilir:<\/li>\n<\/ul>\n\n\n<div class=\"wp-block-group has-global-padding is-layout-constrained wp-block-group-is-layout-constrained\">\n<div class=\"wp-block-group is-layout-flow wp-block-group-is-layout-flow\" style=\"padding-right:1.2rem;padding-left:1.2rem\">\n<ul class=\"wp-block-list\">\n<li>Google<\/li>\n\n\n<li class=\"has-accent-4-color has-text-color has-link-color wp-elements-37da3bd3b8727829a5e615ca18d3d5c5\" style=\"margin-right:1.5rem;margin-left:1.5rem\"><a href=\"https:\/\/policies.google.com\/privacy\" target=\"_blank\" rel=\"noreferrer noopener\"><mark style=\"background-color:rgba(0, 0, 0, 0);color:#1a73e8\" class=\"has-inline-color\">Google Analytics Gizlilik Politikas\u0131n\u0131 g\u00f6r\u00fcnt\u00fcle<\/mark><\/a><\/li>\n<\/ul>\n\n\n<ul class=\"wp-block-list\">\n<li>Meta<\/li>\n\n\n<li class=\"has-accent-4-color has-text-color has-link-color wp-elements-6741137d347b4d679faa713dc92a17aa\" style=\"margin-right:1.5rem;margin-left:1.5rem\"><a href=\"https:\/\/www.facebook.com\/privacy\/policy\/?locale=en_US\" target=\"_blank\" rel=\"noreferrer noopener\"><mark style=\"background-color:rgba(0, 0, 0, 0);color:#1a73e8\" class=\"has-inline-color\">Meta Gizlilik Politikas\u0131n\u0131 g\u00f6r\u00fcnt\u00fcle<\/mark><\/a><\/li>\n<\/ul>\n\n\n<ul class=\"wp-block-list\">\n<li>PayPal<\/li>\n\n\n<li class=\"has-accent-4-color has-text-color has-link-color wp-elements-dfc40b5fec8fb3a3efb80e714dc7219d\" style=\"margin-right:1.5rem;margin-left:1.5rem;padding-top:0;padding-bottom:0\"><a href=\"https:\/\/www.paypal.com\/legalhub\/paypal\/privacy-full?locale.x=en_US\" target=\"_blank\" rel=\"noreferrer noopener\"><mark style=\"background-color:rgba(0, 0, 0, 0);color:#1a73e8\" class=\"has-inline-color\">PayPal Gizlilik Politikas\u0131n\u0131 g\u00f6r\u00fcnt\u00fcle<\/mark><\/a><\/li>\n\n\n<li style=\"padding-top:0.5rem;padding-bottom:0rem\">Wise (eski ad\u0131yla Transfer Wise)<\/li>\n\n\n<li style=\"margin-right:1.5rem;margin-left:1.5rem\"><a href=\"https:\/\/wise.com\/gb\/legal\/privacy-policy\" target=\"_blank\" rel=\"noreferrer noopener\"><mark style=\"background-color:rgba(0, 0, 0, 0);color:#1a73e8\" class=\"has-inline-color\">Wise Gizlilik Politikas\u0131n\u0131 g\u00f6r\u00fcnt\u00fcle<\/mark><\/a><\/li>\n<\/ul>\n\n\n<ul class=\"wp-block-list\">\n<li><\/li>\n<\/ul>\n<\/div>\n<\/div>\n\n\n<hr class=\"wp-block-separator has-alpha-channel-opacity\"\/>\n\n\n<h3 class=\"wp-block-heading\" id=\"use-your-data\">Verilerinizi nas\u0131l kullanaca\u011f\u0131z?<\/h3>\n\n\n<p>Verilerinizi \u015fu ama\u00e7larla topluyoruz:<\/p>\n\n\n<ul class=\"wp-block-list\">\n<li>Sipari\u015finizi i\u015flemek ve hesab\u0131n\u0131z\u0131 y\u00f6netmek.<\/li>\n\n\n<li>\u0130lginizi \u00e7ekebilece\u011fini d\u00fc\u015f\u00fcnd\u00fc\u011f\u00fcm\u00fcz di\u011fer \u00fcr\u00fcn ve hizmetlere ili\u015fkin \u00f6zel teklifleri e-posta yoluyla iletmek.<\/li>\n\n\n<li>WhatsApp veya telefon arac\u0131l\u0131\u011f\u0131yla sizinle ileti\u015fime ge\u00e7mek. Di\u011fer sosyal medya platformlar\u0131 veya mesajla\u015fma uygulamalar\u0131 \u00fczerinden de ileti\u015fime ge\u00e7ebiliriz.<\/li>\n<\/ul>\n\n\n<hr class=\"wp-block-separator has-alpha-channel-opacity\"\/>\n\n\n<h3 class=\"wp-block-heading\" id=\"marketing\">Pazarlama<\/h3>\n\n\n<ul class=\"wp-block-list\">\n<li>Bize bir talep iletmedik\u00e7e, bunu bizden talep etmedik\u00e7e veya kurslar\u0131m\u0131za ya da di\u011fer \u00fcr\u00fcnlerimize abone olmad\u0131k\u00e7a ya da sat\u0131n almad\u0131k\u00e7a sizinle ileti\u015fime ge\u00e7meyece\u011fiz. Ayr\u0131ca istenmeyen pazarlama materyali g\u00f6ndermeyece\u011fiz.<\/li>\n\n\n<li>Verilerinizi a\u00e7\u0131k\u00e7a pazarlama amac\u0131yla \u00fc\u00e7\u00fcnc\u00fc taraflarla payla\u015fmayaca\u011f\u0131z; ancak ba\u015fkalar\u0131n\u0131n bizden ald\u0131klar\u0131 bilgilerle ne yapaca\u011f\u0131n\u0131 denetleyemeyiz.<\/li>\n<\/ul>\n\n\n<hr class=\"wp-block-separator has-alpha-channel-opacity\"\/>\n\n\n<h3 class=\"wp-block-heading\" id=\"data-protection\">Veri koruma haklar\u0131n\u0131z nelerdir?<\/h3>\n\n\n<p>Veri koruma haklar\u0131n\u0131z hakk\u0131nda tam olarak bilgilendirilmenizi sa\u011flamak istiyoruz. Her kullan\u0131c\u0131n\u0131n a\u015fa\u011f\u0131daki haklar\u0131 bulunmaktad\u0131r:<\/p>\n\n\n<ul class=\"wp-block-list\">\n<li>Eri\u015fim hakk\u0131 \u2014 Ki\u015fisel verilerinizin kopyalar\u0131n\u0131 talep etme hakk\u0131na sahipsiniz.<\/li>\n\n\n<li>D\u00fczeltme hakk\u0131 \u2014 Yanl\u0131\u015f oldu\u011funu d\u00fc\u015f\u00fcnd\u00fc\u011f\u00fcn\u00fcz bilgilerin d\u00fczeltilmesini talep etme hakk\u0131na sahipsiniz. Ayr\u0131ca eksik veya hatal\u0131 oldu\u011funu d\u00fc\u015f\u00fcnd\u00fc\u011f\u00fcn\u00fcz bilgilerin tamamlanmas\u0131n\u0131 ya da de\u011fi\u015ftirilmesini de talep edebilirsiniz.<\/li>\n\n\n<li>Silme hakk\u0131 \u2014 Ki\u015fisel verilerinizin silinmesini talep etme hakk\u0131na sahipsiniz.<\/li>\n\n\n<li>\u0130\u015flemeyi k\u0131s\u0131tlama hakk\u0131 \u2014 Belirli ko\u015fullar alt\u0131nda ki\u015fisel verilerinizin i\u015flenmesini k\u0131s\u0131tlamam\u0131z\u0131 talep etme hakk\u0131na sahipsiniz.<\/li>\n\n\n<li>\u0130tiraz hakk\u0131 \u2014 Ki\u015fisel verilerinizin taraf\u0131m\u0131zca i\u015flenmesine itiraz etme hakk\u0131na sahipsiniz.<\/li>\n\n\n<li>Veri ta\u015f\u0131nabilirli\u011fi hakk\u0131 \u2014 Toplad\u0131\u011f\u0131m\u0131z verilerin ba\u015fka bir kurulu\u015fa veya do\u011frudan size aktar\u0131lmas\u0131n\u0131 talep etme hakk\u0131na sahipsiniz.<\/li>\n<\/ul>\n\n\n<p>Bir talepte bulunman\u0131z halinde 30 g\u00fcn i\u00e7inde yan\u0131t verece\u011fiz.<\/p>\n\n\n<p>Bu haklardan herhangi birini kullanmak isterseniz l\u00fctfen a\u015fa\u011f\u0131daki e-posta adresinden bizimle ileti\u015fime ge\u00e7in:<\/p>\n\n\n<p><a href=\"mailto:info@empcomms.com\"><mark style=\"background-color:rgba(0, 0, 0, 0);color:#1a73e8\" class=\"has-inline-color\">info@empcomms.com<\/mark><\/a><\/p>\n\n\n<p>veya bizi aray\u0131n: +995 593 320 288<\/p>\n\n\n<hr class=\"wp-block-separator has-alpha-channel-opacity\"\/>\n\n\n<h3 class=\"wp-block-heading\" id=\"cookies\">\u00c7erez nedir?<\/h3>\n\n\n<p>\u00c7erezler, standart internet g\u00fcnl\u00fck bilgilerini ve ziyaret\u00e7i davran\u0131\u015f\u0131na ili\u015fkin verileri toplamak amac\u0131yla cihaz\u0131n\u0131za yerle\u015ftirilen metin dosyalar\u0131d\u0131r. Web sitemizi ziyaret etti\u011finizde, \u00e7erezler veya benzer teknolojiler arac\u0131l\u0131\u011f\u0131yla sizden otomatik olarak bilgi toplayabiliriz.<\/p>\n\n\n<p>Daha fazla bilgi i\u00e7in \u015fu adresi ziyaret edin: <a href=\"https:\/\/allaboutcookies.org\"><mark style=\"background-color:rgba(0, 0, 0, 0);color:#1a73e8\" class=\"has-inline-color\">https:\/\/allaboutcookies.org<\/mark><\/a><\/p>\n\n\n<hr class=\"wp-block-separator has-alpha-channel-opacity\"\/>\n\n\n<h3 class=\"wp-block-heading\" id=\"what-cookies\">Hangi t\u00fcr \u00e7erezleri kullan\u0131yoruz?<\/h3>\n\n\n<p>Bir\u00e7ok \u00e7erez t\u00fcr\u00fc mevcuttur; ancak web sitemiz a\u015fa\u011f\u0131dakileri kullanmaktad\u0131r:<\/p>\n\n\n<ul class=\"wp-block-list\">\n<li><strong>\u0130\u015flevsellik<\/strong> \u2014 Bu \u00e7erezleri, sizi web sitemizde tan\u0131mak ve tercih etti\u011finiz dil ile konumunuz gibi daha \u00f6nce se\u00e7ti\u011finiz ayarlar\u0131 hat\u0131rlamak i\u00e7in kullan\u0131yoruz. Birinci taraf ve \u00fc\u00e7\u00fcnc\u00fc taraf \u00e7erezlerinin bir kombinasyonu kullan\u0131lmaktad\u0131r.<\/li>\n\n\n<li><strong>Analitik \u00e7erezler:<\/strong> Ziyaret etti\u011finiz sayfalar ve sitede ge\u00e7irdi\u011finiz s\u00fcre dahil olmak \u00fczere web sitemizi nas\u0131l kulland\u0131\u011f\u0131n\u0131za ili\u015fkin bilgi toplamak i\u00e7in Google Analytics kullan\u0131yoruz. Bu veriler, site performans\u0131m\u0131z\u0131 iyile\u015ftirmemize yard\u0131mc\u0131 olmak amac\u0131yla toplu ve anonim bi\u00e7imde toplanmaktad\u0131r. Google&#8217;\u0131n bu verileri nas\u0131l y\u00f6netti\u011fi hakk\u0131nda daha fazla bilgiye \u015fu adresten ula\u015fabilirsiniz: <a href=\"https:\/\/www.google.com\/policies\/privacy\/partners\/.\"><mark style=\"background-color:rgba(0, 0, 0, 0);color:#1a73e8\" class=\"has-inline-color\">https:\/\/www.google.com\/policies\/privacy\/partners\/<\/mark>.<\/a><\/li>\n\n\n<li><strong>Sosyal medya reklamc\u0131l\u0131\u011f\u0131:<\/strong> Zaman zaman reklam g\u00f6stermek i\u00e7in Meta&#8217;y\u0131 (Facebook ve Instagram) kullan\u0131yoruz. Bu reklamlar tamamen Meta&#8217;n\u0131n platformlar\u0131nda y\u00f6netilmektedir; <strong>bu web sitesini ziyaretinize ili\u015fkin hi\u00e7bir ki\u015fisel bilgi do\u011frudan Meta ile payla\u015f\u0131lmamaktad\u0131r.<\/strong> Sosyal medyadaki reklamlar\u0131m\u0131zla etkile\u015fime girerseniz Meta, reklam\u0131n etkinli\u011fini \u00f6l\u00e7mek amac\u0131yla kendi \u00e7erezlerini kullanabilir. Meta&#8217;n\u0131n gizlilik politikas\u0131n\u0131n tamam\u0131n\u0131 \u015fu adreste okuyabilirsiniz: <a href=\"https:\/\/www.facebook.com\/privacy\/policy\/?locale=en_US\" target=\"_blank\" rel=\"noreferrer noopener\"><mark style=\"background-color:rgba(0, 0, 0, 0);color:#1a73e8\" class=\"has-inline-color\">https:\/\/www.facebook.com\/privacy\/policy\/<\/mark><\/a> ve reklam tercihlerinizi Facebook veya Instagram hesab\u0131n\u0131z\u0131n ayarlar\u0131ndan y\u00f6netebilirsiniz.<\/li>\n\n\n<li><strong>\u00d6deme i\u015fleme (PayPal):<\/strong> \u00c7evrimi\u00e7i \u00f6deme yapman\u0131z halinde \u00f6demeleri i\u015flemek i\u00e7in PayPal&#8217;\u0131 kullanabilirsiniz. \u00d6deme s\u0131ras\u0131nda PayPal, i\u015fleminizi g\u00fcvence alt\u0131na almak, sahtecili\u011fi \u00f6nlemek ve oturum a\u00e7ma durumunuzu hat\u0131rlamak amac\u0131yla \u00e7erezler ve di\u011fer teknolojileri kullanabilir. <strong>PayPal, verilerinizin ba\u011f\u0131ms\u0131z bir veri sorumlusu olarak hareket etmektedir; tam finansal verilerinizi bizimle payla\u015fmamaktad\u0131r.<\/strong> PayPal&#8217;\u0131n uygulamalar\u0131 hakk\u0131nda bilgi edinmek i\u00e7in PayPal Gizlilik Bildirimi&#8217;ni \u015fu adreste inceleyebilirsiniz: <a href=\"https:\/\/www.paypal.com\/legalhub\/paypal\/privacy-full?locale.x=en_US\" target=\"_blank\" rel=\"noreferrer noopener\"><mark style=\"background-color:rgba(0, 0, 0, 0);color:#1a73e8\" class=\"has-inline-color\">https:\/\/www.paypal.com\/privacy\/policy\/<\/mark><\/a><br>ve ayarlar\u0131n\u0131z\u0131 PayPal hesab\u0131n\u0131z \u00fczerinden y\u00f6netebilirsiniz.<\/li>\n\n\n<li><strong>\u00d6deme i\u015fleme (Wise):<\/strong> \u00d6demeleri ve transferleri kolayla\u015ft\u0131rmak i\u00e7in Wise&#8217;\u0131 kullan\u0131yoruz. Bir i\u015flemi tamamlamak ve g\u00fcvenli\u011fi sa\u011flamak amac\u0131yla Wise, kimli\u011finizi do\u011frulamak ve sahtecili\u011fi \u00f6nlemek i\u00e7in \u00e7erezler ve benzer teknolojiler kullanabilir. <strong>Wise, verilerinizin ba\u011f\u0131ms\u0131z bir veri sorumlusu olarak hareket etmektedir; tam banka bilgilerinizi veya hassas finansal kimlik bilgilerinizi bizimle payla\u015fmamaktad\u0131r.<\/strong> Verilerinizi nas\u0131l koruduklar\u0131na ili\u015fkin ayr\u0131nt\u0131l\u0131 bilgiye Wise Gizlilik Politikas\u0131&#8217;nda ula\u015fabilirsiniz: <a href=\"https:\/\/wise.com\/privacy-policy\" target=\"_blank\" rel=\"noreferrer noopener\"><mark style=\"background-color:rgba(0, 0, 0, 0);color:#1a73e8\" class=\"has-inline-color\">https:\/\/wise.com\/privacy-policy<\/mark><\/a> ve gizlilik ayarlar\u0131n\u0131z\u0131 Wise hesab\u0131n\u0131z \u00fczerinden y\u00f6netebilirsiniz.<\/li>\n<\/ul>\n\n\n<p>Bu, ba\u015fka bir web sitesini ziyaret etti\u011finizde sitemizde gezinme al\u0131\u015fkanl\u0131klar\u0131n\u0131za dayal\u0131 reklamlarla kar\u015f\u0131la\u015fabilece\u011finiz anlam\u0131na gelmektedir.<\/p>\n\n\n<hr class=\"wp-block-separator has-alpha-channel-opacity\"\/>\n\n\n<h3 class=\"wp-block-heading\" id=\"manage-cookies\">\u00c7erezlerinizi nas\u0131l y\u00f6netebilirsiniz<\/h3>\n\n\n<p>Taray\u0131c\u0131n\u0131z\u0131 \u00e7erezleri kabul etmeyecek \u015fekilde ayarlayabilirsiniz; yukar\u0131da belirtilen web sitesi, \u00e7erezleri taray\u0131c\u0131n\u0131zdan nas\u0131l silece\u011finizi g\u00f6stermektedir. Ancak baz\u0131 durumlarda web sitemizin belirli \u00f6zellikleri bunun sonucunda d\u00fczg\u00fcn \u00e7al\u0131\u015fmayabilir.<br>Di\u011fer web sitelerinin gizlilik politikalar\u0131: Empirical Communication Solutions web sitesi, di\u011fer sitelere ba\u011flant\u0131lar i\u00e7ermektedir. Gizlilik politikam\u0131z yaln\u0131zca kendi web sitemiz i\u00e7in ge\u00e7erlidir; bu nedenle ba\u015fka bir siteye ba\u011flant\u0131ya t\u0131klaman\u0131z halinde o sitenin gizlilik politikas\u0131n\u0131 okuman\u0131z\u0131 tavsiye ederiz.<\/p>\n\n\n<p>Google Analytics&#8217;in t\u00fcm web sitelerinde sizi izlemesini durdurmak i\u00e7in Google Analytics devre d\u0131\u015f\u0131 b\u0131rakma sayfas\u0131n\u0131 ziyaret edebilirsiniz: <a href=\"https:\/\/support.google.com\/analytics\/answer\/181881?hl=en\"><mark style=\"background-color:rgba(0, 0, 0, 0);color:#1a73e8\" class=\"has-inline-color\">https:\/\/tools.google.com\/dlpage\/gaoptout.<\/mark><\/a><\/p>\n\n\n<hr class=\"wp-block-separator has-alpha-channel-opacity\"\/>\n\n\n<h3 class=\"wp-block-heading\" id=\"changes\">Gizlilik politikam\u0131zdaki de\u011fi\u015fiklikler<\/h3>\n\n\n<p>\u015eirketimiz gizlilik politikas\u0131n\u0131 d\u00fczenli olarak g\u00f6zden ge\u00e7irmekte ve t\u00fcm g\u00fcncellemeleri bu sayfada yay\u0131mlamaktad\u0131r.<br>Bu gizlilik politikas\u0131 en son 25 Eyl\u00fcl 2024 tarihinde g\u00fcncellenmi\u015ftir.<\/p>\n\n\n<hr class=\"wp-block-separator has-alpha-channel-opacity\"\/>\n\n\n<h3 class=\"wp-block-heading\" id=\"contact\">Bize nas\u0131l ula\u015fabilirsiniz<\/h3>\n\n\n<p>\u015eirketimizin gizlilik politikas\u0131, hakk\u0131n\u0131zda tuttu\u011fumuz veriler veya veri koruma haklar\u0131n\u0131zdan herhangi birini kullanmak istemeniz hakk\u0131nda sorular\u0131n\u0131z varsa l\u00fctfen bizimle ileti\u015fime ge\u00e7mekten \u00e7ekinmeyin.<br><br>Bize yaz\u0131n:<\/p>\n\n\n<p><a href=\"mailto:info@empcomms.com\"><mark style=\"background-color:rgba(0, 0, 0, 0);color:#1a73e8\" class=\"has-inline-color\">info@empcomms.com<\/mark><\/a><\/p>\n\n\n<p>veya bizi aray\u0131n: +995 593 320 288<\/p>\n\n\n<hr class=\"wp-block-separator has-alpha-channel-opacity\"\/>\n\n\n<h3 class=\"wp-block-heading\" id=\"authority\">Yetkili makamlarla nas\u0131l ileti\u015fime ge\u00e7ebilirsiniz<\/h3>\n\n\n<p>\u015eikayette bulunmak isterseniz veya Empirical Communication Solutions&#8217;\u0131n endi\u015felerinizi tatmin edici bi\u00e7imde ele almad\u0131\u011f\u0131n\u0131 d\u00fc\u015f\u00fcn\u00fcyorsan\u0131z G\u00fcrcistan Ki\u015fisel Verilerin Korunmas\u0131 Servisi ile ileti\u015fime ge\u00e7ebilirsiniz.<\/p>\n\n\n<p>E-posta: <a href=\"mailto:office@pdps.ge\"><mark style=\"background-color:rgba(0, 0, 0, 0);color:#1a73e8\" class=\"has-inline-color\">office@pdps.ge<\/mark><\/a><br>Telefon: +995 32 242 1000<\/p>\n\n\n<p>Ki\u015fisel Verilerin Korunmas\u0131 Servisi<br>Vachnadze Caddesi 7<br>0105 Tiflis<br>G\u00fcrcistan<\/p>\n\n\n<p>Ki\u015fisel Verilerin Korunmas\u0131 Servisi<br>Bak\u00fc Caddesi 48<br>6010 Batum<br>G\u00fcrcistan<\/p>\n\n\n<div style=\"height:100px\" aria-hidden=\"true\" class=\"wp-block-spacer\"><\/div>\n\n\n<p class=\"is-style-text-annotation has-text-color has-link-color has-small-font-size wp-elements-60aae33a657727fb07a880d862999f19 is-style-text-annotation--1\" style=\"color:#6b7280\">Empirical Communication Solutions, G\u00fcrcistan Cumhuriyeti&#8217;nde usul\u00fcne uygun olarak tescil edilmi\u015f bir \u015firkettir: Sertifika No. 005 &#8211; 006797 \u2022 Ki\u015fisel No. 304725572 \u2022 rs.ge ID 33345062<\/p>\n\n\n<div style=\"height:100px\" aria-hidden=\"true\" class=\"wp-block-spacer\"><\/div>\n","protected":false},"excerpt":{"rendered":"<p>Ki\u015fisel verilerinizin y\u00fcr\u00fcrl\u00fckteki veri koruma mevzuat\u0131 \u00e7er\u00e7evesinde nas\u0131l topland\u0131\u011f\u0131, kullan\u0131ld\u0131\u011f\u0131, sakland\u0131\u011f\u0131 ve korundu\u011funa ili\u015fkin gizlilik politikas\u0131.<\/p>\n","protected":false},"author":1,"featured_media":0,"parent":0,"menu_order":0,"comment_status":"closed","ping_status":"closed","template":"page-no-title","meta":{"slim_seo":{"title":"Gizlilik Politikas\u0131 - Empirical Communication Solutions","description":"Ki\u015fisel verilerinizin y\u00fcr\u00fcrl\u00fckteki veri koruma mevzuat\u0131 \u00e7er\u00e7evesinde nas\u0131l topland\u0131\u011f\u0131, kullan\u0131ld\u0131\u011f\u0131, sakland\u0131\u011f\u0131 ve korundu\u011funa ili\u015fkin gizlilik politikas\u0131."},"footnotes":""},"class_list":["post-10","page","type-page","status-publish","hentry"],"_hostinger_reach_plugin_has_subscription_block":false,"_hostinger_reach_plugin_is_elementor":false,"_links":{"self":[{"href":"https:\/\/empcomms.com\/tr\/wp-json\/wp\/v2\/pages\/10","targetHints":{"allow":["GET"]}}],"collection":[{"href":"https:\/\/empcomms.com\/tr\/wp-json\/wp\/v2\/pages"}],"about":[{"href":"https:\/\/empcomms.com\/tr\/wp-json\/wp\/v2\/types\/page"}],"author":[{"embeddable":true,"href":"https:\/\/empcomms.com\/tr\/wp-json\/wp\/v2\/users\/1"}],"replies":[{"embeddable":true,"href":"https:\/\/empcomms.com\/tr\/wp-json\/wp\/v2\/comments?post=10"}],"version-history":[{"count":40,"href":"https:\/\/empcomms.com\/tr\/wp-json\/wp\/v2\/pages\/10\/revisions"}],"predecessor-version":[{"id":1344,"href":"https:\/\/empcomms.com\/tr\/wp-json\/wp\/v2\/pages\/10\/revisions\/1344"}],"wp:attachment":[{"href":"https:\/\/empcomms.com\/tr\/wp-json\/wp\/v2\/media?parent=10"}],"curies":[{"name":"wp","href":"https:\/\/api.w.org\/{rel}","templated":true}]}}