{"id":89,"date":"2026-01-01T19:27:57","date_gmt":"2026-01-01T19:27:57","guid":{"rendered":"https:\/\/empcomms.com\/?page_id=89"},"modified":"2026-03-29T21:45:05","modified_gmt":"2026-03-29T17:45:05","slug":"the-internationality-of-the-english-language","status":"publish","type":"page","link":"https:\/\/empcomms.com\/es\/the-internationality-of-the-english-language\/","title":{"rendered":"La internacionalidad del idioma ingl\u00e9s"},"content":{"rendered":"\n<div style=\"height:4rem\" aria-hidden=\"true\" class=\"wp-block-spacer\"><\/div>\n\n\n\n<h2 class=\"wp-block-heading\">La internacionalidad del idioma ingl\u00e9s<\/h2>\n\n\n\n<p><em>La informaci\u00f3n estad\u00edstica actualizada para principios de 2026 muestra una tendencia al alza sostenida en el alcance global del idioma ingl\u00e9s:<\/em><\/p>\n\n\n\n<ul class=\"wp-block-list is-style-arrow-list\">\n<li><mark style=\"background-color:rgba(0, 0, 0, 0)\" class=\"has-inline-color has-contrast-color\"><strong>Total de hablantes:<\/strong>&nbsp;<\/mark>Estimaciones recientes basadas en datos de Ethnologue y el British Council indican que aproximadamente&nbsp;<strong>1.530 millones<\/strong>&nbsp;de personas en todo el mundo hablan ingl\u00e9s en alg\u00fan nivel.<\/li>\n\n\n\n<li><strong><mark style=\"background-color:rgba(0, 0, 0, 0)\" class=\"has-inline-color has-contrast-color\">Contexto de la poblaci\u00f3n mundial:<\/mark><\/strong>&nbsp;Con una poblaci\u00f3n mundial estimada en&nbsp;<strong>8.300 millones<\/strong>&nbsp;a principios de 2026, los hablantes de ingl\u00e9s representan aproximadamente entre el&nbsp;<strong>18,4%<\/strong>&nbsp;y el&nbsp;<strong>18,8%<\/strong>&nbsp;de todas las personas en la Tierra.<\/li>\n\n\n\n<li><mark style=\"background-color:rgba(0, 0, 0, 0)\" class=\"has-inline-color has-contrast-color\"><strong>Proporci\u00f3n de hablantes nativos y no nativos:<\/strong><\/mark>&nbsp;La brecha entre hablantes nativos y no nativos contin\u00faa ampli\u00e1ndose:\n<ul class=\"wp-block-list\">\n<li><strong>Hablantes nativos (L1):<\/strong>&nbsp;Aproximadamente&nbsp;<strong>390 millones<\/strong>.<\/li>\n\n\n\n<li><strong>Hablantes no nativos (L2):<\/strong>&nbsp;Aproximadamente&nbsp;<strong>1.140 millones<\/strong>.<\/li>\n<\/ul>\n<\/li>\n\n\n\n<li><mark style=\"background-color:rgba(0, 0, 0, 0)\" class=\"has-inline-color has-contrast-color\"><strong>Cambio en la titularidad del idioma:<\/strong><\/mark>&nbsp;Los hablantes no nativos representan actualmente alrededor del&nbsp;<strong>75%<\/strong>&nbsp;del total de la poblaci\u00f3n angloparlante, lo que confirma que solo aproximadamente&nbsp;<strong>una de cada cuatro<\/strong>&nbsp;personas que hablan ingl\u00e9s lo aprendi\u00f3 como primera lengua.<\/li>\n\n\n\n<li><strong><mark style=\"background-color:rgba(0, 0, 0, 0)\" class=\"has-inline-color has-contrast-color\">Crecimiento futuro:<\/mark><\/strong>&nbsp;Las proyecciones sugieren que el n\u00famero de personas que aprenden o usan el ingl\u00e9s podr\u00eda alcanzar los&nbsp;<strong>2.000 millones<\/strong>&nbsp;para 2030, impulsado por su condici\u00f3n de lengua principal para la expansi\u00f3n digital, los negocios internacionales y la educaci\u00f3n.<\/li>\n<\/ul>\n\n\n\n<p><em>Estas estad\u00edsticas evidencian el alcance global del idioma ingl\u00e9s, siendo los hablantes no nativos la gran mayor\u00eda de sus m\u00e1s de 1.500 millones de usuarios.<\/em><\/p>\n\n\n\n<p><em>Podemos afirmar con honestidad que el idioma ingl\u00e9s ya no es propiedad de los hablantes nativos. De hecho, ahora le pertenece a todos \u2014 la aproximaci\u00f3n m\u00e1s cercana que el mundo ha visto jam\u00e1s a una lengua viva universalmente compartida. Y el n\u00famero de hablantes de ingl\u00e9s crece de forma exponencial.<\/em><\/p>\n\n\n\n<p style=\"font-size:clamp(0.984rem, 0.984rem + ((1vw - 0.2rem) * 0.809), 1.5rem);\"><mark style=\"background-color:rgba(0, 0, 0, 0)\" class=\"has-inline-color has-accent-3-color\"><strong>La ense\u00f1anza del ingl\u00e9s debe reflejar esa realidad.<\/strong><\/mark><br><\/p>\n\n\n\n<p><a href=\"https:\/\/www.kylian.ai\/blog\/en\/english-language-statistics\">https:\/\/www.kylian.ai\/blog\/en\/english-language-statistics<\/a><\/p>\n\n\n\n<p><a href=\"https:\/\/www.worldometers.info\/world-population\/world-population-projections\">https:\/\/www.worldometers.info\/world-population\/world-population-projections<\/a><\/p>\n\n\n\n<hr class=\"wp-block-separator has-alpha-channel-opacity\"\/>\n\n\n\n<p><mark style=\"background-color:rgba(0, 0, 0, 0)\" class=\"has-inline-color has-contrast-color\"><em><strong>El cambio est\u00e1 en marcha. El ingl\u00e9s ya no es el idioma que se aprende para marcharse \u2014 es el idioma que se aprende para prosperar donde uno se encuentre. A medida que los hablantes no nativos constituyan la abrumadora mayor\u00eda de los usuarios del ingl\u00e9s en el mundo, la capacidad de comunicarse eficazmente en este idioma ha dejado de ser una aspiraci\u00f3n cultural para convertirse en una necesidad profesional, independientemente de la geograf\u00eda.<\/strong><\/em><\/mark><\/p>\n\n\n\n<p><strong><em><mark style=\"background-color:rgba(0, 0, 0, 0)\" class=\"has-inline-color has-contrast-color\">En Empirical Communication Solutions, esta es precisamente la realidad desde la que ense\u00f1amos. Nuestros cursos no est\u00e1n dise\u00f1ados en torno a di\u00e1logos de manual o guiones de examen, sino en torno a las exigencias comunicativas de un entorno profesional internacional \u2014 uno que quiz\u00e1s nunca habitar\u00e1s f\u00edsicamente, pero que navegar\u00e1s a diario.<\/mark><\/em><\/strong><\/p>\n\n\n\n<p><em><strong><mark style=\"background-color:rgba(0, 0, 0, 0)\" class=\"has-inline-color has-contrast-color\">Si est\u00e1s listo para invertir en esa capacidad, nos encantar\u00eda saber de vos.<\/mark><\/strong><\/em><\/p>\n\n\n\n<div class=\"wp-block-buttons is-layout-flex wp-block-buttons-is-layout-flex\">\n<div class=\"wp-block-button\"><a class=\"wp-block-button__link wp-element-button\" href=\"https:\/\/empcomms.com\/es\/contact\" style=\"box-shadow:var(--wp--preset--shadow--natural)\">Contacto<\/a><\/div>\n<\/div>\n\n\n\n<div style=\"height:4rem\" aria-hidden=\"true\" class=\"wp-block-spacer\"><\/div>\n","protected":false},"excerpt":{"rendered":"<p>Una visi\u00f3n general del ingl\u00e9s como lengua internacional, su uso global y su papel en la comunicaci\u00f3n intercultural y los contextos profesionales modernos.<\/p>\n","protected":false},"author":1,"featured_media":0,"parent":0,"menu_order":0,"comment_status":"closed","ping_status":"closed","template":"page-no-title","meta":{"slim_seo":{"title":"La internacionalidad del idioma ingl\u00e9s - Empirical Communication Solutions","description":"Una visi\u00f3n general del ingl\u00e9s como lengua internacional, su uso global y su papel en la comunicaci\u00f3n intercultural y los contextos profesionales modernos."},"footnotes":""},"class_list":["post-89","page","type-page","status-publish","hentry"],"_hostinger_reach_plugin_has_subscription_block":false,"_hostinger_reach_plugin_is_elementor":false,"_links":{"self":[{"href":"https:\/\/empcomms.com\/es\/wp-json\/wp\/v2\/pages\/89","targetHints":{"allow":["GET"]}}],"collection":[{"href":"https:\/\/empcomms.com\/es\/wp-json\/wp\/v2\/pages"}],"about":[{"href":"https:\/\/empcomms.com\/es\/wp-json\/wp\/v2\/types\/page"}],"author":[{"embeddable":true,"href":"https:\/\/empcomms.com\/es\/wp-json\/wp\/v2\/users\/1"}],"replies":[{"embeddable":true,"href":"https:\/\/empcomms.com\/es\/wp-json\/wp\/v2\/comments?post=89"}],"version-history":[{"count":15,"href":"https:\/\/empcomms.com\/es\/wp-json\/wp\/v2\/pages\/89\/revisions"}],"predecessor-version":[{"id":1326,"href":"https:\/\/empcomms.com\/es\/wp-json\/wp\/v2\/pages\/89\/revisions\/1326"}],"wp:attachment":[{"href":"https:\/\/empcomms.com\/es\/wp-json\/wp\/v2\/media?parent=89"}],"curies":[{"name":"wp","href":"https:\/\/api.w.org\/{rel}","templated":true}]}}