{"id":221,"date":"2026-01-07T09:00:51","date_gmt":"2026-01-07T09:00:51","guid":{"rendered":"https:\/\/empcomms.com\/?page_id=221"},"modified":"2026-03-29T19:00:02","modified_gmt":"2026-03-29T15:00:02","slug":"disclaimer-visas-and-immigration","status":"publish","type":"page","link":"https:\/\/empcomms.com\/es\/disclaimer-visas-and-immigration\/","title":{"rendered":"Aviso &#8211; visas e inmigraci\u00f3n"},"content":{"rendered":"\n<div style=\"height:2rem\" aria-hidden=\"true\" class=\"wp-block-spacer\"><\/div>\n\n\n\n<h3 class=\"wp-block-heading\">Aviso legal \u2014 visas e inmigraci\u00f3n<\/h3>\n\n\n\n<p>Lamentablemente, no podemos brindar ning\u00fan tipo de asistencia ni orientaci\u00f3n a las personas que busquen visa para viajar a alg\u00fan pa\u00eds de habla inglesa o espa\u00f1ola, ni a ning\u00fan otro pa\u00eds.<br>No es que no queramos ayudar, sino que nos resulta imposible hacerlo. No tenemos v\u00ednculo con ning\u00fan consulado en el mundo y, por lo tanto, no tenemos influencia alguna sobre sus decisiones.<br>Para todo lo relacionado con las visas internacionales o los permisos de entrada de cualquier clase, recomendamos que te comuniqu\u00e9s directamente con los representantes oficiales del pa\u00eds o pa\u00edses que dese\u00e1s visitar, ya seapor medio de sus p\u00e1ginas web o solicitando una cita en la oficina consular m\u00e1s cercana.<\/p>\n\n\n\n<p><\/p>\n","protected":false},"excerpt":{"rendered":"<p>Aviso sobre visas, inmigraci\u00f3n y residencia. Ofrecemos \u00fanicamente servicios de ense\u00f1anza de idiomas; no se presta asesoramiento legal ni migratorio.<\/p>\n","protected":false},"author":1,"featured_media":0,"parent":0,"menu_order":0,"comment_status":"closed","ping_status":"closed","template":"page-no-title","meta":{"slim_seo":{"title":"Aviso - visas e inmigraci\u00f3n - Empirical Communication Solutions","description":"Aviso sobre visas, inmigraci\u00f3n y residencia. Ofrecemos \u00fanicamente servicios de ense\u00f1anza de idiomas; no se presta asesoramiento legal ni migratorio."},"footnotes":""},"class_list":["post-221","page","type-page","status-publish","hentry"],"_hostinger_reach_plugin_has_subscription_block":false,"_hostinger_reach_plugin_is_elementor":false,"_links":{"self":[{"href":"https:\/\/empcomms.com\/es\/wp-json\/wp\/v2\/pages\/221","targetHints":{"allow":["GET"]}}],"collection":[{"href":"https:\/\/empcomms.com\/es\/wp-json\/wp\/v2\/pages"}],"about":[{"href":"https:\/\/empcomms.com\/es\/wp-json\/wp\/v2\/types\/page"}],"author":[{"embeddable":true,"href":"https:\/\/empcomms.com\/es\/wp-json\/wp\/v2\/users\/1"}],"replies":[{"embeddable":true,"href":"https:\/\/empcomms.com\/es\/wp-json\/wp\/v2\/comments?post=221"}],"version-history":[{"count":7,"href":"https:\/\/empcomms.com\/es\/wp-json\/wp\/v2\/pages\/221\/revisions"}],"predecessor-version":[{"id":1316,"href":"https:\/\/empcomms.com\/es\/wp-json\/wp\/v2\/pages\/221\/revisions\/1316"}],"wp:attachment":[{"href":"https:\/\/empcomms.com\/es\/wp-json\/wp\/v2\/media?parent=221"}],"curies":[{"name":"wp","href":"https:\/\/api.w.org\/{rel}","templated":true}]}}