{"id":22,"date":"2025-12-30T02:39:45","date_gmt":"2025-12-30T02:39:45","guid":{"rendered":"https:\/\/empcomms.com\/?page_id=22"},"modified":"2026-03-29T11:45:32","modified_gmt":"2026-03-29T07:45:32","slug":"contact","status":"publish","type":"page","link":"https:\/\/empcomms.com\/es\/contact\/","title":{"rendered":"Contactos"},"content":{"rendered":"\n<div style=\"height:2rem\" aria-hidden=\"true\" class=\"wp-block-spacer\"><\/div>\n\n\n\n<h3 class=\"wp-block-heading\">Contactanos por cualquiera de las siguientes v\u00edas:<\/h3>\n\n\n\n<div class=\"wp-block-group has-global-padding is-layout-constrained wp-block-group-is-layout-constrained\">\n<p style=\"font-size:clamp(1.039rem, 1.039rem + ((1vw - 0.2rem) * 0.88), 1.6rem);\">\ud83d\udce9 <a href=\"mailto:info@empcomms.com\">info@empcomms.com<\/a><br><br><\/p>\n\n\n\n<div class=\"wp-block-columns is-not-stacked-on-mobile is-layout-flex wp-container-core-columns-is-layout-db27d905 wp-block-columns-is-layout-flex\" style=\"margin-top:0;margin-bottom:0;padding-top:0;padding-right:0;padding-bottom:0;padding-left:0\">\n<div class=\"wp-block-column is-layout-flow wp-container-core-column-is-layout-8a368f38 wp-block-column-is-layout-flow\" style=\"flex-basis:6.5%\">\n<figure class=\"wp-block-image aligncenter size-full has-custom-border\" style=\"margin-top:-2px;margin-right:0;margin-bottom:-2px;margin-left:0\"><img loading=\"lazy\" decoding=\"async\" width=\"175\" height=\"176\" src=\"https:\/\/empcomms.com\/es\/wp-content\/uploads\/2026\/01\/WhatsApp.png\" alt=\"\" class=\"wp-image-468\" style=\"border-style:none;border-width:0px;border-top-left-radius:0px;border-top-right-radius:0px;border-bottom-left-radius:0px;border-bottom-right-radius:0px\" srcset=\"https:\/\/empcomms.com\/es\/wp-content\/uploads\/2026\/01\/WhatsApp.png 175w, https:\/\/empcomms.com\/es\/wp-content\/uploads\/2026\/01\/WhatsApp-150x150.png 150w\" sizes=\"auto, (max-width: 175px) 100vw, 175px\" \/><\/figure>\n<\/div>\n\n\n\n<div class=\"wp-block-column is-layout-flow wp-block-column-is-layout-flow\" style=\"flex-basis:66.66%\">\n<p style=\"font-size:clamp(1.039rem, 1.039rem + ((1vw - 0.2rem) * 0.88), 1.6rem);\"><a href=\"https:\/\/wa.me\/995593320288\">+995 593 320 288<\/a><\/p>\n<\/div>\n<\/div>\n\n\n\n<div class=\"wp-block-group has-global-padding is-layout-constrained wp-container-core-group-is-layout-73b7cfef wp-block-group-is-layout-constrained\">\n<figure class=\"wp-block-image aligncenter size-full has-custom-border qr-hug\" style=\"margin-right:0;margin-left:0\"><img loading=\"lazy\" decoding=\"async\" width=\"635\" height=\"633\" src=\"https:\/\/empcomms.com\/es\/wp-content\/uploads\/2026\/01\/WhatsApp_QR-Code-Better.jpeg\" alt=\"\" class=\"wp-image-481\" style=\"border-top-left-radius:0px;border-top-right-radius:0px;border-bottom-left-radius:0px;border-bottom-right-radius:0px;object-fit:cover\" srcset=\"https:\/\/empcomms.com\/es\/wp-content\/uploads\/2026\/01\/WhatsApp_QR-Code-Better.jpeg 635w, https:\/\/empcomms.com\/es\/wp-content\/uploads\/2026\/01\/WhatsApp_QR-Code-Better-300x300.jpeg 300w, https:\/\/empcomms.com\/es\/wp-content\/uploads\/2026\/01\/WhatsApp_QR-Code-Better-150x150.jpeg 150w\" sizes=\"auto, (max-width: 635px) 100vw, 635px\" \/><\/figure>\n<\/div>\n\n\n\n<div style=\"height:10px\" aria-hidden=\"true\" class=\"wp-block-spacer\"><\/div>\n\n\n\n<div class=\"wp-block-columns is-not-stacked-on-mobile is-layout-flex wp-container-core-columns-is-layout-db27d905 wp-block-columns-is-layout-flex\" style=\"margin-top:0;margin-bottom:0;padding-top:0;padding-right:0;padding-bottom:0;padding-left:0\">\n<div class=\"wp-block-column is-layout-flow wp-container-core-column-is-layout-8a368f38 wp-block-column-is-layout-flow\" style=\"flex-basis:6%\">\n<figure class=\"wp-block-image size-large\"><img loading=\"lazy\" decoding=\"async\" width=\"1024\" height=\"1024\" src=\"https:\/\/empcomms.com\/es\/wp-content\/uploads\/2026\/02\/Telegram_icon-1024x1024.png\" alt=\"Cont\u00e1ctanos por Telegram\" class=\"wp-image-1224\" srcset=\"https:\/\/empcomms.com\/es\/wp-content\/uploads\/2026\/02\/Telegram_icon-1024x1024.png 1024w, https:\/\/empcomms.com\/es\/wp-content\/uploads\/2026\/02\/Telegram_icon-300x300.png 300w, https:\/\/empcomms.com\/es\/wp-content\/uploads\/2026\/02\/Telegram_icon-150x150.png 150w, https:\/\/empcomms.com\/es\/wp-content\/uploads\/2026\/02\/Telegram_icon-768x768.png 768w, https:\/\/empcomms.com\/es\/wp-content\/uploads\/2026\/02\/Telegram_icon-1536x1536.png 1536w, https:\/\/empcomms.com\/es\/wp-content\/uploads\/2026\/02\/Telegram_icon.png 1600w\" sizes=\"auto, (max-width: 1024px) 100vw, 1024px\" \/><\/figure>\n<\/div>\n\n\n\n<div class=\"wp-block-column is-layout-flow wp-block-column-is-layout-flow\" style=\"flex-basis:66.66%\">\n<p id=\"pre-course-assessment\" style=\"font-size:clamp(1.039rem, 1.039rem + ((1vw - 0.2rem) * 0.88), 1.6rem);\"><a href=\"https:\/\/t.me\/empcomms2025\">@empcomms2025<\/a><\/p>\n<\/div>\n<\/div>\n\n\n\n<div class=\"wp-block-group has-base-background-color has-background has-global-padding is-layout-constrained wp-container-core-group-is-layout-9ebca615 wp-block-group-is-layout-constrained\">\n<figure class=\"wp-block-image aligncenter size-full qr-hug\"><img loading=\"lazy\" decoding=\"async\" width=\"242\" height=\"235\" src=\"https:\/\/empcomms.com\/es\/wp-content\/uploads\/2026\/01\/Telegram-qr-code-e1768315856213.png\" alt=\"\" class=\"wp-image-479\" style=\"object-fit:cover\"\/><\/figure>\n<\/div>\n\n\n\n<hr class=\"wp-block-separator has-alpha-channel-opacity\"\/>\n<\/div>\n\n\n\n<p> \u260f + 995 593 320 288<\/p>\n\n\n\n<hr class=\"wp-block-separator has-alpha-channel-opacity\"\/>\n\n\n\n<h3 class=\"wp-block-heading\">Formulario de contacto en l\u00ednea<\/h3>\n\n\n\n<div class=\"wp-block-group has-global-padding is-layout-constrained wp-block-group-is-layout-constrained\"><div class=\"forminator-ui forminator-custom-form forminator-custom-form-1027 forminator-design--basic  forminator_ajax\" data-forminator-render=\"0\" data-form=\"forminator-module-1027\" data-uid=\"69d2c65f0014c\"><br\/><\/div><form\n\t\t\t\tid=\"forminator-module-1027\"\n\t\t\t\tclass=\"forminator-ui forminator-custom-form forminator-custom-form-1027 forminator-design--basic  forminator_ajax\"\n\t\t\t\tmethod=\"post\"\n\t\t\t\tdata-forminator-render=\"0\"\n\t\t\t\tdata-form-id=\"1027\"\n\t\t\t\t data-color-option=\"theme\" data-design=\"basic\" data-grid=\"open\" style=\"display: none;\"\n\t\t\t\tdata-uid=\"69d2c65f0014c\"\n\t\t\t><div role=\"alert\" aria-live=\"polite\" class=\"forminator-response-message forminator-error\" aria-hidden=\"true\"><\/div><div class=\"forminator-row\"><div id=\"name-1\" class=\"forminator-field-name forminator-col forminator-col-12 \"><div class=\"forminator-field\"><label for=\"forminator-field-name-1_69d2c65f0014c\" id=\"forminator-field-name-1_69d2c65f0014c-label\" class=\"forminator-label\">Nombre <span class=\"forminator-required\">*<\/span><\/label><input type=\"text\" name=\"name-1\" value=\"\" placeholder=\"\" id=\"forminator-field-name-1_69d2c65f0014c\" class=\"forminator-input forminator-name--field\" aria-required=\"true\" autocomplete=\"name\" \/><\/div><\/div><\/div><div class=\"forminator-row\"><div id=\"email-1\" class=\"forminator-field-email forminator-col forminator-col-6 \"><div class=\"forminator-field\"><label for=\"forminator-field-email-1_69d2c65f0014c\" id=\"forminator-field-email-1_69d2c65f0014c-label\" class=\"forminator-label\">Direcci\u00f3n de email <span class=\"forminator-required\">*<\/span><\/label><input type=\"email\" name=\"email-1\" value=\"\" placeholder=\"\" id=\"forminator-field-email-1_69d2c65f0014c\" class=\"forminator-input forminator-email--field\" data-required=\"1\" aria-required=\"true\" autocomplete=\"email\" \/><\/div><\/div><div id=\"phone-1\" class=\"forminator-field-phone forminator-col forminator-col-6 \"><div class=\"forminator-field\"><label for=\"forminator-field-phone-1_69d2c65f0014c\" id=\"forminator-field-phone-1_69d2c65f0014c-label\" class=\"forminator-label\">Tel\u00e9fono (opcional)<\/label><input type=\"text\" name=\"phone-1\" value=\"\" placeholder=\"\" id=\"forminator-field-phone-1_69d2c65f0014c\" class=\"forminator-input forminator-field--phone\" data-required=\"\" aria-required=\"false\" autocomplete=\"off\" \/><\/div><\/div><\/div><div class=\"forminator-row\"><div id=\"textarea-1\" class=\"forminator-field-textarea forminator-col forminator-col-12 \"><div class=\"forminator-field\"><label for=\"forminator-field-textarea-1_69d2c65f0014c\" id=\"forminator-field-textarea-1_69d2c65f0014c-label\" class=\"forminator-label\">Mensaje <span class=\"forminator-required\">*<\/span><\/label><textarea name=\"textarea-1\" placeholder=\"\" id=\"forminator-field-textarea-1_69d2c65f0014c\" class=\"forminator-textarea\" rows=\"6\" style=\"min-height:140px;\" ><\/textarea><\/div><\/div><\/div><input type=\"hidden\" name=\"referer_url\" value=\"\" \/><div class=\"forminator-row forminator-row-last\"><div class=\"forminator-col\"><div class=\"forminator-field\"><button class=\"forminator-button forminator-button-submit\">Enviar<\/button><\/div><\/div><\/div><input type=\"hidden\" id=\"forminator_nonce\" name=\"forminator_nonce\" value=\"a50ce39a8e\" \/><input type=\"hidden\" name=\"_wp_http_referer\" value=\"\/es\/wp-json\/wp\/v2\/pages\/22\" \/><input type=\"hidden\" name=\"form_id\" value=\"1027\"><input type=\"hidden\" name=\"page_id\" value=\"22\"><input type=\"hidden\" name=\"form_type\" value=\"default\"><input type=\"hidden\" name=\"current_url\" value=\"https:\/\/empcomms.com\/es\/contact\/\"><input type=\"hidden\" name=\"render_id\" value=\"0\"><input type=\"hidden\" name=\"action\" value=\"forminator_submit_form_custom-forms\"><\/form>\n<\/div>\n\n\n\n<div style=\"height:100px\" aria-hidden=\"true\" class=\"wp-block-spacer\"><\/div>\n\n\n\n<p class=\"is-style-text-annotation has-text-color has-link-color has-small-font-size wp-elements-60665a29b828cb455218a48d2cd9744f is-style-text-annotation--1\" style=\"color:#6b7280\">Empirical Communication Solutions est\u00e1 debidamente registrada como empresa en la Rep\u00fablica de Georgia: Certificado N.\u00ba 005 &#8211; 006797 \u2022 N.\u00ba personal 304725572 \u2022 rs.ge ID 33345062<\/p>\n\n\n\n<div class=\"wp-block-group has-global-padding is-layout-constrained wp-block-group-is-layout-constrained\">\n<div class=\"wp-block-buttons is-layout-flex wp-block-buttons-is-layout-flex\">\n<div class=\"wp-block-button\"><a class=\"wp-block-button__link has-large-font-size has-custom-font-size wp-element-button\" href=\"https:\/\/tinyurl.com\/4nb3tnn9\" style=\"box-shadow:var(--wp--preset--shadow--natural)\">Leer rese\u00f1as en Google<\/a><\/div>\n<\/div>\n<\/div>\n\n\n\n<div style=\"height:100px\" aria-hidden=\"true\" class=\"wp-block-spacer\"><\/div>\n","protected":false},"excerpt":{"rendered":"<p>Contactanos para consultar sobre cursos, disponibilidad o precios. Formaci\u00f3n en ingl\u00e9s en l\u00ednea adaptada a tus objetivos, con informaci\u00f3n clara y sin compromiso<\/p>\n","protected":false},"author":1,"featured_media":0,"parent":0,"menu_order":0,"comment_status":"closed","ping_status":"closed","template":"page-no-title","meta":{"slim_seo":{"title":"Contactos - Empirical Communication Solutions","description":"Contactanos para consultar sobre cursos, disponibilidad o precios. Formaci\u00f3n en ingl\u00e9s en l\u00ednea adaptada a tus objetivos, con informaci\u00f3n clara y sin compromiso"},"footnotes":""},"class_list":["post-22","page","type-page","status-publish","hentry"],"_hostinger_reach_plugin_has_subscription_block":false,"_hostinger_reach_plugin_is_elementor":false,"_links":{"self":[{"href":"https:\/\/empcomms.com\/es\/wp-json\/wp\/v2\/pages\/22","targetHints":{"allow":["GET"]}}],"collection":[{"href":"https:\/\/empcomms.com\/es\/wp-json\/wp\/v2\/pages"}],"about":[{"href":"https:\/\/empcomms.com\/es\/wp-json\/wp\/v2\/types\/page"}],"author":[{"embeddable":true,"href":"https:\/\/empcomms.com\/es\/wp-json\/wp\/v2\/users\/1"}],"replies":[{"embeddable":true,"href":"https:\/\/empcomms.com\/es\/wp-json\/wp\/v2\/comments?post=22"}],"version-history":[{"count":22,"href":"https:\/\/empcomms.com\/es\/wp-json\/wp\/v2\/pages\/22\/revisions"}],"predecessor-version":[{"id":1308,"href":"https:\/\/empcomms.com\/es\/wp-json\/wp\/v2\/pages\/22\/revisions\/1308"}],"wp:attachment":[{"href":"https:\/\/empcomms.com\/es\/wp-json\/wp\/v2\/media?parent=22"}],"curies":[{"name":"wp","href":"https:\/\/api.w.org\/{rel}","templated":true}]}}