{"id":210,"date":"2026-01-07T06:29:40","date_gmt":"2026-01-07T06:29:40","guid":{"rendered":"https:\/\/empcomms.com\/?page_id=210"},"modified":"2026-03-29T19:42:52","modified_gmt":"2026-03-29T15:42:52","slug":"richard","status":"publish","type":"page","link":"https:\/\/empcomms.com\/es\/richard\/","title":{"rendered":"Nuestro equipo &#8211; Richard"},"content":{"rendered":"\n<div style=\"height:2rem\" aria-hidden=\"true\" class=\"wp-block-spacer\"><\/div>\n\n\n\n<h2 class=\"wp-block-heading\" style=\"font-style:normal;font-weight:400\">Empirical Communication Solutions fue fundada por Richard Armstrong a principios de 2024 como medio para consolidar los servicios ling\u00fc\u00edsticos en un mundo cada vez m\u00e1s orientado hacia lo digital<\/h2>\n\n\n\n<div class=\"wp-block-columns is-layout-flex wp-container-core-columns-is-layout-65e523f9 wp-block-columns-is-layout-flex\">\n<div class=\"wp-block-column is-style-default is-layout-flow wp-block-column-is-layout-flow\" style=\"flex-basis:25%\">\n<figure class=\"wp-block-image size-full\"><img loading=\"lazy\" decoding=\"async\" width=\"230\" height=\"300\" src=\"https:\/\/empcomms.com\/es\/wp-content\/uploads\/2026\/01\/Richard-Michael-Armstrong-\u2013-\u10d7\u10d1\u10d8\u10da\u10d8\u10e1\u10d8-\u10e1\u10d0\u10e5\u10d0\u10e0\u10d7\u10d5\u10d4\u10da\u10dd-230x300-1.webp\" alt=\"\" class=\"wp-image-831\" style=\"aspect-ratio:0.7666706934042039\"\/><\/figure>\n<\/div>\n\n\n\n<div class=\"wp-block-column is-vertically-aligned-top is-style-default is-layout-flow wp-container-core-column-is-layout-9df4c73f wp-block-column-is-layout-flow\" style=\"padding-top:0;padding-right:0;padding-bottom:0;padding-left:0rem;flex-basis:80%\">\n<p>Criado en la ciudad de Londres (Reino Unido) y formado originalmente en el campo de la ingenier\u00eda el\u00e9ctrica, Richard cambi\u00f3 de rumbo profesional a mediados de los a\u00f1os noventa tras pasar varios a\u00f1os en la isla de Tenerife.<\/p>\n<\/div>\n<\/div>\n\n\n\n<p>Con un diploma en Ense\u00f1anza del Ingl\u00e9s como Lengua Extranjera (TEFL) del Teacher Training International de Kensington, Londres, y un s\u00f3lido dominio del espa\u00f1ol, se traslad\u00f3 a Centroam\u00e9rica. All\u00ed comenz\u00f3 a ense\u00f1ar ingl\u00e9s como lengua extranjera (EFL) en Ciudad de Guatemala, donde permaneci\u00f3 cuatro a\u00f1os, para luego dedicarse a la traducci\u00f3n de documentos del idioma espa\u00f1ol a ingl\u00e9s.<\/p>\n\n\n\n<p>Poco antes del cambio de milenio, Richard se mud\u00f3 a Per\u00fa, donde trabaj\u00f3 como coordinador nacional de un Centro de Capacitaci\u00f3n en Idioma Ingl\u00e9s inaugurado por el <a href=\"https:\/\/www.senati.edu.pe\/\" title=\"\">SENATI<\/a>, uno de los principales proveedores de formaci\u00f3n profesional del pa\u00eds. Adem\u00e1s de la supervisi\u00f3n acad\u00e9mica, administrativa y el reclutamiento de personal, contribuy\u00f3 a un programa nacional de integraci\u00f3n de procesos institucionales en los marcos ISO 9001 e ISO 14001. Permaneci\u00f3 en Per\u00fa durante seis a\u00f1os, con estancias tambi\u00e9n en Quito, Ecuador.<\/p>\n\n\n\n<p>A mediados de la d\u00e9cada de 2000, Richard regres\u00f3 a la Espa\u00f1a peninsular, instal\u00e1ndose primeramente por la provincia de C\u00e1diz y luego en M\u00e1laga, donde trabaj\u00f3 como profesor de ingl\u00e9s independiente,  adem\u00e1s de dise\u00f1ar programas de ense\u00f1anza de idiomas a medida para las empresas locales. Durante este per\u00edodo, tambi\u00e9n comenz\u00f3 a ense\u00f1ar espa\u00f1ol como complemento a su oferta de ESL\/EFL.<\/p>\n\n\n\n<p>En 2014, Richard colabor\u00f3 con el reci\u00e9n creado Marbella International University Centre (<a href=\"https:\/\/miuc.org\/\" title=\"\">MIUC<\/a>), en calidad de consultor ling\u00fc\u00edstico, durante su etapa inaugural, apoyando la normalizaci\u00f3n de procesos conforme a los requisitos de la Junta de Andaluc\u00eda y el Proceso de Bolonia.<\/p>\n\n\n\n<p>Ha viajado ampliamente, con estancias prolongadas en el norte de \u00c1frica y el Oriente Medio (MENA), donde particip\u00f3 en proyectos de ingenier\u00eda, y tambi\u00e9n imparti\u00f3 clases de ingl\u00e9s en Beirut, L\u00edbano.<\/p>\n\n\n\n<p>Desde mediados de 2024, Richard reside en la ciudad de Tbilisi, donde fund\u00f3 la empresa Empirical Communication Solutions, ofreciendo servicios integrados de difusi\u00f3n de la  lengua inglesa a Georgia (Sakartvelo) y m\u00e1s all\u00e1.<\/p>\n\n\n\n<p>Es plenamente biling\u00fce, en ingl\u00e9s y espa\u00f1ol.<\/p>\n\n\n\n<div style=\"height:4rem\" aria-hidden=\"true\" class=\"wp-block-spacer\"><\/div>\n","protected":false},"excerpt":{"rendered":"<p>Richard es un especialista en ingl\u00e9s de Londres. Formaci\u00f3n en l\u00ednea personalizada enfocada en la comunicaci\u00f3n efectiva para estudiantes internacionales.<\/p>\n","protected":false},"author":1,"featured_media":0,"parent":0,"menu_order":0,"comment_status":"closed","ping_status":"closed","template":"page-no-title","meta":{"slim_seo":{"title":"Nuestro equipo - Richard - Empirical Communication Solutions","description":"Richard es un especialista en ingl\u00e9s de Londres. Formaci\u00f3n en l\u00ednea personalizada enfocada en la comunicaci\u00f3n efectiva para estudiantes internacionales."},"footnotes":""},"class_list":["post-210","page","type-page","status-publish","hentry"],"_hostinger_reach_plugin_has_subscription_block":false,"_hostinger_reach_plugin_is_elementor":false,"_links":{"self":[{"href":"https:\/\/empcomms.com\/es\/wp-json\/wp\/v2\/pages\/210","targetHints":{"allow":["GET"]}}],"collection":[{"href":"https:\/\/empcomms.com\/es\/wp-json\/wp\/v2\/pages"}],"about":[{"href":"https:\/\/empcomms.com\/es\/wp-json\/wp\/v2\/types\/page"}],"author":[{"embeddable":true,"href":"https:\/\/empcomms.com\/es\/wp-json\/wp\/v2\/users\/1"}],"replies":[{"embeddable":true,"href":"https:\/\/empcomms.com\/es\/wp-json\/wp\/v2\/comments?post=210"}],"version-history":[{"count":16,"href":"https:\/\/empcomms.com\/es\/wp-json\/wp\/v2\/pages\/210\/revisions"}],"predecessor-version":[{"id":1322,"href":"https:\/\/empcomms.com\/es\/wp-json\/wp\/v2\/pages\/210\/revisions\/1322"}],"wp:attachment":[{"href":"https:\/\/empcomms.com\/es\/wp-json\/wp\/v2\/media?parent=210"}],"curies":[{"name":"wp","href":"https:\/\/api.w.org\/{rel}","templated":true}]}}