{"id":17,"date":"2025-12-30T02:39:25","date_gmt":"2025-12-30T02:39:25","guid":{"rendered":"https:\/\/empcomms.com\/?page_id=17"},"modified":"2026-03-29T19:20:27","modified_gmt":"2026-03-29T15:20:27","slug":"business-english-courses","status":"publish","type":"page","link":"https:\/\/empcomms.com\/es\/business-english-courses\/","title":{"rendered":"Cursos de Ingl\u00e9s para Negocios"},"content":{"rendered":"\n<div class=\"wp-block-group is-layout-flow wp-container-core-group-is-layout-f3c7fa73 wp-block-group-is-layout-flow\" style=\"padding-top:0;padding-bottom:0\">\n<div style=\"height:2rem\" aria-hidden=\"true\" class=\"wp-block-spacer\"><\/div>\n\n\n\n<div class=\"wp-block-columns is-not-stacked-on-mobile is-layout-flex wp-container-core-columns-is-layout-65e523f9 wp-block-columns-is-layout-flex\">\n<div class=\"wp-block-column is-layout-flow wp-block-column-is-layout-flow\" style=\"flex-basis:15%\">\n<figure class=\"wp-block-image size-large is-resized\" style=\"margin-bottom:0;margin-left:0rem\"><img loading=\"lazy\" decoding=\"async\" width=\"1024\" height=\"859\" src=\"https:\/\/empcomms.com\/es\/wp-content\/uploads\/2026\/01\/TOEFL_IELTS_B1-Preliminary_B2-First_C1-Advanced_C2-Proficiency-1536x1536-1-e1768934631114-1024x859.webp\" alt=\"\" class=\"wp-image-822\" style=\"aspect-ratio:1.1920548459804658;object-fit:cover;width:81px;height:auto\" srcset=\"https:\/\/empcomms.com\/es\/wp-content\/uploads\/2026\/01\/TOEFL_IELTS_B1-Preliminary_B2-First_C1-Advanced_C2-Proficiency-1536x1536-1-e1768934631114-1024x859.webp 1024w, https:\/\/empcomms.com\/es\/wp-content\/uploads\/2026\/01\/TOEFL_IELTS_B1-Preliminary_B2-First_C1-Advanced_C2-Proficiency-1536x1536-1-e1768934631114-300x252.webp 300w, https:\/\/empcomms.com\/es\/wp-content\/uploads\/2026\/01\/TOEFL_IELTS_B1-Preliminary_B2-First_C1-Advanced_C2-Proficiency-1536x1536-1-e1768934631114-768x644.webp 768w, https:\/\/empcomms.com\/es\/wp-content\/uploads\/2026\/01\/TOEFL_IELTS_B1-Preliminary_B2-First_C1-Advanced_C2-Proficiency-1536x1536-1-e1768934631114.webp 1362w\" sizes=\"auto, (max-width: 1024px) 100vw, 1024px\" \/><\/figure>\n<\/div>\n\n\n\n<div class=\"wp-block-column is-layout-flow wp-block-column-is-layout-flow\" style=\"flex-basis:66.66%\">\n<h3 class=\"wp-block-heading is-style-text-display has-large-font-size is-style-text-display--1\"><mark style=\"background-color:rgba(0, 0, 0, 0);color:#f30d0d\" class=\"has-inline-color\"><strong>Cursos de Ingl\u00e9s para Negocios \u2014 Online y en Empresa<\/strong><\/mark><\/h3>\n<\/div>\n<\/div>\n<\/div>\n\n\n\n<p><mark style=\"background-color:rgba(0, 0, 0, 0)\" class=\"has-inline-color has-accent-4-color\">Nuestros cursos de Ingl\u00e9s para Negocios est\u00e1n dirigidos a directivos, gerentes y personal de empresas y corporaciones. Todos los participantes deben demostrar un nivel m\u00ednimo de ingl\u00e9s B1, de acuerdo con el <\/mark><a href=\"https:\/\/www.coe.int\/en\/web\/common-european-framework-reference-languages\/table-1-cefr-3.3-common-reference-levels-global-scale\"><mark style=\"background-color:rgba(0, 0, 0, 0);color:#0056b3\" class=\"has-inline-color\">CEFR<\/mark><\/a>.<\/p>\n\n\n\n<p class=\"has-text-color has-link-color wp-elements-a8b1f90cc30e150d88f08381a0f465ea\" style=\"color:#2d2d2d\"><a href=\"info@empcomms.com\" data-type=\"link\" data-id=\"info@empcomms.com\" target=\"_blank\" rel=\"noreferrer noopener\"><mark style=\"background-color:rgba(0, 0, 0, 0);color:#0056b3\" class=\"has-inline-color\">Contactanos<\/mark><\/a> para obtener m\u00e1s informaci\u00f3n.<\/p>\n\n\n\n<p class=\"has-text-color has-link-color wp-elements-a4e6c7db381e8f82a4ba2575ec323fe5\" style=\"color:#2d2d2d\">Estos cursos se realizan, generalmente, en l\u00ednea a trav\u00e9s de las plataformas de videoconferencia Zoom o Teams.<\/p>\n\n\n\n<p class=\"has-text-color has-link-color wp-elements-9c5eb9213fbbdf3822fcfa966cb191ed\" style=\"color:#2d2d2d\">Se pueden programar clases tanto individuales como grupales. En ciertos casos, el docente puede desplazarse a las instalaciones de la empresa para impartir las clases all\u00ed.<\/p>\n\n\n\n<p class=\"has-text-color has-link-color wp-elements-2736ec4079593a99e9d9739e5d37ef25\" style=\"color:#2d2d2d\">Nuestros cursos de Ingl\u00e9s para Negocios se diferencian de las opciones est\u00e1ndar, en cuanto a la metodolog\u00eda did\u00e1ctica y los materiales de estudio, los cuales se adaptan a los requisitos espec\u00edficos de los participantes.<\/p>\n\n\n\n<p class=\"has-text-color has-link-color wp-elements-bef08ad535c97fe841326360913a1eab\" style=\"color:#2d2d2d\">Esto significa, por ejemplo, que un curso para los banqueros de inversi\u00f3n no tendr\u00e1 el mismo contenido que uno dise\u00f1ado para los profesionales de salud, el personal de las compa\u00f1\u00edas de seguros, los contadores o los empleados de organismos municipales\u2026<\/p>\n","protected":false},"excerpt":{"rendered":"<p>Cursos de Ingl\u00e9s para Negocios para profesionales. Comunicaci\u00f3n clara y efectiva en reuniones, correos y presentaciones. En l\u00ednea y personalizados.<\/p>\n","protected":false},"author":1,"featured_media":0,"parent":0,"menu_order":0,"comment_status":"closed","ping_status":"closed","template":"page-no-title","meta":{"slim_seo":{"title":"Cursos de Ingl\u00e9s para Negocios - Empirical Communication Solutions","description":"Cursos de Ingl\u00e9s para Negocios para profesionales. Comunicaci\u00f3n clara y efectiva en reuniones, correos y presentaciones. En l\u00ednea y personalizados."},"footnotes":""},"class_list":["post-17","page","type-page","status-publish","hentry"],"_hostinger_reach_plugin_has_subscription_block":false,"_hostinger_reach_plugin_is_elementor":false,"_links":{"self":[{"href":"https:\/\/empcomms.com\/es\/wp-json\/wp\/v2\/pages\/17","targetHints":{"allow":["GET"]}}],"collection":[{"href":"https:\/\/empcomms.com\/es\/wp-json\/wp\/v2\/pages"}],"about":[{"href":"https:\/\/empcomms.com\/es\/wp-json\/wp\/v2\/types\/page"}],"author":[{"embeddable":true,"href":"https:\/\/empcomms.com\/es\/wp-json\/wp\/v2\/users\/1"}],"replies":[{"embeddable":true,"href":"https:\/\/empcomms.com\/es\/wp-json\/wp\/v2\/comments?post=17"}],"version-history":[{"count":15,"href":"https:\/\/empcomms.com\/es\/wp-json\/wp\/v2\/pages\/17\/revisions"}],"predecessor-version":[{"id":1320,"href":"https:\/\/empcomms.com\/es\/wp-json\/wp\/v2\/pages\/17\/revisions\/1320"}],"wp:attachment":[{"href":"https:\/\/empcomms.com\/es\/wp-json\/wp\/v2\/media?parent=17"}],"curies":[{"name":"wp","href":"https:\/\/api.w.org\/{rel}","templated":true}]}}