{"id":14,"date":"2025-12-30T02:40:03","date_gmt":"2025-12-30T02:40:03","guid":{"rendered":"https:\/\/empcomms.com\/?page_id=14"},"modified":"2026-03-27T22:21:23","modified_gmt":"2026-03-27T18:21:23","slug":"international-exams","status":"publish","type":"page","link":"https:\/\/empcomms.com\/es\/international-exams\/","title":{"rendered":"Ex\u00e1menes internacionales"},"content":{"rendered":"\n<div class=\"wp-block-group has-global-padding is-layout-constrained wp-block-group-is-layout-constrained\">\n<div style=\"height:1rem\" aria-hidden=\"true\" class=\"wp-block-spacer\"><\/div>\n\n\n<h1 class=\"wp-block-heading\">Ex\u00e1menes Internacionales<\/h1>\n\n\n<div style=\"height:1rem\" aria-hidden=\"true\" class=\"wp-block-spacer\"><\/div>\n\n\n<div class=\"wp-block-group has-global-padding is-layout-constrained wp-block-group-is-layout-constrained\">\n<div class=\"wp-block-columns is-not-stacked-on-mobile is-layout-flex wp-container-core-columns-is-layout-28f84493 wp-block-columns-is-layout-flex\">\n<div class=\"wp-block-column is-layout-flow wp-block-column-is-layout-flow\" style=\"flex-basis:28%\">\n<figure class=\"wp-block-image size-full\"><img loading=\"lazy\" decoding=\"async\" width=\"2560\" height=\"970\" src=\"https:\/\/empcomms.com\/es\/wp-content\/uploads\/2026\/01\/Toefl-scaled-e1769070899449.webp\" alt=\"\" class=\"wp-image-933\" style=\"aspect-ratio:1.85195992607723;object-fit:contain\" srcset=\"https:\/\/empcomms.com\/es\/wp-content\/uploads\/2026\/01\/Toefl-scaled-e1769070899449.webp 2560w, https:\/\/empcomms.com\/es\/wp-content\/uploads\/2026\/01\/Toefl-scaled-e1769070899449-300x114.webp 300w, https:\/\/empcomms.com\/es\/wp-content\/uploads\/2026\/01\/Toefl-scaled-e1769070899449-1024x388.webp 1024w, https:\/\/empcomms.com\/es\/wp-content\/uploads\/2026\/01\/Toefl-scaled-e1769070899449-768x291.webp 768w, https:\/\/empcomms.com\/es\/wp-content\/uploads\/2026\/01\/Toefl-scaled-e1769070899449-1536x582.webp 1536w, https:\/\/empcomms.com\/es\/wp-content\/uploads\/2026\/01\/Toefl-scaled-e1769070899449-2048x776.webp 2048w\" sizes=\"auto, (max-width: 2560px) 100vw, 2560px\" \/><\/figure>\n<\/div>\n\n\n<div class=\"wp-block-column is-vertically-aligned-center is-layout-flow wp-block-column-is-layout-flow\">\n<figure class=\"wp-block-image alignleft size-full is-resized\" style=\"margin-top:0px;margin-right:0;margin-bottom:0px;margin-left:0\"><img decoding=\"async\" src=\"https:\/\/empcomms.com\/es\/wp-content\/uploads\/2026\/01\/ielts-e1769065672877.webp\" alt=\"\" class=\"wp-image-929\" style=\"aspect-ratio:3.4018727552591073;width:116px;height:auto\"\/><\/figure>\n<\/div>\n<\/div>\n<\/div>\n\n\n<div class=\"wp-block-columns are-vertically-aligned-center is-not-stacked-on-mobile is-layout-flex wp-container-core-columns-is-layout-28f84493 wp-block-columns-is-layout-flex\">\n<div class=\"wp-block-column is-vertically-aligned-center is-layout-flow wp-block-column-is-layout-flow\" style=\"flex-basis:28%\">\n<figure class=\"wp-block-image size-full\"><img loading=\"lazy\" decoding=\"async\" width=\"1024\" height=\"550\" src=\"https:\/\/empcomms.com\/es\/wp-content\/uploads\/2026\/01\/Cambridge-english-logo-1024x550-1.webp\" alt=\"\" class=\"wp-image-885\" srcset=\"https:\/\/empcomms.com\/es\/wp-content\/uploads\/2026\/01\/Cambridge-english-logo-1024x550-1.webp 1024w, https:\/\/empcomms.com\/es\/wp-content\/uploads\/2026\/01\/Cambridge-english-logo-1024x550-1-300x161.webp 300w, https:\/\/empcomms.com\/es\/wp-content\/uploads\/2026\/01\/Cambridge-english-logo-1024x550-1-768x413.webp 768w\" sizes=\"auto, (max-width: 1024px) 100vw, 1024px\" \/><\/figure>\n<\/div>\n\n\n<div class=\"wp-block-column is-vertically-aligned-center is-layout-flow wp-block-column-is-layout-flow\" style=\"flex-basis:66.66%\">\n<p class=\"has-text-color has-link-color has-poppins-font-family wp-elements-48217311ba0807d600039bd83f5e0914\" style=\"color:#0a083b;font-size:clamp(1.039rem, 1.039rem + ((1vw - 0.2rem) * 0.88), 1.6rem);line-height:1.6\">B1 Preliminary (PET)<\/p>\n<\/div>\n<\/div>\n\n\n<div class=\"wp-block-columns are-vertically-aligned-center is-not-stacked-on-mobile is-layout-flex wp-container-core-columns-is-layout-28f84493 wp-block-columns-is-layout-flex\">\n<div class=\"wp-block-column is-vertically-aligned-center is-layout-flow wp-block-column-is-layout-flow\" style=\"flex-basis:28%\">\n<figure class=\"wp-block-image aligncenter size-full\"><img loading=\"lazy\" decoding=\"async\" width=\"1024\" height=\"550\" src=\"https:\/\/empcomms.com\/es\/wp-content\/uploads\/2026\/01\/Cambridge-english-logo-1024x550-1.webp\" alt=\"\" class=\"wp-image-885\" srcset=\"https:\/\/empcomms.com\/es\/wp-content\/uploads\/2026\/01\/Cambridge-english-logo-1024x550-1.webp 1024w, https:\/\/empcomms.com\/es\/wp-content\/uploads\/2026\/01\/Cambridge-english-logo-1024x550-1-300x161.webp 300w, https:\/\/empcomms.com\/es\/wp-content\/uploads\/2026\/01\/Cambridge-english-logo-1024x550-1-768x413.webp 768w\" sizes=\"auto, (max-width: 1024px) 100vw, 1024px\" \/><\/figure>\n<\/div>\n\n\n<div class=\"wp-block-column is-vertically-aligned-center is-layout-flow wp-block-column-is-layout-flow\" style=\"flex-basis:66.66%\">\n<p class=\"has-text-color has-link-color has-poppins-font-family wp-elements-85535523bbf098213f2f54428b7e6552\" style=\"color:#0a083b;font-size:clamp(1.039rem, 1.039rem + ((1vw - 0.2rem) * 0.88), 1.6rem);line-height:1.6\">B2 First (FCE)<\/p>\n<\/div>\n<\/div>\n\n\n<div class=\"wp-block-columns are-vertically-aligned-center is-not-stacked-on-mobile is-layout-flex wp-container-core-columns-is-layout-28f84493 wp-block-columns-is-layout-flex\">\n<div class=\"wp-block-column is-vertically-aligned-center is-layout-flow wp-block-column-is-layout-flow\" style=\"flex-basis:28%\">\n<figure class=\"wp-block-image size-full\"><img loading=\"lazy\" decoding=\"async\" width=\"1024\" height=\"550\" src=\"https:\/\/empcomms.com\/es\/wp-content\/uploads\/2026\/01\/Cambridge-english-logo-1024x550-1.webp\" alt=\"\" class=\"wp-image-885\" srcset=\"https:\/\/empcomms.com\/es\/wp-content\/uploads\/2026\/01\/Cambridge-english-logo-1024x550-1.webp 1024w, https:\/\/empcomms.com\/es\/wp-content\/uploads\/2026\/01\/Cambridge-english-logo-1024x550-1-300x161.webp 300w, https:\/\/empcomms.com\/es\/wp-content\/uploads\/2026\/01\/Cambridge-english-logo-1024x550-1-768x413.webp 768w\" sizes=\"auto, (max-width: 1024px) 100vw, 1024px\" \/><\/figure>\n<\/div>\n\n\n<div class=\"wp-block-column is-vertically-aligned-center is-layout-flow wp-block-column-is-layout-flow\" style=\"flex-basis:66.66%\">\n<p class=\"has-text-color has-link-color has-poppins-font-family wp-elements-7e3f5d926ecd11b91d3598b17cb769d6\" style=\"color:#0a083b;font-size:clamp(1.039rem, 1.039rem + ((1vw - 0.2rem) * 0.88), 1.6rem);line-height:1.6\">C1 Advanced (CAE)<\/p>\n<\/div>\n<\/div>\n\n\n<div class=\"wp-block-columns is-not-stacked-on-mobile is-layout-flex wp-container-core-columns-is-layout-28f84493 wp-block-columns-is-layout-flex\">\n<div class=\"wp-block-column is-layout-flow wp-block-column-is-layout-flow\" style=\"flex-basis:28%\">\n<figure class=\"wp-block-image size-full\"><img loading=\"lazy\" decoding=\"async\" width=\"1024\" height=\"550\" src=\"https:\/\/empcomms.com\/es\/wp-content\/uploads\/2026\/01\/Cambridge-english-logo-1024x550-1.webp\" alt=\"\" class=\"wp-image-885\" srcset=\"https:\/\/empcomms.com\/es\/wp-content\/uploads\/2026\/01\/Cambridge-english-logo-1024x550-1.webp 1024w, https:\/\/empcomms.com\/es\/wp-content\/uploads\/2026\/01\/Cambridge-english-logo-1024x550-1-300x161.webp 300w, https:\/\/empcomms.com\/es\/wp-content\/uploads\/2026\/01\/Cambridge-english-logo-1024x550-1-768x413.webp 768w\" sizes=\"auto, (max-width: 1024px) 100vw, 1024px\" \/><\/figure>\n<\/div>\n\n\n<div class=\"wp-block-column is-vertically-aligned-center is-layout-flow wp-block-column-is-layout-flow\" style=\"flex-basis:66.66%\">\n<p class=\"has-text-color has-link-color has-poppins-font-family wp-elements-e30b5a527d21f974959c00e13d98cfd4\" style=\"color:#0a083b;font-size:clamp(1.076rem, 1.076rem + ((1vw - 0.2rem) * 0.932), 1.67rem);line-height:1.6\">C2 Proficiency (CPE)<\/p>\n<\/div>\n<\/div>\n<\/div>\n\n\n<h2 class=\"wp-block-heading\">Te preparamos para alcanzar tus metas<\/h2>\n\n\n<div class=\"wp-block-group has-global-padding is-layout-constrained wp-block-group-is-layout-constrained\">\n<div class=\"wp-block-buttons is-layout-flex wp-block-buttons-is-layout-flex\">\n<div class=\"wp-block-button\"><a class=\"wp-block-button__link has-large-font-size has-custom-font-size wp-element-button\" href=\"https:\/\/tinyurl.com\/4nb3tnn9\" style=\"box-shadow:var(--wp--preset--shadow--natural)\">Leer rese\u00f1as en Google<\/a><\/div>\n<\/div>\n<\/div>\n\n\n<div style=\"height:1rem\" aria-hidden=\"true\" class=\"wp-block-spacer\"><\/div>\n\n\n<p class=\"has-text-color has-link-color has-poppins-font-family wp-elements-d1456c59c1900856da7cce8b48d71954\" style=\"color:#0a083b;font-size:clamp(0.875rem, 0.875rem + ((1vw - 0.2rem) * 0.667), 1.3rem);line-height:1.6\"><strong>Encontr\u00e1 a continuaci\u00f3n una breve descripci\u00f3n de cada examen<\/strong><\/p>\n\n\n<details class=\"wp-block-details has-accent-4-color has-text-color has-link-color wp-elements-d55dcda2bc19a133f162121f27e497ab is-layout-flow wp-block-details-is-layout-flow\"><summary>TOEFL<\/summary>\n<p class=\"has-text-color has-link-color has-poppins-font-family wp-elements-b6b9af65749022aa94441501600564c1\" style=\"color:#0a083b;font-size:clamp(0.875rem, 0.875rem + ((1vw - 0.2rem) * 0.667), 1.3rem);line-height:1.6\">aceptado por m\u00e1s de 13.000 universidades e instituciones en m\u00e1s de 160 pa\u00edses, y preferido a nivel mundial, el TOEFL iBT es el examen de ingl\u00e9s m\u00e1s prestigioso del mundo para estudios, trabajo e inmigraci\u00f3n.<\/p>\n\n\n<p><a href=\"https:\/\/www.ets.org\/toefl.html\">Sitio web oficial de TOEFL<\/a><\/p>\n<\/details>\n\n\n<details class=\"wp-block-details has-accent-4-color has-text-color has-link-color wp-elements-4ec9eb0a1b45ccb646ab2cc614651d82\"><summary><mark style=\"background-color:rgba(0, 0, 0, 0)\" class=\"has-inline-color has-accent-4-color is-layout-flow wp-block-details-is-layout-flow\">IELTS<strong> <\/strong><\/mark><\/summary>\n<p class=\"has-text-color has-link-color has-poppins-font-family wp-elements-e301968024fe165790a37a4f767f8c9c\" style=\"color:#0a083b;font-size:clamp(0.875rem, 0.875rem + ((1vw - 0.2rem) * 0.667), 1.3rem);line-height:1.6\">muchas instituciones educativas, empleadores, organismos de registro profesional y agencias gubernamentales de inmigraci\u00f3n exigen acreditar el nivel de ingl\u00e9s como parte de sus procesos de admisi\u00f3n o contrataci\u00f3n. El IELTS es ampliamente aceptado para estos fines.<br>El IELTS est\u00e1 dise\u00f1ado para evaluar las habilidades ling\u00fc\u00edsticas de quienes desean estudiar o trabajar en entornos donde el ingl\u00e9s es el idioma de comunicaci\u00f3n. Cada a\u00f1o se realizan millones de ex\u00e1menes.<\/p>\n\n\n<p class=\"has-text-color has-link-color wp-elements-aad5bfaddaaea2898b72c2dfca6a28d6\" style=\"color:#1a73e8\"><a href=\"https:\/\/ielts.org\/\" target=\"_blank\" rel=\"noreferrer noopener\">Sitio web oficial de IELTS<\/a><\/p>\n<\/details>\n\n\n<details class=\"wp-block-details has-accent-4-color has-text-color has-link-color wp-elements-b81a8b27c5e74445a552db2a0eebd04d is-layout-flow wp-block-details-is-layout-flow\"><summary>B1 &#8211; Preliminary<\/summary>\n<p class=\"has-text-color has-link-color has-poppins-font-family wp-elements-bcd8cfc7c446d61e2831e841ac894bf6\" style=\"color:#0a083b;font-size:clamp(0.875rem, 0.875rem + ((1vw - 0.2rem) * 0.667), 1.3rem);line-height:1.6\">demuestra que domin\u00e1s los fundamentos del ingl\u00e9s y que cont\u00e1s con habilidades ling\u00fc\u00edsticas pr\u00e1cticas para el uso cotidiano.<br>Este examen es el primer paso l\u00f3gico en tu camino de aprendizaje hacia el certificado B2 First (FCE).<\/p>\n\n\n<p class=\"has-text-color has-link-color wp-elements-185ed3aa21138e5fb2fc506c70ea353c\" style=\"color:#1a73e8\"><a href=\"https:\/\/www.cambridgeenglish.org\/exams-and-tests\/qualifications\/preliminary\/\" target=\"_blank\" rel=\"noreferrer noopener\">Sitio web oficial de B1 Preliminary<\/a><\/p>\n<\/details>\n\n\n<details class=\"wp-block-details has-accent-4-color has-text-color has-link-color wp-elements-ef485de1b0e20f2fd74f8a22490d19d0 is-layout-flow wp-block-details-is-layout-flow\"><summary>B2 &#8211; First<\/summary>\n<p class=\"has-text-color has-link-color has-poppins-font-family wp-elements-4f537f0555846d6097ef7f42a628e119\" style=\"color:#0a083b;font-size:clamp(0.875rem, 0.875rem + ((1vw - 0.2rem) * 0.667), 1.3rem);line-height:1.6\">demuestra que ten\u00e9s las habilidades ling\u00fc\u00edsticas necesarias para vivir y trabajar de forma independiente en un pa\u00eds de habla inglesa, o para estudiar cursos impartidos en ingl\u00e9s.<br>Este examen es el paso l\u00f3gico en tu camino de aprendizaje entre B1 Preliminary y C1 Advanced.<\/p>\n\n\n<p class=\"has-text-color has-link-color wp-elements-d0e36ec781a9aa3157a0210aec4fe379\" style=\"color:#1a73e8\"><a href=\"https:\/\/www.cambridgeenglish.org\/exams-and-tests\/qualifications\/first\/\" target=\"_blank\" rel=\"noreferrer noopener\">Sitio web oficial de B2 First<\/a><\/p>\n<\/details>\n\n\n<details class=\"wp-block-details has-accent-4-color has-text-color has-link-color wp-elements-38011c9bb3ae5d99cbf8540131ef597d is-layout-flow wp-block-details-is-layout-flow\"><summary>C1 &#8211; Advanced<\/summary>\n<p class=\"has-text-color has-link-color has-poppins-font-family wp-elements-b729e40c19a893968fb322d64ef6600e\" style=\"color:#0a083b;font-size:clamp(0.875rem, 0.875rem + ((1vw - 0.2rem) * 0.667), 1.3rem);line-height:1.6\">aceptado por m\u00e1s de 9.000 instituciones educativas, empresas y organismos gubernamentales en todo el mundo, como prueba de un alto nivel de dominio del ingl\u00e9s.<br>La preparaci\u00f3n para C1 Advanced ayuda a los estudiantes a desarrollar las habilidades necesarias para aprovechar al m\u00e1ximo sus estudios, trabajo y vida en pa\u00edses de habla inglesa.<br>Este examen es el paso l\u00f3gico en tu camino de aprendizaje entre B2 First y C2 Proficiency.<\/p>\n\n\n<p class=\"has-text-color has-link-color wp-elements-6921b314820bd21fe1540d1ce7c76340\" style=\"color:#1a73e8\"><a href=\"https:\/\/www.cambridgeenglish.org\/exams-and-tests\/qualifications\/advanced\/\" target=\"_blank\" rel=\"noreferrer noopener\">Sitio web oficial de C1 Advanced<\/a><\/p>\n<\/details>\n\n\n<details class=\"wp-block-details has-accent-4-color has-text-color has-link-color wp-elements-6e947c3b69344581e37a6e7b9b94f1ea is-layout-flow wp-block-details-is-layout-flow\"><summary>C2 &#8211; Proficiency<\/summary>\n<p class=\"has-text-color has-link-color has-poppins-font-family wp-elements-59b252add3cb772c31431095c61b2f06\" style=\"color:#0a083b;font-size:clamp(0.875rem, 0.875rem + ((1vw - 0.2rem) * 0.667), 1.3rem);line-height:1.6\">demuestra ante el mundo que domin\u00e1s el ingl\u00e9s a un nivel excepcional. Prueba que pod\u00e9s comunicarte con la fluidez y sofisticaci\u00f3n de un hablante de ingl\u00e9s altamente competente.<br>Prepararse y aprobar este examen significa que ten\u00e9s el nivel de ingl\u00e9s necesario para estudiar o trabajar en un entorno profesional o acad\u00e9mico de alto nivel, por ejemplo en un programa de posgrado o doctorado.<\/p>\n\n\n<p class=\"has-text-color has-link-color wp-elements-8f3f4d15cda116080acd5add0d2c5680\" style=\"color:#1a73e8\"><a href=\"https:\/\/www.cambridgeenglish.org\/exams-and-tests\/qualifications\/proficiency\/\" target=\"_blank\" rel=\"noreferrer noopener\">Sitio web oficial de C2 Proficiency<\/a><\/p>\n<\/details>\n\n\n<hr class=\"wp-block-separator has-alpha-channel-opacity\"\/>\n\n\n<h2 class=\"wp-block-heading has-text-align-left has-text-color has-link-color wp-elements-05fc8f18a7688879a686771278e578f6\" style=\"color:#ff0100;font-size:clamp(1.092rem, 1.092rem + ((1vw - 0.2rem) * 0.954), 1.7rem);\"><strong>Aviso legal<\/strong><\/h2>\n\n\n<p class=\"is-style-text-annotation has-text-color has-link-color has-poppins-font-family wp-elements-49ef8daf343e255493e49a8217cad439 is-style-text-annotation--1\" style=\"color:#0a083b;font-size:clamp(0.875rem, 0.875rem + ((1vw - 0.2rem) * 0.196), 1rem);line-height:1.6\"><em>(a) Estos cursos est\u00e1n orientados a preparar a los estudiantes para cada examen. Los materiales de estudio se basan en los contenidos utilizados en los ex\u00e1menes oficiales. El paquete incluye una serie de ex\u00e1menes de pr\u00e1ctica, algunos de los cuales son copias de ex\u00e1menes oficiales completos de a\u00f1os anteriores, que los organismos examinadores publican peri\u00f3dicamente en el dominio p\u00fablico.<\/em><\/p>\n\n\n<p class=\"is-style-text-annotation has-text-color has-link-color has-poppins-font-family wp-elements-420b9532130a0faa79f74eff4a94415e is-style-text-annotation--2\" style=\"color:#0a083b;font-size:clamp(0.875rem, 0.875rem + ((1vw - 0.2rem) * 0.196), 1rem);line-height:1.6\"><em>(b) Ofrecemos \u00fanicamente Cursos de Preparaci\u00f3n. <strong>No administramos los ex\u00e1menes, cuya responsabilidad recae exclusivamente en los organismos examinadores.<\/strong> Los detalles espec\u00edficos se encuentran en los enlaces anteriores. No obstante, podemos ayudarte a reservar tus ex\u00e1menes como parte de los servicios que ofrecemos, sin costo adicional.<\/em><\/p>\n\n\n<div style=\"height:100px\" aria-hidden=\"true\" class=\"wp-block-spacer\"><\/div>\n\n","protected":false},"excerpt":{"rendered":"<p>Preparaci\u00f3n para ex\u00e1menes internacionales de ingl\u00e9s: IELTS, TOEFL y Cambridge. Cursos en l\u00ednea orientados a t\u00e9cnicas de examen y resultados.<\/p>\n","protected":false},"author":1,"featured_media":0,"parent":0,"menu_order":0,"comment_status":"closed","ping_status":"closed","template":"page-no-title","meta":{"slim_seo":{"title":"Ex\u00e1menes internacionales - Empirical Communication Solutions","description":"Preparaci\u00f3n para ex\u00e1menes internacionales de ingl\u00e9s: IELTS, TOEFL y Cambridge. Cursos en l\u00ednea orientados a t\u00e9cnicas de examen y resultados."},"footnotes":""},"class_list":["post-14","page","type-page","status-publish","hentry"],"_hostinger_reach_plugin_has_subscription_block":false,"_hostinger_reach_plugin_is_elementor":false,"_links":{"self":[{"href":"https:\/\/empcomms.com\/es\/wp-json\/wp\/v2\/pages\/14","targetHints":{"allow":["GET"]}}],"collection":[{"href":"https:\/\/empcomms.com\/es\/wp-json\/wp\/v2\/pages"}],"about":[{"href":"https:\/\/empcomms.com\/es\/wp-json\/wp\/v2\/types\/page"}],"author":[{"embeddable":true,"href":"https:\/\/empcomms.com\/es\/wp-json\/wp\/v2\/users\/1"}],"replies":[{"embeddable":true,"href":"https:\/\/empcomms.com\/es\/wp-json\/wp\/v2\/comments?post=14"}],"version-history":[{"count":82,"href":"https:\/\/empcomms.com\/es\/wp-json\/wp\/v2\/pages\/14\/revisions"}],"predecessor-version":[{"id":1280,"href":"https:\/\/empcomms.com\/es\/wp-json\/wp\/v2\/pages\/14\/revisions\/1280"}],"wp:attachment":[{"href":"https:\/\/empcomms.com\/es\/wp-json\/wp\/v2\/media?parent=14"}],"curies":[{"name":"wp","href":"https:\/\/api.w.org\/{rel}","templated":true}]}}