{"id":10,"date":"2025-12-30T02:40:50","date_gmt":"2025-12-30T02:40:50","guid":{"rendered":"https:\/\/empcomms.com\/?page_id=10"},"modified":"2026-03-27T22:26:33","modified_gmt":"2026-03-27T18:26:33","slug":"privacy-policy","status":"publish","type":"page","link":"https:\/\/empcomms.com\/es\/privacy-policy\/","title":{"rendered":"Pol\u00edtica de Privacidad"},"content":{"rendered":"\n<div style=\"height:2rem\" aria-hidden=\"true\" class=\"wp-block-spacer\"><\/div>\n\n\n<h2 class=\"wp-block-heading\">Pol\u00edtica de Privacidad de ECS<\/h2>\n\n\n<p><br>Esta pol\u00edtica de privacidad explica c\u00f3mo nuestra organizaci\u00f3n utiliza los datos personales que recopilamos de usted cuando utiliza nuestro sitio web.<\/p>\n\n\n<p>Temas:<\/p>\n\n\n<ul class=\"wp-block-list\">\n<li><a href=\"#data-we-collect\">\u00bfQu\u00e9 datos recopilamos?<\/a><\/li>\n\n\n<li><a href=\"#contact-and-enquiry\">Formularios de contacto y consulta<\/a><\/li>\n\n\n<li><a href=\"#how-we-collect\">\u00bfC\u00f3mo recopilamos sus datos?<\/a><\/li>\n\n\n<li><a href=\"#use-your-data\">\u00bfC\u00f3mo utilizaremos sus datos?<\/a><\/li>\n\n\n<li><a href=\"#marketing\">Marketing<\/a><\/li>\n\n\n<li><a href=\"#data-protection\">\u00bfCu\u00e1les son sus derechos de protecci\u00f3n de datos?<\/a><\/li>\n\n\n<li><a href=\"#cookies\">\u00bfQu\u00e9 son las cookies?<\/a><\/li>\n\n\n<li><a href=\"#what-cookies\">\u00bfQu\u00e9 tipos de cookies utilizamos?<\/a><\/li>\n\n\n<li><a href=\"#manage-cookies\">C\u00f3mo gestionar sus cookies<\/a><\/li>\n\n\n<li><a href=\"#changes\">Cambios en nuestra pol\u00edtica de privacidad<\/a><\/li>\n\n\n<li><a href=\"#contact\">C\u00f3mo contactarnos<\/a><\/li>\n\n\n<li><a href=\"#authority\">C\u00f3mo contactar a las autoridades competentes<\/a><\/li>\n<\/ul>\n\n\n<hr class=\"wp-block-separator has-alpha-channel-opacity\"\/>\n\n\n<h3 class=\"wp-block-heading\" id=\"data-we-collect\">\u00bfQu\u00e9 datos recopilamos?<\/h3>\n\n\n<p>Recopilamos los siguientes datos:<br>Informaci\u00f3n de identificaci\u00f3n personal (nombre, direcci\u00f3n de correo electr\u00f3nico, n\u00famero de tel\u00e9fono, etc.)<\/p>\n\n\n<hr class=\"wp-block-separator has-alpha-channel-opacity\"\/>\n\n\n<h3 class=\"wp-block-heading\" id=\"contact-and-enquiry\">Formularios de contacto y consulta<\/h3>\n\n\n<p>Cuando nos contacta a trav\u00e9s de los formularios de este sitio web, recopilamos la informaci\u00f3n que usted elige proporcionar, como su nombre, direcci\u00f3n de correo electr\u00f3nico y el contenido de su mensaje. Esta informaci\u00f3n se recopila \u00fanicamente con el fin de responder a sus consultas, prestarle los servicios solicitados o comunicarnos con usted en relaci\u00f3n con su solicitud.<\/p>\n\n\n<p>Por razones de seguridad y prevenci\u00f3n de spam, puede registrarse temporalmente informaci\u00f3n t\u00e9cnica limitada, como la direcci\u00f3n IP, en el momento del env\u00edo. No utilizamos los env\u00edos de formularios para marketing automatizado, ni vendemos ni compartimos estos datos con terceros con fines comerciales.<\/p>\n\n\n<hr class=\"wp-block-separator has-alpha-channel-opacity\"\/>\n\n\n<h3 class=\"wp-block-heading\" id=\"how-we-collect\">\u00bfC\u00f3mo recopilamos sus datos?<\/h3>\n\n\n<p>La mayor\u00eda de los datos que recopilamos son proporcionados directamente por usted a Empirical Communication Solutions.<\/p>\n\n\n<p>Recopilamos y procesamos datos cuando usted:<br><\/p>\n\n\n<ul class=\"wp-block-list\">\n<li>Se registra en l\u00ednea o realiza un pedido de cualquiera de nuestros productos o servicios.<\/li>\n\n\n<li>Completa voluntariamente una encuesta de clientes o deja comentarios en cualquiera de nuestros foros, blogs o por correo electr\u00f3nico.<\/li>\n\n\n<li>Usa o visita nuestro sitio web a trav\u00e9s de las cookies de su navegador.<\/li>\n\n\n<li>Nuestra empresa tambi\u00e9n puede recibir sus datos de forma indirecta a trav\u00e9s de las siguientes fuentes:<\/li>\n<\/ul>\n\n\n<div class=\"wp-block-group has-global-padding is-layout-constrained wp-block-group-is-layout-constrained\">\n<div class=\"wp-block-group is-layout-flow wp-block-group-is-layout-flow\" style=\"padding-right:1.2rem;padding-left:1.2rem\">\n<ul class=\"wp-block-list\">\n<li>Google<\/li>\n\n\n<li class=\"has-accent-4-color has-text-color has-link-color wp-elements-1d62dee2fe4dfd25efe391036b5a643d\" style=\"margin-right:1.5rem;margin-left:1.5rem\"><a href=\"https:\/\/policies.google.com\/privacy\" target=\"_blank\" rel=\"noreferrer noopener\"><mark style=\"background-color:rgba(0, 0, 0, 0);color:#1a73e8\" class=\"has-inline-color\">Ver la Pol\u00edtica de Privacidad de Google Analytics<\/mark><\/a><\/li>\n<\/ul>\n\n\n<ul class=\"wp-block-list\">\n<li>Meta<\/li>\n\n\n<li class=\"has-accent-4-color has-text-color has-link-color wp-elements-b5b89050b79456cb48c8e06c7b3a61b4\" style=\"margin-right:1.5rem;margin-left:1.5rem\"><a href=\"https:\/\/www.facebook.com\/privacy\/policy\/?locale=en_US\" target=\"_blank\" rel=\"noreferrer noopener\"><mark style=\"background-color:rgba(0, 0, 0, 0);color:#1a73e8\" class=\"has-inline-color\">Ver la Pol\u00edtica de Privacidad de Meta<\/mark><\/a><\/li>\n<\/ul>\n\n\n<ul class=\"wp-block-list\">\n<li>PayPal<\/li>\n\n\n<li class=\"has-accent-4-color has-text-color has-link-color wp-elements-a1bab2b844c4ff5119615e33bd17eed8\" style=\"margin-right:1.5rem;margin-left:1.5rem;padding-top:0;padding-bottom:0\"><a href=\"https:\/\/www.paypal.com\/legalhub\/paypal\/privacy-full?locale.x=en_US\" target=\"_blank\" rel=\"noreferrer noopener\"><mark style=\"background-color:rgba(0, 0, 0, 0);color:#1a73e8\" class=\"has-inline-color\">Ver la Pol\u00edtica de Privacidad de PayPal<\/mark><\/a><\/li>\n\n\n<li style=\"padding-top:0.5rem;padding-bottom:0rem\">Wise (anteriormente Transfer Wise)<\/li>\n\n\n<li style=\"margin-right:1.5rem;margin-left:1.5rem\"><a href=\"https:\/\/wise.com\/gb\/legal\/privacy-policy\" target=\"_blank\" rel=\"noreferrer noopener\"><mark style=\"background-color:rgba(0, 0, 0, 0);color:#1a73e8\" class=\"has-inline-color\">Ver la Pol\u00edtica de Privacidad de Wise<\/mark><\/a><\/li>\n<\/ul>\n\n\n<ul class=\"wp-block-list\">\n<li><\/li>\n<\/ul>\n<\/div>\n<\/div>\n\n\n<hr class=\"wp-block-separator has-alpha-channel-opacity\"\/>\n\n\n<h3 class=\"wp-block-heading\" id=\"use-your-data\">\u00bfC\u00f3mo utilizaremos sus datos?<\/h3>\n\n\n<p>Recopilamos sus datos para poder:<\/p>\n\n\n<ul class=\"wp-block-list\">\n<li>Procesar su pedido y gestionar su cuenta.<\/li>\n\n\n<li>Enviarle por correo electr\u00f3nico ofertas especiales sobre otros productos y servicios que creemos que pueden interesarle.<\/li>\n\n\n<li>Contactarle por WhatsApp o por tel\u00e9fono. Tambi\u00e9n podr\u00edamos contactarle a trav\u00e9s de otras redes sociales o plataformas de mensajer\u00eda.<\/li>\n<\/ul>\n\n\n<hr class=\"wp-block-separator has-alpha-channel-opacity\"\/>\n\n\n<h3 class=\"wp-block-heading\" id=\"marketing\">Marketing<\/h3>\n\n\n<ul class=\"wp-block-list\">\n<li>No nos pondremos en contacto con usted a menos que nos haya enviado una consulta, nos haya solicitado que lo hagamos, o se haya suscrito a uno de nuestros cursos u otros productos o los haya adquirido. Tampoco le enviaremos material de marketing no solicitado.<\/li>\n\n\n<li>No compartiremos sus datos con terceros expresamente con fines de marketing, aunque no podemos controlar lo que otros puedan hacer con la informaci\u00f3n que reciban de nuestra parte.<\/li>\n<\/ul>\n\n\n<hr class=\"wp-block-separator has-alpha-channel-opacity\"\/>\n\n\n<h3 class=\"wp-block-heading\" id=\"data-protection\">\u00bfCu\u00e1les son sus derechos de protecci\u00f3n de datos?<\/h3>\n\n\n<p>Queremos asegurarnos de que usted est\u00e9 plenamente informado sobre todos sus derechos en materia de protecci\u00f3n de datos. Todo usuario tiene derecho a lo siguiente:<\/p>\n\n\n<ul class=\"wp-block-list\">\n<li>El derecho de acceso \u2014 Usted tiene derecho a solicitarnos copias de sus datos personales.<\/li>\n\n\n<li>El derecho de rectificaci\u00f3n \u2014 Usted tiene derecho a solicitarnos que corrijamos cualquier informaci\u00f3n que considere inexacta. Tambi\u00e9n tiene derecho a solicitarnos que completemos o modifiquemos informaci\u00f3n que considere incompleta o incorrecta.<\/li>\n\n\n<li>El derecho de supresi\u00f3n \u2014 Usted tiene derecho a solicitarnos que eliminemos sus datos personales.<\/li>\n\n\n<li>El derecho a la limitaci\u00f3n del tratamiento \u2014 Usted tiene derecho a solicitarnos que restrinjamos el tratamiento de sus datos personales, bajo ciertas condiciones.<\/li>\n\n\n<li>El derecho de oposici\u00f3n \u2014 Usted tiene derecho a oponerse al tratamiento de sus datos personales por nuestra parte.<\/li>\n\n\n<li>El derecho a la portabilidad de datos \u2014 Usted tiene derecho a solicitarnos que transfiramos los datos que hemos recopilado, ya sea a otra organizaci\u00f3n o directamente a usted.<\/li>\n<\/ul>\n\n\n<p>Si realiza una solicitud, le responderemos en un plazo de 30 d\u00edas.<\/p>\n\n\n<p>Si desea ejercer alguno de estos derechos, por favor cont\u00e1ctenos en nuestro correo electr\u00f3nico:<\/p>\n\n\n<p><a href=\"mailto:info@empcomms.com\"><mark style=\"background-color:rgba(0, 0, 0, 0);color:#1a73e8\" class=\"has-inline-color\">info@empcomms.com<\/mark><\/a><\/p>\n\n\n<p>o ll\u00e1menos al: +995 593 320 288<\/p>\n\n\n<hr class=\"wp-block-separator has-alpha-channel-opacity\"\/>\n\n\n<h3 class=\"wp-block-heading\" id=\"cookies\">\u00bfQu\u00e9 son las cookies?<\/h3>\n\n\n<p>Las cookies son archivos de texto que se colocan en su dispositivo para recopilar informaci\u00f3n est\u00e1ndar de registro de Internet y datos sobre el comportamiento del visitante. Cuando visita nuestro sitio web, podemos recopilar informaci\u00f3n suya de forma autom\u00e1tica a trav\u00e9s de cookies o tecnolog\u00eda similar.<\/p>\n\n\n<p>Para m\u00e1s informaci\u00f3n, visite: <a href=\"https:\/\/allaboutcookies.org\"><mark style=\"background-color:rgba(0, 0, 0, 0);color:#1a73e8\" class=\"has-inline-color\">https:\/\/allaboutcookies.org<\/mark><\/a><\/p>\n\n\n<hr class=\"wp-block-separator has-alpha-channel-opacity\"\/>\n\n\n<h3 class=\"wp-block-heading\" id=\"what-cookies\">\u00bfQu\u00e9 tipos de cookies utilizamos?<\/h3>\n\n\n<p>Existen varios tipos de cookies; sin embargo, nuestro sitio web utiliza:<\/p>\n\n\n<ul class=\"wp-block-list\">\n<li><strong>Funcionalidad<\/strong> \u2014 Utilizamos estas cookies para reconocerle en nuestro sitio web y recordar sus preferencias seleccionadas anteriormente, como el idioma de su preferencia y su ubicaci\u00f3n. Se utilizan una combinaci\u00f3n de cookies propias y de terceros.<\/li>\n\n\n<li><strong>Cookies anal\u00edticas:<\/strong> Utilizamos Google Analytics para recopilar informaci\u00f3n sobre c\u00f3mo utiliza nuestro sitio web, incluyendo datos como las p\u00e1ginas que visita y el tiempo que pasa en el sitio. Estos datos se recopilan de forma agregada y an\u00f3nima para ayudarnos a mejorar el rendimiento de nuestro sitio. Puede obtener m\u00e1s informaci\u00f3n sobre c\u00f3mo Google gestiona estos datos en <a href=\"https:\/\/www.google.com\/policies\/privacy\/partners\/.\"><mark style=\"background-color:rgba(0, 0, 0, 0);color:#1a73e8\" class=\"has-inline-color\">https:\/\/www.google.com\/policies\/privacy\/partners\/<\/mark>.<\/a><\/li>\n\n\n<li><strong>Publicidad en redes sociales:<\/strong> Ocasionalmente utilizamos Meta (Facebook e Instagram) para mostrar anuncios. Estos anuncios se gestionan \u00edntegramente en las plataformas de Meta; <strong>ninguna informaci\u00f3n personal de su visita a este sitio web se comparte directamente con Meta.<\/strong> Si interact\u00faa con nuestros anuncios en redes sociales, Meta puede usar sus propias cookies para medir la eficacia del anuncio. Puede leer la pol\u00edtica de privacidad completa de Meta en <a href=\"https:\/\/www.facebook.com\/privacy\/policy\/?locale=en_US\" target=\"_blank\" rel=\"noreferrer noopener\"><mark style=\"background-color:rgba(0, 0, 0, 0);color:#1a73e8\" class=\"has-inline-color\">https:\/\/www.facebook.com\/privacy\/policy\/<\/mark><\/a> y gestionar sus preferencias publicitarias en la configuraci\u00f3n de su cuenta de Facebook o Instagram.<\/li>\n\n\n<li><strong>Procesamiento de pagos (PayPal):<\/strong> Si paga en l\u00ednea, puede utilizar PayPal para procesar los pagos. Al realizar el pago, PayPal puede usar cookies y otras tecnolog\u00edas para proteger su transacci\u00f3n, prevenir el fraude y recordar su estado de inicio de sesi\u00f3n. <strong>PayPal act\u00faa como responsable independiente del tratamiento de sus datos; no comparte sus datos financieros completos con nosotros.<\/strong> Puede consultar sus pr\u00e1cticas en la Declaraci\u00f3n de Privacidad de PayPal en <a href=\"https:\/\/www.paypal.com\/legalhub\/paypal\/privacy-full?locale.x=en_US\" target=\"_blank\" rel=\"noreferrer noopener\"><mark style=\"background-color:rgba(0, 0, 0, 0);color:#1a73e8\" class=\"has-inline-color\">https:\/\/www.paypal.com\/privacy\/policy\/<\/mark><\/a><br>y gestionar su configuraci\u00f3n dentro de su cuenta de PayPal.<\/li>\n\n\n<li><strong>Procesamiento de pagos (Wise):<\/strong> Utilizamos Wise para facilitar pagos y transferencias. Para completar una transacci\u00f3n y garantizar la seguridad, Wise puede usar cookies y tecnolog\u00edas similares para verificar su identidad y prevenir el fraude. <strong>Wise act\u00faa como responsable independiente del tratamiento de sus datos; no comparte sus datos bancarios completos ni sus credenciales financieras sensibles con nosotros.<\/strong> Puede encontrar informaci\u00f3n detallada sobre c\u00f3mo protegen sus datos en la Pol\u00edtica de Privacidad de Wise en <a href=\"https:\/\/wise.com\/privacy-policy\" target=\"_blank\" rel=\"noreferrer noopener\"><mark style=\"background-color:rgba(0, 0, 0, 0);color:#1a73e8\" class=\"has-inline-color\">https:\/\/wise.com\/privacy-policy<\/mark><\/a> y gestionar su configuraci\u00f3n de privacidad dentro de su cuenta de Wise.<\/li>\n<\/ul>\n\n\n<p>Esto significa que cuando visita otro sitio web, es posible que se le muestren anuncios basados en sus patrones de navegaci\u00f3n en nuestro sitio.<\/p>\n\n\n<hr class=\"wp-block-separator has-alpha-channel-opacity\"\/>\n\n\n<h3 class=\"wp-block-heading\" id=\"manage-cookies\">C\u00f3mo gestionar las cookies<\/h3>\n\n\n<p>Puede configurar su navegador para que no acepte cookies, y el sitio web mencionado anteriormente le indica c\u00f3mo eliminarlas de su navegador. Sin embargo, en algunos casos, ciertas funciones de nuestro sitio web pueden no funcionar correctamente como resultado.<br>Pol\u00edticas de privacidad de otros sitios web: El sitio web de Empirical Communication Solutions contiene enlaces a otros sitios web. Nuestra pol\u00edtica de privacidad se aplica \u00fanicamente a nuestro sitio web, por lo que si hace clic en un enlace a otro sitio, deber\u00eda leer su pol\u00edtica de privacidad.<\/p>\n\n\n<p>Para dejar de ser rastreado por Google Analytics en todos los sitios web, puede visitar la p\u00e1gina de exclusi\u00f3n de Google Analytics en <a href=\"https:\/\/support.google.com\/analytics\/answer\/181881?hl=en\"><mark style=\"background-color:rgba(0, 0, 0, 0);color:#1a73e8\" class=\"has-inline-color\">https:\/\/tools.google.com\/dlpage\/gaoptout.<\/mark><\/a><\/p>\n\n\n<hr class=\"wp-block-separator has-alpha-channel-opacity\"\/>\n\n\n<h3 class=\"wp-block-heading\" id=\"changes\">Cambios en nuestra pol\u00edtica de privacidad<\/h3>\n\n\n<p>Nuestra empresa revisa peri\u00f3dicamente su pol\u00edtica de privacidad y publica cualquier actualizaci\u00f3n en esta p\u00e1gina web.<br>Esta pol\u00edtica de privacidad fue actualizada por \u00faltima vez el 25 de septiembre de 2024.<\/p>\n\n\n<hr class=\"wp-block-separator has-alpha-channel-opacity\"\/>\n\n\n<h3 class=\"wp-block-heading\" id=\"contact\">C\u00f3mo contactarnos<\/h3>\n\n\n<p>Si tiene alguna pregunta sobre la pol\u00edtica de privacidad de nuestra empresa, los datos que conservamos sobre usted, o desea ejercer alguno de sus derechos de protecci\u00f3n de datos, no dude en contactarnos.<br><br>Escr\u00edbanos a:<\/p>\n\n\n<p><a href=\"mailto:info@empcomms.com\"><mark style=\"background-color:rgba(0, 0, 0, 0);color:#1a73e8\" class=\"has-inline-color\">info@empcomms.com<\/mark><\/a><\/p>\n\n\n<p>o ll\u00e1menos al: +995 593 320 288<\/p>\n\n\n<hr class=\"wp-block-separator has-alpha-channel-opacity\"\/>\n\n\n<h3 class=\"wp-block-heading\" id=\"authority\">C\u00f3mo contactar a la autoridad competente<\/h3>\n\n\n<p>Si desea presentar una queja o considera que Empirical Communication Solutions no ha atendido sus inquietudes de manera satisfactoria, puede contactar al Servicio de Protecci\u00f3n de Datos Personales de Georgia.<\/p>\n\n\n<p>Correo electr\u00f3nico: <a href=\"mailto:office@pdps.ge\"><mark style=\"background-color:rgba(0, 0, 0, 0);color:#1a73e8\" class=\"has-inline-color\">office@pdps.ge<\/mark><\/a><br>Tel\u00e9fono: +995 32 242 1000<\/p>\n\n\n<p>Servicio de Protecci\u00f3n de Datos Personales<br>7 Calle Vachnadze<br>0105 Tbilisi<br>Georgia<\/p>\n\n\n<p>Servicio de Protecci\u00f3n de Datos Personales<br>48 Calle Bak\u00fa<br>6010 Batumi<br>Georgia<\/p>\n\n\n<div style=\"height:100px\" aria-hidden=\"true\" class=\"wp-block-spacer\"><\/div>\n\n\n<p class=\"is-style-text-annotation has-text-color has-link-color has-small-font-size wp-elements-60665a29b828cb455218a48d2cd9744f is-style-text-annotation--1\" style=\"color:#6b7280\">Empirical Communication Solutions est\u00e1 debidamente registrada como empresa en la Rep\u00fablica de Georgia: Certificado N.\u00ba 005 &#8211; 006797 \u2022 N.\u00ba personal 304725572 \u2022 rs.ge ID 33345062<\/p>\n\n\n<div style=\"height:100px\" aria-hidden=\"true\" class=\"wp-block-spacer\"><\/div>\n\n","protected":false},"excerpt":{"rendered":"<p>Pol\u00edtica de privacidad sobre c\u00f3mo se recopilan, utilizan, almacenan y protegen sus datos personales conforme a la legislaci\u00f3n de protecci\u00f3n de datos vigente.<\/p>\n","protected":false},"author":1,"featured_media":0,"parent":0,"menu_order":0,"comment_status":"closed","ping_status":"closed","template":"page-no-title","meta":{"slim_seo":{"title":"Pol\u00edtica de Privacidad - Empirical Communication Solutions","description":"Pol\u00edtica de privacidad sobre c\u00f3mo se recopilan, utilizan, almacenan y protegen sus datos personales conforme a la legislaci\u00f3n de protecci\u00f3n de datos vigente."},"footnotes":""},"class_list":["post-10","page","type-page","status-publish","hentry"],"_hostinger_reach_plugin_has_subscription_block":false,"_hostinger_reach_plugin_is_elementor":false,"_links":{"self":[{"href":"https:\/\/empcomms.com\/es\/wp-json\/wp\/v2\/pages\/10","targetHints":{"allow":["GET"]}}],"collection":[{"href":"https:\/\/empcomms.com\/es\/wp-json\/wp\/v2\/pages"}],"about":[{"href":"https:\/\/empcomms.com\/es\/wp-json\/wp\/v2\/types\/page"}],"author":[{"embeddable":true,"href":"https:\/\/empcomms.com\/es\/wp-json\/wp\/v2\/users\/1"}],"replies":[{"embeddable":true,"href":"https:\/\/empcomms.com\/es\/wp-json\/wp\/v2\/comments?post=10"}],"version-history":[{"count":39,"href":"https:\/\/empcomms.com\/es\/wp-json\/wp\/v2\/pages\/10\/revisions"}],"predecessor-version":[{"id":1284,"href":"https:\/\/empcomms.com\/es\/wp-json\/wp\/v2\/pages\/10\/revisions\/1284"}],"wp:attachment":[{"href":"https:\/\/empcomms.com\/es\/wp-json\/wp\/v2\/media?parent=10"}],"curies":[{"name":"wp","href":"https:\/\/api.w.org\/{rel}","templated":true}]}}