{"id":89,"date":"2026-01-01T19:27:57","date_gmt":"2026-01-01T19:27:57","guid":{"rendered":"https:\/\/empcomms.com\/?page_id=89"},"modified":"2026-03-31T15:17:05","modified_gmt":"2026-03-31T11:17:05","slug":"the-internationality-of-the-english-language","status":"publish","type":"page","link":"https:\/\/empcomms.com\/br\/the-internationality-of-the-english-language\/","title":{"rendered":"A Internacionalidade da L\u00edngua Inglesa"},"content":{"rendered":"\n<div style=\"height:4rem\" aria-hidden=\"true\" class=\"wp-block-spacer\"><\/div>\n\n\n\n<h2 class=\"wp-block-heading\">A internacionalidade da l\u00edngua inglesa<\/h2>\n\n\n\n<p><em>Dados estat\u00edsticos atualizados para o in\u00edcio de 2026 mostram uma tend\u00eancia de crescimento cont\u00ednuo do alcance global da l\u00edngua inglesa:<\/em><\/p>\n\n\n\n<ul class=\"wp-block-list is-style-arrow-list\">\n<li><mark style=\"background-color:rgba(0, 0, 0, 0)\" class=\"has-inline-color has-contrast-color\"><strong>Total de falantes:<\/strong>&nbsp;<\/mark>Estimativas recentes baseadas em dados do Ethnologue e do British Council indicam que aproximadamente&nbsp;<strong>1,53 bilh\u00e3o<\/strong>&nbsp;de pessoas em todo o mundo falam ingl\u00eas em algum n\u00edvel.<\/li>\n\n\n\n<li><strong><mark style=\"background-color:rgba(0, 0, 0, 0)\" class=\"has-inline-color has-contrast-color\">Contexto da popula\u00e7\u00e3o mundial:<\/mark><\/strong>&nbsp;Com a popula\u00e7\u00e3o mundial estimada em&nbsp;<strong>8,3 bilh\u00f5es<\/strong>&nbsp;no in\u00edcio de 2026, os falantes de ingl\u00eas representam aproximadamente&nbsp;<strong>18,4%<\/strong>&nbsp;a&nbsp;<strong>18,8%<\/strong>&nbsp;de todas as pessoas no planeta.<\/li>\n\n\n\n<li><mark style=\"background-color:rgba(0, 0, 0, 0)\" class=\"has-inline-color has-contrast-color\"><strong>Propor\u00e7\u00e3o entre falantes nativos e n\u00e3o nativos:<\/strong><\/mark>&nbsp;A diferen\u00e7a entre falantes nativos e n\u00e3o nativos continua a crescer:\n<ul class=\"wp-block-list\">\n<li><strong>Falantes nativos (L1):<\/strong>&nbsp;Aproximadamente&nbsp;<strong>390 milh\u00f5es<\/strong>.<\/li>\n\n\n\n<li><strong>Falantes n\u00e3o nativos (L2):<\/strong>&nbsp;Aproximadamente&nbsp;<strong>1,14 bilh\u00e3o<\/strong>.<\/li>\n<\/ul>\n<\/li>\n\n\n\n<li><mark style=\"background-color:rgba(0, 0, 0, 0)\" class=\"has-inline-color has-contrast-color\"><strong>Mudan\u00e7a de protagonismo:<\/strong><\/mark>&nbsp;Os falantes n\u00e3o nativos representam atualmente cerca de&nbsp;<strong>75%<\/strong>&nbsp;do total de falantes de ingl\u00eas, refor\u00e7ando o fato de que apenas&nbsp;<strong>uma em cada quatro<\/strong>&nbsp;pessoas que falam ingl\u00eas o aprendeu como primeira l\u00edngua.<\/li>\n\n\n\n<li><strong><mark style=\"background-color:rgba(0, 0, 0, 0)\" class=\"has-inline-color has-contrast-color\">Crescimento futuro:<\/mark><\/strong>&nbsp;As proje\u00e7\u00f5es indicam que o n\u00famero de pessoas aprendendo ou usando o ingl\u00eas poder\u00e1 chegar a&nbsp;<strong>2 bilh\u00f5es<\/strong>&nbsp;at\u00e9 2030, impulsionado pelo seu status como principal idioma da expans\u00e3o digital, dos neg\u00f3cios internacionais e da educa\u00e7\u00e3o.<\/li>\n<\/ul>\n\n\n\n<p><em>Esses dados mostram o alcance global da l\u00edngua inglesa, com os falantes n\u00e3o nativos formando a grande maioria dos seus mais de 1,5 bilh\u00e3o de usu\u00e1rios.<\/em><\/p>\n\n\n\n<p><em>Podemos afirmar, com toda a honestidade, que a l\u00edngua inglesa n\u00e3o \u00e9 mais propriedade dos falantes nativos. Na verdade, ela agora pertence a todos \u2014 \u00e9 o mais pr\u00f3ximo que o mundo j\u00e1 chegou de uma l\u00edngua viva universalmente compartilhada. E o n\u00famero de falantes de ingl\u00eas cresce de forma exponencial.<\/em><\/p>\n\n\n\n<p style=\"font-size:clamp(0.984rem, 0.984rem + ((1vw - 0.2rem) * 0.809), 1.5rem);\"><mark style=\"background-color:rgba(0, 0, 0, 0)\" class=\"has-inline-color has-accent-3-color\"><strong>O ensino da l\u00edngua inglesa deve refletir essa realidade.<\/strong><\/mark><br><\/p>\n\n\n\n<p><a href=\"https:\/\/www.kylian.ai\/blog\/en\/english-language-statistics\">https:\/\/www.kylian.ai\/blog\/en\/english-language-statistics<\/a><\/p>\n\n\n\n<p><a href=\"https:\/\/www.worldometers.info\/world-population\/world-population-projections\">https:\/\/www.worldometers.info\/world-population\/world-population-projections<\/a><\/p>\n\n\n\n<hr class=\"wp-block-separator has-alpha-channel-opacity\"\/>\n\n\n\n<p><em><mark style=\"background-color:rgba(0, 0, 0, 0)\" class=\"has-inline-color has-contrast-color\"><strong>O mundo est\u00e1 mudando. O ingl\u00eas n\u00e3o \u00e9 mais apenas o idioma dos Estados Unidos ou do Reino Unido. Hoje, a maioria dos falantes de ingl\u00eas n\u00e3o s\u00e3o nativos \u2014 e a maioria deles n\u00e3o tem planos de se mudar para um pa\u00eds de l\u00edngua inglesa.<\/strong><\/mark><\/em><\/p>\n\n\n\n<p><em><mark style=\"background-color:rgba(0, 0, 0, 0)\" class=\"has-inline-color has-contrast-color\"><strong>O ingl\u00eas se tornou o idioma do trabalho internacional. Sem ele, as oportunidades s\u00e3o limitadas. Com ele, o mundo se abre \u2014 onde quer que voc\u00ea esteja.<\/strong><\/mark><\/em><\/p>\n\n\n\n<p><em><mark style=\"background-color:rgba(0, 0, 0, 0)\" class=\"has-inline-color has-contrast-color\"><strong>Na Empirical Communication Solutions, entendemos essa realidade. Nossos cursos s\u00e3o desenvolvidos em torno do ingl\u00eas que voc\u00ea realmente precisa \u2014 para trabalhar, se comunicar e competir no cen\u00e1rio internacional.<\/strong><\/mark><\/em><\/p>\n\n\n\n<p><em><mark style=\"background-color:rgba(0, 0, 0, 0)\" class=\"has-inline-color has-contrast-color\"><strong>Se voc\u00ea est\u00e1 pronto para investir nessa capacidade, ficaremos felizes em receber seu contato.<\/strong><\/mark><\/em><\/p>\n\n\n\n<div class=\"wp-block-buttons is-layout-flex wp-block-buttons-is-layout-flex\">\n<div class=\"wp-block-button is-style-fill\"><a class=\"wp-block-button__link wp-element-button\" href=\"https:\/\/empcomms.com\/br\/contact\/\" style=\"box-shadow:var(--wp--preset--shadow--natural)\">Contato<\/a><\/div>\n<\/div>\n\n\n\n<div style=\"height:4rem\" aria-hidden=\"true\" class=\"wp-block-spacer\"><\/div>\n","protected":false},"excerpt":{"rendered":"<p>Uma vis\u00e3o geral do ingl\u00eas como l\u00edngua internacional, seu uso global e seu papel na comunica\u00e7\u00e3o intercultural e nos contextos profissionais modernos.<\/p>\n","protected":false},"author":1,"featured_media":0,"parent":0,"menu_order":0,"comment_status":"closed","ping_status":"closed","template":"page-no-title","meta":{"slim_seo":{"title":"A Internacionalidade da L\u00edngua Inglesa - Empirical Communication Solutions","description":"Uma vis\u00e3o geral do ingl\u00eas como l\u00edngua internacional, seu uso global e seu papel na comunica\u00e7\u00e3o intercultural e nos contextos profissionais modernos."},"footnotes":""},"class_list":["post-89","page","type-page","status-publish","hentry"],"_hostinger_reach_plugin_has_subscription_block":false,"_hostinger_reach_plugin_is_elementor":false,"_links":{"self":[{"href":"https:\/\/empcomms.com\/br\/wp-json\/wp\/v2\/pages\/89","targetHints":{"allow":["GET"]}}],"collection":[{"href":"https:\/\/empcomms.com\/br\/wp-json\/wp\/v2\/pages"}],"about":[{"href":"https:\/\/empcomms.com\/br\/wp-json\/wp\/v2\/types\/page"}],"author":[{"embeddable":true,"href":"https:\/\/empcomms.com\/br\/wp-json\/wp\/v2\/users\/1"}],"replies":[{"embeddable":true,"href":"https:\/\/empcomms.com\/br\/wp-json\/wp\/v2\/comments?post=89"}],"version-history":[{"count":14,"href":"https:\/\/empcomms.com\/br\/wp-json\/wp\/v2\/pages\/89\/revisions"}],"predecessor-version":[{"id":1283,"href":"https:\/\/empcomms.com\/br\/wp-json\/wp\/v2\/pages\/89\/revisions\/1283"}],"wp:attachment":[{"href":"https:\/\/empcomms.com\/br\/wp-json\/wp\/v2\/media?parent=89"}],"curies":[{"name":"wp","href":"https:\/\/api.w.org\/{rel}","templated":true}]}}