{"id":221,"date":"2026-01-07T09:00:51","date_gmt":"2026-01-07T09:00:51","guid":{"rendered":"https:\/\/empcomms.com\/?page_id=221"},"modified":"2026-03-31T09:16:15","modified_gmt":"2026-03-31T05:16:15","slug":"disclaimer-visas-and-immigration","status":"publish","type":"page","link":"https:\/\/empcomms.com\/br\/disclaimer-visas-and-immigration\/","title":{"rendered":"Aviso legal \u2014 vistos e imigra\u00e7\u00e3o"},"content":{"rendered":"\n<div style=\"height:2rem\" aria-hidden=\"true\" class=\"wp-block-spacer\"><\/div>\n\n\n\n<h3 class=\"wp-block-heading\">Aviso \u2014 vistos e imigra\u00e7\u00e3o<\/h3>\n\n\n\n<p>Infelizmente, n\u00e3o podemos oferecer nenhum tipo de assist\u00eancia ou orienta\u00e7\u00e3o a pessoas que buscam um visto para viajar a qualquer pa\u00eds de l\u00edngua inglesa ou espanhola \u2014 ou a qualquer outro pa\u00eds.<\/p>\n\n\n\n<p><br>N\u00e3o \u00e9 que n\u00e3o queiramos ajudar, mas sim que n\u00e3o temos como faz\u00ea-lo. N\u00e3o temos nenhuma liga\u00e7\u00e3o com qualquer consulado no mundo e, portanto, n\u00e3o temos nenhuma influ\u00eancia sobre suas decis\u00f5es.<\/p>\n\n\n\n<p><br>Para todas as quest\u00f5es relacionadas a vistos internacionais ou autoriza\u00e7\u00f5es de entrada de qualquer tipo, recomendamos que voc\u00ea entre em contato diretamente com os representantes oficiais do pa\u00eds ou dos pa\u00edses que deseja visitar, seja por meio de seus sites ou agendando uma visita ao consulado mais pr\u00f3ximo.<\/p>\n\n\n\n<div style=\"height:4rem\" aria-hidden=\"true\" class=\"wp-block-spacer\"><\/div>\n","protected":false},"excerpt":{"rendered":"<p>Aviso sobre vistos, imigra\u00e7\u00e3o e resid\u00eancia. Apenas servi\u00e7os de l\u00edngua inglesa; n\u00e3o oferecemos assessoria jur\u00eddica nem de imigra\u00e7\u00e3o.<\/p>\n","protected":false},"author":1,"featured_media":0,"parent":0,"menu_order":0,"comment_status":"closed","ping_status":"closed","template":"page-no-title","meta":{"slim_seo":{"title":"Aviso legal \u2014 vistos e imigra\u00e7\u00e3o - Empirical Communication Solutions","description":"Aviso sobre vistos, imigra\u00e7\u00e3o e resid\u00eancia. Apenas servi\u00e7os de l\u00edngua inglesa; n\u00e3o oferecemos assessoria jur\u00eddica nem de imigra\u00e7\u00e3o."},"footnotes":""},"class_list":["post-221","page","type-page","status-publish","hentry"],"_hostinger_reach_plugin_has_subscription_block":false,"_hostinger_reach_plugin_is_elementor":false,"_links":{"self":[{"href":"https:\/\/empcomms.com\/br\/wp-json\/wp\/v2\/pages\/221","targetHints":{"allow":["GET"]}}],"collection":[{"href":"https:\/\/empcomms.com\/br\/wp-json\/wp\/v2\/pages"}],"about":[{"href":"https:\/\/empcomms.com\/br\/wp-json\/wp\/v2\/types\/page"}],"author":[{"embeddable":true,"href":"https:\/\/empcomms.com\/br\/wp-json\/wp\/v2\/users\/1"}],"replies":[{"embeddable":true,"href":"https:\/\/empcomms.com\/br\/wp-json\/wp\/v2\/comments?post=221"}],"version-history":[{"count":5,"href":"https:\/\/empcomms.com\/br\/wp-json\/wp\/v2\/pages\/221\/revisions"}],"predecessor-version":[{"id":1269,"href":"https:\/\/empcomms.com\/br\/wp-json\/wp\/v2\/pages\/221\/revisions\/1269"}],"wp:attachment":[{"href":"https:\/\/empcomms.com\/br\/wp-json\/wp\/v2\/media?parent=221"}],"curies":[{"name":"wp","href":"https:\/\/api.w.org\/{rel}","templated":true}]}}