{"id":210,"date":"2026-01-07T06:29:40","date_gmt":"2026-01-07T06:29:40","guid":{"rendered":"https:\/\/empcomms.com\/?page_id=210"},"modified":"2026-03-31T14:58:47","modified_gmt":"2026-03-31T10:58:47","slug":"richard","status":"publish","type":"page","link":"https:\/\/empcomms.com\/br\/richard\/","title":{"rendered":"Nossa Equipe \u2014 Richard"},"content":{"rendered":"\n<div style=\"height:2rem\" aria-hidden=\"true\" class=\"wp-block-spacer\"><\/div>\n\n\n\n<h2 class=\"wp-block-heading\" style=\"font-style:normal;font-weight:400\">A Empirical Communication Solutions foi fundada por Richard Armstrong no in\u00edcio de 2024 com o objetivo de consolidar servi\u00e7os de idiomas em um mundo cada vez mais digital<\/h2>\n\n\n\n<div class=\"wp-block-columns is-layout-flex wp-container-core-columns-is-layout-65e523f9 wp-block-columns-is-layout-flex\">\n<div class=\"wp-block-column is-style-default is-layout-flow wp-block-column-is-layout-flow\" style=\"flex-basis:25%\">\n<figure class=\"wp-block-image size-full\"><img loading=\"lazy\" decoding=\"async\" width=\"230\" height=\"300\" src=\"https:\/\/empcomms.com\/br\/wp-content\/uploads\/2026\/01\/Richard-Michael-Armstrong-\u2013-\u10d7\u10d1\u10d8\u10da\u10d8\u10e1\u10d8-\u10e1\u10d0\u10e5\u10d0\u10e0\u10d7\u10d5\u10d4\u10da\u10dd-230x300-1.webp\" alt=\"\" class=\"wp-image-831\" style=\"aspect-ratio:0.7666706934042039\"\/><\/figure>\n<\/div>\n\n\n\n<div class=\"wp-block-column is-vertically-aligned-top is-style-default is-layout-flow wp-container-core-column-is-layout-9df4c73f wp-block-column-is-layout-flow\" style=\"padding-top:0;padding-right:0;padding-bottom:0;padding-left:0rem;flex-basis:80%\">\n<p>Criado na cidade de Londres (Reino Unido) e com forma\u00e7\u00e3o original em engenharia el\u00e9trica, Richard mudou de carreira em meados da d\u00e9cada de 1990 ap\u00f3s passar v\u00e1rios anos na ilha de Tenerife.<\/p>\n<\/div>\n<\/div>\n\n\n\n<p>Com um diploma em Ensino de Ingl\u00eas como L\u00edngua Estrangeira (TEFL) pelo Teacher Training International em Kensington, Londres, e com s\u00f3lido conhecimento de espanhol, ele se mudou para a Am\u00e9rica Central. L\u00e1, come\u00e7ou a ensinar ingl\u00eas como l\u00edngua estrangeira (EFL) na Cidade da Guatemala, permanecendo no pa\u00eds por quatro anos e posteriormente transitando para a tradu\u00e7\u00e3o de documentos espanhol\u2013ingl\u00eas.<\/p>\n\n\n\n<p>Alguns anos antes da virada do mil\u00eanio, Richard se mudou para o Peru, onde atuou como coordenador nacional de um Centro de Treinamento em L\u00edngua Inglesa inaugurado pelo SENATI, um dos principais provedores de forma\u00e7\u00e3o profissional do pa\u00eds. Al\u00e9m da supervis\u00e3o acad\u00eamica e administrativa e do recrutamento, contribuiu para um programa nacional de integra\u00e7\u00e3o dos processos institucionais \u00e0s normas ISO 9001 e 14001. Permaneceu no Peru por seis anos, com per\u00edodos tamb\u00e9m em Quito, no Equador.<\/p>\n\n\n\n<p>Em meados dos anos 2000, Richard retornou \u00e0 Espanha continental, primeiro na prov\u00edncia de C\u00e1diz e depois em M\u00e1laga, onde atuou como professor aut\u00f4nomo de ingl\u00eas e desenvolveu programas de idiomas internos para empresas locais. Nesse per\u00edodo, tamb\u00e9m passou a ensinar espanhol como complemento ao seu portf\u00f3lio de ESL\/EFL.<\/p>\n\n\n\n<p>Em 2014, Richard colaborou com o rec\u00e9m-fundado Marbella International University Centre (MIUC) como consultor de idiomas durante sua fase inaugural, apoiando a padroniza\u00e7\u00e3o de processos de acordo com os requisitos da Junta de Andaluc\u00eda e do Processo de Bolonha.<\/p>\n\n\n\n<p>Viajou extensamente, incluindo per\u00edodos prolongados no Norte da \u00c1frica e no Oriente M\u00e9dio (MENA), trabalhando em projetos de engenharia, e tamb\u00e9m lecionou ingl\u00eas em Beirute, no L\u00edbano.<\/p>\n\n\n\n<p>Desde meados de 2024, Richard est\u00e1 sediado na cidade de Tbilisi, onde fundou a Empirical Communication Solutions, oferecendo servi\u00e7os em l\u00edngua inglesa para a Ge\u00f3rgia (Sakartvelo) e al\u00e9m.<\/p>\n\n\n\n<p>\u00c9 plenamente bil\u00edngue em ingl\u00eas e espanhol.<\/p>\n\n\n\n<div style=\"height:4rem\" aria-hidden=\"true\" class=\"wp-block-spacer\"><\/div>\n","protected":false},"excerpt":{"rendered":"<p>Richard \u00e9 um especialista em l\u00edngua inglesa experiente, natural de Londres, que oferece treinamento online personalizado com foco em comunica\u00e7\u00e3o eficaz para alunos internacionais.<\/p>\n","protected":false},"author":1,"featured_media":0,"parent":0,"menu_order":0,"comment_status":"closed","ping_status":"closed","template":"page-no-title","meta":{"slim_seo":{"title":"Nossa Equipe \u2014 Richard - Empirical Communication Solutions","description":"Richard \u00e9 um especialista em l\u00edngua inglesa experiente, natural de Londres, que oferece treinamento online personalizado com foco em comunica\u00e7\u00e3o eficaz para alu"},"footnotes":""},"class_list":["post-210","page","type-page","status-publish","hentry"],"_hostinger_reach_plugin_has_subscription_block":false,"_hostinger_reach_plugin_is_elementor":false,"_links":{"self":[{"href":"https:\/\/empcomms.com\/br\/wp-json\/wp\/v2\/pages\/210","targetHints":{"allow":["GET"]}}],"collection":[{"href":"https:\/\/empcomms.com\/br\/wp-json\/wp\/v2\/pages"}],"about":[{"href":"https:\/\/empcomms.com\/br\/wp-json\/wp\/v2\/types\/page"}],"author":[{"embeddable":true,"href":"https:\/\/empcomms.com\/br\/wp-json\/wp\/v2\/users\/1"}],"replies":[{"embeddable":true,"href":"https:\/\/empcomms.com\/br\/wp-json\/wp\/v2\/comments?post=210"}],"version-history":[{"count":14,"href":"https:\/\/empcomms.com\/br\/wp-json\/wp\/v2\/pages\/210\/revisions"}],"predecessor-version":[{"id":1273,"href":"https:\/\/empcomms.com\/br\/wp-json\/wp\/v2\/pages\/210\/revisions\/1273"}],"wp:attachment":[{"href":"https:\/\/empcomms.com\/br\/wp-json\/wp\/v2\/media?parent=210"}],"curies":[{"name":"wp","href":"https:\/\/api.w.org\/{rel}","templated":true}]}}