{"id":17,"date":"2025-12-30T02:39:25","date_gmt":"2025-12-30T02:39:25","guid":{"rendered":"https:\/\/empcomms.com\/?page_id=17"},"modified":"2026-03-31T08:58:05","modified_gmt":"2026-03-31T04:58:05","slug":"business-english-courses","status":"publish","type":"page","link":"https:\/\/empcomms.com\/br\/business-english-courses\/","title":{"rendered":"Cursos de Ingl\u00eas para Neg\u00f3cios"},"content":{"rendered":"\n<div class=\"wp-block-group is-layout-flow wp-container-core-group-is-layout-f3c7fa73 wp-block-group-is-layout-flow\" style=\"padding-top:0;padding-bottom:0\">\n<div style=\"height:2rem\" aria-hidden=\"true\" class=\"wp-block-spacer\"><\/div>\n\n\n\n<div class=\"wp-block-columns is-not-stacked-on-mobile is-layout-flex wp-container-core-columns-is-layout-65e523f9 wp-block-columns-is-layout-flex\">\n<div class=\"wp-block-column is-layout-flow wp-block-column-is-layout-flow\" style=\"flex-basis:15%\">\n<figure class=\"wp-block-image size-large is-resized\" style=\"margin-bottom:0;margin-left:0rem\"><img loading=\"lazy\" decoding=\"async\" width=\"1024\" height=\"859\" src=\"https:\/\/empcomms.com\/br\/wp-content\/uploads\/2026\/01\/TOEFL_IELTS_B1-Preliminary_B2-First_C1-Advanced_C2-Proficiency-1536x1536-1-e1768934631114-1024x859.webp\" alt=\"\" class=\"wp-image-822\" style=\"aspect-ratio:1.1920548459804658;object-fit:cover;width:81px;height:auto\" srcset=\"https:\/\/empcomms.com\/br\/wp-content\/uploads\/2026\/01\/TOEFL_IELTS_B1-Preliminary_B2-First_C1-Advanced_C2-Proficiency-1536x1536-1-e1768934631114-1024x859.webp 1024w, https:\/\/empcomms.com\/br\/wp-content\/uploads\/2026\/01\/TOEFL_IELTS_B1-Preliminary_B2-First_C1-Advanced_C2-Proficiency-1536x1536-1-e1768934631114-300x252.webp 300w, https:\/\/empcomms.com\/br\/wp-content\/uploads\/2026\/01\/TOEFL_IELTS_B1-Preliminary_B2-First_C1-Advanced_C2-Proficiency-1536x1536-1-e1768934631114-768x644.webp 768w, https:\/\/empcomms.com\/br\/wp-content\/uploads\/2026\/01\/TOEFL_IELTS_B1-Preliminary_B2-First_C1-Advanced_C2-Proficiency-1536x1536-1-e1768934631114.webp 1362w\" sizes=\"auto, (max-width: 1024px) 100vw, 1024px\" \/><\/figure>\n<\/div>\n\n\n\n<div class=\"wp-block-column is-layout-flow wp-block-column-is-layout-flow\" style=\"flex-basis:66.66%\">\n<h3 class=\"wp-block-heading is-style-text-display has-large-font-size is-style-text-display--1\"><mark style=\"background-color:rgba(0, 0, 0, 0);color:#f30d0d\" class=\"has-inline-color\"><strong>Cursos de Ingl\u00eas para Neg\u00f3cios \u2014 Online e In-Company<\/strong><\/mark><\/h3>\n<\/div>\n<\/div>\n<\/div>\n\n\n\n<p><mark style=\"background-color:rgba(0, 0, 0, 0)\" class=\"has-inline-color has-accent-4-color\">Nossos cursos de Ingl\u00eas para Neg\u00f3cios s\u00e3o voltados para gestores, executivos e colaboradores de empresas. Todos os participantes precisam demonstrar um n\u00edvel m\u00ednimo B1 de ingl\u00eas, de acordo com o <\/mark><a href=\"https:\/\/www.coe.int\/en\/web\/common-european-framework-reference-languages\/table-1-cefr-3.3-common-reference-levels-global-scale\"><mark style=\"background-color:rgba(0, 0, 0, 0);color:#0056b3\" class=\"has-inline-color\">QECR<\/mark><\/a>.<\/p>\n\n\n\n<p class=\"has-text-color has-link-color wp-elements-19c0aceda1d51d240c737f386f871fdd\" style=\"color:#2d2d2d\"><a href=\"info@empcomms.com\" data-type=\"link\" data-id=\"info@empcomms.com\" target=\"_blank\" rel=\"noreferrer noopener\"><mark style=\"background-color:rgba(0, 0, 0, 0);color:#0056b3\" class=\"has-inline-color\">Entre em contato<\/mark><\/a> para mais informa\u00e7\u00f5es.<\/p>\n\n\n\n<p class=\"has-text-color has-link-color wp-elements-8ef083338eb42c68262ad22373d0e531\" style=\"color:#2d2d2d\">Esses cursos s\u00e3o geralmente realizados online por meio das plataformas de videoconfer\u00eancia Zoom ou Teams.<\/p>\n\n\n\n<p class=\"has-text-color has-link-color wp-elements-7605ee3800349f5f3f77bed2d13bc05a\" style=\"color:#2d2d2d\">Aulas individuais e em grupo podem ser agendadas. Em determinados casos, o professor pode se deslocar at\u00e9 as instala\u00e7\u00f5es da empresa para ministrar aulas presenciais.<\/p>\n\n\n\n<p class=\"has-text-color has-link-color wp-elements-d4535b042274fac8f412fc45ff9fc183\" style=\"color:#2d2d2d\">Nossos cursos de Ingl\u00eas para Neg\u00f3cios diferem das op\u00e7\u00f5es padr\u00e3o, pois tanto a metodologia de ensino quanto os materiais s\u00e3o adaptados para atender \u00e0s necessidades espec\u00edficas dos participantes.<\/p>\n\n\n\n<p class=\"has-text-color has-link-color wp-elements-c3e0d9a78150740a454c0374ba22ff97\" style=\"color:#2d2d2d\">Isso significa, por exemplo, que um curso para banqueiros de investimento n\u00e3o ter\u00e1 o mesmo conte\u00fado que um destinado a profissionais da \u00e1rea m\u00e9dica, ou outro para funcion\u00e1rios de seguradoras, ou para contadores, ou para servidores p\u00fablicos municipais\u2026.<\/p>\n","protected":false},"excerpt":{"rendered":"<p>Cursos de Ingl\u00eas para Neg\u00f3cios voltados para profissionais, com foco em comunica\u00e7\u00e3o clara e eficaz em reuni\u00f5es, e-mails e apresenta\u00e7\u00f5es. Online, pr\u00e1tico e personalizado.<\/p>\n","protected":false},"author":1,"featured_media":0,"parent":0,"menu_order":0,"comment_status":"closed","ping_status":"closed","template":"page-no-title","meta":{"slim_seo":{"title":"Cursos de Ingl\u00eas para Neg\u00f3cios - Empirical Communication Solutions","description":"Cursos de Ingl\u00eas para Neg\u00f3cios voltados para profissionais, com foco em comunica\u00e7\u00e3o clara e eficaz em reuni\u00f5es, e-mails e apresenta\u00e7\u00f5es. Online, pr\u00e1tico e perso"},"footnotes":""},"class_list":["post-17","page","type-page","status-publish","hentry"],"_hostinger_reach_plugin_has_subscription_block":false,"_hostinger_reach_plugin_is_elementor":false,"_links":{"self":[{"href":"https:\/\/empcomms.com\/br\/wp-json\/wp\/v2\/pages\/17","targetHints":{"allow":["GET"]}}],"collection":[{"href":"https:\/\/empcomms.com\/br\/wp-json\/wp\/v2\/pages"}],"about":[{"href":"https:\/\/empcomms.com\/br\/wp-json\/wp\/v2\/types\/page"}],"author":[{"embeddable":true,"href":"https:\/\/empcomms.com\/br\/wp-json\/wp\/v2\/users\/1"}],"replies":[{"embeddable":true,"href":"https:\/\/empcomms.com\/br\/wp-json\/wp\/v2\/comments?post=17"}],"version-history":[{"count":12,"href":"https:\/\/empcomms.com\/br\/wp-json\/wp\/v2\/pages\/17\/revisions"}],"predecessor-version":[{"id":1262,"href":"https:\/\/empcomms.com\/br\/wp-json\/wp\/v2\/pages\/17\/revisions\/1262"}],"wp:attachment":[{"href":"https:\/\/empcomms.com\/br\/wp-json\/wp\/v2\/media?parent=17"}],"curies":[{"name":"wp","href":"https:\/\/api.w.org\/{rel}","templated":true}]}}