{"id":14,"date":"2025-12-30T02:40:03","date_gmt":"2025-12-30T02:40:03","guid":{"rendered":"https:\/\/empcomms.com\/?page_id=14"},"modified":"2026-03-31T14:53:36","modified_gmt":"2026-03-31T10:53:36","slug":"international-exams","status":"publish","type":"page","link":"https:\/\/empcomms.com\/br\/international-exams\/","title":{"rendered":"Exames Internacionais"},"content":{"rendered":"\n<div class=\"wp-block-group has-global-padding is-layout-constrained wp-block-group-is-layout-constrained\">\n<div style=\"height:1rem\" aria-hidden=\"true\" class=\"wp-block-spacer\"><\/div>\n\n\n\n<h1 class=\"wp-block-heading\">Exames Internacionais<\/h1>\n\n\n\n<div style=\"height:1rem\" aria-hidden=\"true\" class=\"wp-block-spacer\"><\/div>\n\n\n\n<div class=\"wp-block-group has-global-padding is-layout-constrained wp-block-group-is-layout-constrained\">\n<div class=\"wp-block-columns is-not-stacked-on-mobile is-layout-flex wp-container-core-columns-is-layout-28f84493 wp-block-columns-is-layout-flex\">\n<div class=\"wp-block-column is-layout-flow wp-block-column-is-layout-flow\" style=\"flex-basis:28%\">\n<figure class=\"wp-block-image size-full\"><img loading=\"lazy\" decoding=\"async\" width=\"2560\" height=\"970\" src=\"https:\/\/empcomms.com\/br\/wp-content\/uploads\/2026\/01\/Toefl-scaled-e1769070899449.webp\" alt=\"\" class=\"wp-image-933\" style=\"aspect-ratio:1.85195992607723;object-fit:contain\" srcset=\"https:\/\/empcomms.com\/br\/wp-content\/uploads\/2026\/01\/Toefl-scaled-e1769070899449.webp 2560w, https:\/\/empcomms.com\/br\/wp-content\/uploads\/2026\/01\/Toefl-scaled-e1769070899449-300x114.webp 300w, https:\/\/empcomms.com\/br\/wp-content\/uploads\/2026\/01\/Toefl-scaled-e1769070899449-1024x388.webp 1024w, https:\/\/empcomms.com\/br\/wp-content\/uploads\/2026\/01\/Toefl-scaled-e1769070899449-768x291.webp 768w, https:\/\/empcomms.com\/br\/wp-content\/uploads\/2026\/01\/Toefl-scaled-e1769070899449-1536x582.webp 1536w, https:\/\/empcomms.com\/br\/wp-content\/uploads\/2026\/01\/Toefl-scaled-e1769070899449-2048x776.webp 2048w\" sizes=\"auto, (max-width: 2560px) 100vw, 2560px\" \/><\/figure>\n<\/div>\n\n\n\n<div class=\"wp-block-column is-vertically-aligned-center is-layout-flow wp-block-column-is-layout-flow\">\n<figure class=\"wp-block-image alignleft size-full is-resized\" style=\"margin-top:0px;margin-right:0;margin-bottom:0px;margin-left:0\"><img decoding=\"async\" src=\"https:\/\/empcomms.com\/br\/wp-content\/uploads\/2026\/01\/ielts-e1769065672877.webp\" alt=\"\" class=\"wp-image-929\" style=\"aspect-ratio:3.4018727552591073;width:116px;height:auto\"\/><\/figure>\n<\/div>\n<\/div>\n<\/div>\n\n\n\n<div class=\"wp-block-columns are-vertically-aligned-center is-not-stacked-on-mobile is-layout-flex wp-container-core-columns-is-layout-28f84493 wp-block-columns-is-layout-flex\">\n<div class=\"wp-block-column is-vertically-aligned-center is-layout-flow wp-block-column-is-layout-flow\" style=\"flex-basis:28%\">\n<figure class=\"wp-block-image size-full\"><img loading=\"lazy\" decoding=\"async\" width=\"1024\" height=\"550\" src=\"https:\/\/empcomms.com\/br\/wp-content\/uploads\/2026\/01\/Cambridge-english-logo-1024x550-1.webp\" alt=\"\" class=\"wp-image-885\" srcset=\"https:\/\/empcomms.com\/br\/wp-content\/uploads\/2026\/01\/Cambridge-english-logo-1024x550-1.webp 1024w, https:\/\/empcomms.com\/br\/wp-content\/uploads\/2026\/01\/Cambridge-english-logo-1024x550-1-300x161.webp 300w, https:\/\/empcomms.com\/br\/wp-content\/uploads\/2026\/01\/Cambridge-english-logo-1024x550-1-768x413.webp 768w\" sizes=\"auto, (max-width: 1024px) 100vw, 1024px\" \/><\/figure>\n<\/div>\n\n\n\n<div class=\"wp-block-column is-vertically-aligned-center is-layout-flow wp-block-column-is-layout-flow\" style=\"flex-basis:66.66%\">\n<p class=\"has-text-color has-link-color has-poppins-font-family wp-elements-48217311ba0807d600039bd83f5e0914\" style=\"color:#0a083b;font-size:clamp(1.039rem, 1.039rem + ((1vw - 0.2rem) * 0.88), 1.6rem);line-height:1.6\">B1 Preliminary (PET)<\/p>\n<\/div>\n<\/div>\n\n\n\n<div class=\"wp-block-columns are-vertically-aligned-center is-not-stacked-on-mobile is-layout-flex wp-container-core-columns-is-layout-28f84493 wp-block-columns-is-layout-flex\">\n<div class=\"wp-block-column is-vertically-aligned-center is-layout-flow wp-block-column-is-layout-flow\" style=\"flex-basis:28%\">\n<figure class=\"wp-block-image aligncenter size-full\"><img loading=\"lazy\" decoding=\"async\" width=\"1024\" height=\"550\" src=\"https:\/\/empcomms.com\/br\/wp-content\/uploads\/2026\/01\/Cambridge-english-logo-1024x550-1.webp\" alt=\"\" class=\"wp-image-885\" srcset=\"https:\/\/empcomms.com\/br\/wp-content\/uploads\/2026\/01\/Cambridge-english-logo-1024x550-1.webp 1024w, https:\/\/empcomms.com\/br\/wp-content\/uploads\/2026\/01\/Cambridge-english-logo-1024x550-1-300x161.webp 300w, https:\/\/empcomms.com\/br\/wp-content\/uploads\/2026\/01\/Cambridge-english-logo-1024x550-1-768x413.webp 768w\" sizes=\"auto, (max-width: 1024px) 100vw, 1024px\" \/><\/figure>\n<\/div>\n\n\n\n<div class=\"wp-block-column is-vertically-aligned-center is-layout-flow wp-block-column-is-layout-flow\" style=\"flex-basis:66.66%\">\n<p class=\"has-text-color has-link-color has-poppins-font-family wp-elements-85535523bbf098213f2f54428b7e6552\" style=\"color:#0a083b;font-size:clamp(1.039rem, 1.039rem + ((1vw - 0.2rem) * 0.88), 1.6rem);line-height:1.6\">B2 First (FCE)<\/p>\n<\/div>\n<\/div>\n\n\n\n<div class=\"wp-block-columns are-vertically-aligned-center is-not-stacked-on-mobile is-layout-flex wp-container-core-columns-is-layout-28f84493 wp-block-columns-is-layout-flex\">\n<div class=\"wp-block-column is-vertically-aligned-center is-layout-flow wp-block-column-is-layout-flow\" style=\"flex-basis:28%\">\n<figure class=\"wp-block-image size-full\"><img loading=\"lazy\" decoding=\"async\" width=\"1024\" height=\"550\" src=\"https:\/\/empcomms.com\/br\/wp-content\/uploads\/2026\/01\/Cambridge-english-logo-1024x550-1.webp\" alt=\"\" class=\"wp-image-885\" srcset=\"https:\/\/empcomms.com\/br\/wp-content\/uploads\/2026\/01\/Cambridge-english-logo-1024x550-1.webp 1024w, https:\/\/empcomms.com\/br\/wp-content\/uploads\/2026\/01\/Cambridge-english-logo-1024x550-1-300x161.webp 300w, https:\/\/empcomms.com\/br\/wp-content\/uploads\/2026\/01\/Cambridge-english-logo-1024x550-1-768x413.webp 768w\" sizes=\"auto, (max-width: 1024px) 100vw, 1024px\" \/><\/figure>\n<\/div>\n\n\n\n<div class=\"wp-block-column is-vertically-aligned-center is-layout-flow wp-block-column-is-layout-flow\" style=\"flex-basis:66.66%\">\n<p class=\"has-text-color has-link-color has-poppins-font-family wp-elements-7e3f5d926ecd11b91d3598b17cb769d6\" style=\"color:#0a083b;font-size:clamp(1.039rem, 1.039rem + ((1vw - 0.2rem) * 0.88), 1.6rem);line-height:1.6\">C1 Advanced (CAE)<\/p>\n<\/div>\n<\/div>\n\n\n\n<div class=\"wp-block-columns is-not-stacked-on-mobile is-layout-flex wp-container-core-columns-is-layout-28f84493 wp-block-columns-is-layout-flex\">\n<div class=\"wp-block-column is-layout-flow wp-block-column-is-layout-flow\" style=\"flex-basis:28%\">\n<figure class=\"wp-block-image size-full\"><img loading=\"lazy\" decoding=\"async\" width=\"1024\" height=\"550\" src=\"https:\/\/empcomms.com\/br\/wp-content\/uploads\/2026\/01\/Cambridge-english-logo-1024x550-1.webp\" alt=\"\" class=\"wp-image-885\" srcset=\"https:\/\/empcomms.com\/br\/wp-content\/uploads\/2026\/01\/Cambridge-english-logo-1024x550-1.webp 1024w, https:\/\/empcomms.com\/br\/wp-content\/uploads\/2026\/01\/Cambridge-english-logo-1024x550-1-300x161.webp 300w, https:\/\/empcomms.com\/br\/wp-content\/uploads\/2026\/01\/Cambridge-english-logo-1024x550-1-768x413.webp 768w\" sizes=\"auto, (max-width: 1024px) 100vw, 1024px\" \/><\/figure>\n<\/div>\n\n\n\n<div class=\"wp-block-column is-vertically-aligned-center is-layout-flow wp-block-column-is-layout-flow\" style=\"flex-basis:66.66%\">\n<p class=\"has-text-color has-link-color has-poppins-font-family wp-elements-e30b5a527d21f974959c00e13d98cfd4\" style=\"color:#0a083b;font-size:clamp(1.076rem, 1.076rem + ((1vw - 0.2rem) * 0.932), 1.67rem);line-height:1.6\">C2 Proficiency (CPE)<\/p>\n<\/div>\n<\/div>\n<\/div>\n\n\n\n<h2 class=\"wp-block-heading\">Preparamos voc\u00ea para alcan\u00e7ar seus objetivos<\/h2>\n\n\n\n<div class=\"wp-block-group has-global-padding is-layout-constrained wp-block-group-is-layout-constrained\">\n<div class=\"wp-block-buttons is-layout-flex wp-block-buttons-is-layout-flex\">\n<div class=\"wp-block-button\"><a class=\"wp-block-button__link has-large-font-size has-custom-font-size wp-element-button\" href=\"https:\/\/tinyurl.com\/4nb3tnn9\" style=\"box-shadow:var(--wp--preset--shadow--natural)\">Leia as avalia\u00e7\u00f5es no Google<\/a><\/div>\n<\/div>\n<\/div>\n\n\n\n<div style=\"height:1rem\" aria-hidden=\"true\" class=\"wp-block-spacer\"><\/div>\n\n\n\n<p class=\"has-text-color has-link-color has-poppins-font-family wp-elements-b84bf97a99253bf9b1e46b3457817f4f\" style=\"color:#0a083b;font-size:clamp(0.875rem, 0.875rem + ((1vw - 0.2rem) * 0.667), 1.3rem);line-height:1.6\"><strong>Veja abaixo uma breve descri\u00e7\u00e3o de cada exame<\/strong><\/p>\n\n\n\n<details class=\"wp-block-details has-accent-4-color has-text-color has-link-color wp-elements-cb966377f8803aac71e5d83323ec98df is-layout-flow wp-block-details-is-layout-flow\"><summary>TOEFL<\/summary>\n<p class=\"has-text-color has-link-color has-poppins-font-family wp-elements-6f1a1455595508e858773aaac3108da7\" style=\"color:#0a083b;font-size:clamp(0.875rem, 0.875rem + ((1vw - 0.2rem) * 0.667), 1.3rem);line-height:1.6\">aceito por mais de 13.000 universidades e outras institui\u00e7\u00f5es em mais de 160 pa\u00edses, e preferido em todo o mundo, o TOEFL iBT \u00e9 o principal exame de l\u00edngua inglesa do mundo para fins de estudo, trabalho e imigra\u00e7\u00e3o.<\/p>\n\n\n\n<p><a href=\"https:\/\/www.ets.org\/toefl.html\">Site oficial do TOEFL<\/a><\/p>\n<\/details>\n\n\n\n<details class=\"wp-block-details has-accent-4-color has-text-color has-link-color wp-elements-aa8bc37a25032da43d69e07dbc3c6aa0\"><summary><mark style=\"background-color:rgba(0, 0, 0, 0)\" class=\"has-inline-color has-accent-4-color is-layout-flow wp-block-details-is-layout-flow\">IELTS<strong> <\/strong><\/mark><\/summary>\n<p class=\"has-text-color has-link-color has-poppins-font-family wp-elements-1415d178a607a3d25ee6f09a2d386ba5\" style=\"color:#0a083b;font-size:clamp(0.875rem, 0.875rem + ((1vw - 0.2rem) * 0.667), 1.3rem);line-height:1.6\">institui\u00e7\u00f5es de ensino, empregadores, \u00f3rg\u00e3os de registro profissional e ag\u00eancias de imigra\u00e7\u00e3o governamentais frequentemente exigem comprova\u00e7\u00e3o de profici\u00eancia em ingl\u00eas como parte de seus processos seletivos ou de admiss\u00e3o. O IELTS \u00e9 amplamente aceito para esses fins.<br>O IELTS foi desenvolvido para avaliar a capacidade lingu\u00edstica de pessoas que desejam estudar ou trabalhar em ambientes onde o ingl\u00eas \u00e9 o idioma de comunica\u00e7\u00e3o. Milh\u00f5es de testes s\u00e3o realizados a cada ano.<\/p>\n\n\n\n<p class=\"has-text-color has-link-color wp-elements-cbbe462c4f82f3a18245fb843691e7da\" style=\"color:#1a73e8\"><a href=\"https:\/\/ielts.org\/\" target=\"_blank\" rel=\"noreferrer noopener\">Site oficial do IELTS<\/a><\/p>\n<\/details>\n\n\n\n<details class=\"wp-block-details has-accent-4-color has-text-color has-link-color wp-elements-f5e96afbe3022f3132c06d0877ea7c48 is-layout-flow wp-block-details-is-layout-flow\"><summary>B1 &#8211; Preliminary<\/summary>\n<p class=\"has-text-color has-link-color has-poppins-font-family wp-elements-21d799a608cbde6ef85f477da11a877d\" style=\"color:#0a083b;font-size:clamp(0.875rem, 0.875rem + ((1vw - 0.2rem) * 0.667), 1.3rem);line-height:1.6\">comprova que voc\u00ea domina os fundamentos do ingl\u00eas e j\u00e1 possui habilidades pr\u00e1ticas para o uso cotidiano do idioma.<br>Este exame \u00e9 o primeiro passo natural na sua jornada de aprendizado rumo ao certificado B2 First (FCE).<\/p>\n\n\n\n<p class=\"has-text-color has-link-color wp-elements-d9938e9e288f85cb05f310ae6b4938b8\" style=\"color:#1a73e8\"><a href=\"https:\/\/www.cambridgeenglish.org\/exams-and-tests\/qualifications\/preliminary\/\" target=\"_blank\" rel=\"noreferrer noopener\">Site oficial do B1 Preliminary<\/a><\/p>\n<\/details>\n\n\n\n<details class=\"wp-block-details has-accent-4-color has-text-color has-link-color wp-elements-d9455cfb46e7b8a56c2db8a4f9595601 is-layout-flow wp-block-details-is-layout-flow\"><summary>B2 &#8211; First<\/summary>\n<p class=\"has-text-color has-link-color has-poppins-font-family wp-elements-74e70292a9104b179f73d719d2364ee9\" style=\"color:#0a083b;font-size:clamp(0.875rem, 0.875rem + ((1vw - 0.2rem) * 0.667), 1.3rem);line-height:1.6\">comprova que voc\u00ea tem as habilidades lingu\u00edsticas necess\u00e1rias para viver e trabalhar de forma independente em um pa\u00eds de l\u00edngua inglesa, ou para estudar em cursos ministrados em ingl\u00eas.<br>Este exame \u00e9 um passo natural na sua jornada de aprendizado entre o B1 Preliminary e o C1 Advanced.<\/p>\n\n\n\n<p class=\"has-text-color has-link-color wp-elements-56f5bac447460ecb8b65114141e207dd\" style=\"color:#1a73e8\"><a href=\"https:\/\/www.cambridgeenglish.org\/exams-and-tests\/qualifications\/first\/\" target=\"_blank\" rel=\"noreferrer noopener\">Site oficial do B2 First<\/a><\/p>\n<\/details>\n\n\n\n<details class=\"wp-block-details has-accent-4-color has-text-color has-link-color wp-elements-d84e42dbcc7731f9fdf6c3c2b42637cd is-layout-flow wp-block-details-is-layout-flow\"><summary>C1 &#8211; Advanced<\/summary>\n<p class=\"has-text-color has-link-color has-poppins-font-family wp-elements-a5a0471fc83590c67710a62941ab5b99\" style=\"color:#0a083b;font-size:clamp(0.875rem, 0.875rem + ((1vw - 0.2rem) * 0.667), 1.3rem);line-height:1.6\">aceito por mais de 9.000 institui\u00e7\u00f5es de ensino, empresas e \u00f3rg\u00e3os governamentais em todo o mundo como comprova\u00e7\u00e3o de alto n\u00edvel de profici\u00eancia em ingl\u00eas.<br>A prepara\u00e7\u00e3o para o C1 Advanced ajuda os alunos a desenvolver as habilidades necess\u00e1rias para aproveitar ao m\u00e1ximo os ambientes de estudo, trabalho e vida em pa\u00edses de l\u00edngua inglesa.<br>Este exame \u00e9 o passo natural na sua jornada de aprendizado entre o B2 First e o C2 Proficiency.<\/p>\n\n\n\n<p class=\"has-text-color has-link-color wp-elements-c5216922fa09ab8359264b9c2ba54125\" style=\"color:#1a73e8\"><a href=\"https:\/\/www.cambridgeenglish.org\/exams-and-tests\/qualifications\/advanced\/\" target=\"_blank\" rel=\"noreferrer noopener\">Site oficial do C1 Advanced<\/a><\/p>\n<\/details>\n\n\n\n<details class=\"wp-block-details has-accent-4-color has-text-color has-link-color wp-elements-86287242d864a7b2397470b019433443 is-layout-flow wp-block-details-is-layout-flow\"><summary>C2 &#8211; Proficiency<\/summary>\n<p class=\"has-text-color has-link-color has-poppins-font-family wp-elements-dadf788b0a45816d4a9bfeeaa112adfb\" style=\"color:#0a083b;font-size:clamp(0.875rem, 0.875rem + ((1vw - 0.2rem) * 0.667), 1.3rem);line-height:1.6\">comprova ao mundo que voc\u00ea domina o ingl\u00eas em um n\u00edvel excepcional. Demonstra que voc\u00ea \u00e9 capaz de se comunicar com a flu\u00eancia e a sofistica\u00e7\u00e3o de um falante de ingl\u00eas altamente competente.<br>Preparar-se para e ser aprovado no exame significa que voc\u00ea possui o n\u00edvel de ingl\u00eas necess\u00e1rio para estudar ou trabalhar em ambientes profissionais ou acad\u00eamicos de alto n\u00edvel, como em programas de p\u00f3s-gradua\u00e7\u00e3o ou doutorado.<\/p>\n\n\n\n<p class=\"has-text-color has-link-color wp-elements-72a6555ab8ac7e7ba413fc55e3e6c436\" style=\"color:#1a73e8\"><a href=\"https:\/\/www.cambridgeenglish.org\/exams-and-tests\/qualifications\/proficiency\/\" target=\"_blank\" rel=\"noreferrer noopener\">Site oficial do C2 Proficiency<\/a><\/p>\n<\/details>\n\n\n\n<hr class=\"wp-block-separator has-alpha-channel-opacity\"\/>\n\n\n\n<h2 class=\"wp-block-heading has-text-align-left has-text-color has-link-color wp-elements-05fc8f18a7688879a686771278e578f6\" style=\"color:#ff0100;font-size:clamp(1.092rem, 1.092rem + ((1vw - 0.2rem) * 0.954), 1.7rem);\"><strong>Aviso legal<\/strong><\/h2>\n\n\n\n<p class=\"is-style-text-annotation has-text-color has-link-color has-poppins-font-family wp-elements-c48f9cc99a0ec9265fe95e01c8c1d405 is-style-text-annotation--1\" style=\"color:#0a083b;font-size:clamp(0.875rem, 0.875rem + ((1vw - 0.2rem) * 0.196), 1rem);line-height:1.6\"><em>(a) Estes cursos t\u00eam como foco a prepara\u00e7\u00e3o dos alunos para cada exame. Os materiais did\u00e1ticos s\u00e3o baseados no conte\u00fado utilizado nos exames oficiais. O pacote inclui uma s\u00e9rie de testes pr\u00e1ticos, alguns dos quais s\u00e3o c\u00f3pias de exames oficiais completos de anos anteriores, periodicamente disponibilizados ao p\u00fablico pelos \u00f3rg\u00e3os examinadores.<\/em><\/p>\n\n\n\n<p class=\"is-style-text-annotation has-text-color has-link-color has-poppins-font-family wp-elements-5d8eed935f73c590a998caddf9518fe3 is-style-text-annotation--2\" style=\"color:#0a083b;font-size:clamp(0.875rem, 0.875rem + ((1vw - 0.2rem) * 0.196), 1rem);line-height:1.6\"><em>(b) Oferecemos apenas Cursos Preparat\u00f3rios. <strong>N\u00e3o aplicamos os exames, cuja responsabilidade \u00e9 dos \u00f3rg\u00e3os examinadores.<\/strong><\/em> <em>Os detalhes espec\u00edficos podem ser encontrados nos links acima. Podemos, no entanto, ajud\u00e1-lo a agendar seus exames, como parte dos servi\u00e7os que oferecemos, sem custo adicional.<\/em><\/p>\n\n\n\n<div style=\"height:100px\" aria-hidden=\"true\" class=\"wp-block-spacer\"><\/div>\n","protected":false},"excerpt":{"rendered":"<p>Prepara\u00e7\u00e3o para exames internacionais de ingl\u00eas, incluindo IELTS, TOEFL e os exames Cambridge. Cursos online com foco em t\u00e9cnicas de exame e resultados.<\/p>\n","protected":false},"author":1,"featured_media":0,"parent":0,"menu_order":0,"comment_status":"closed","ping_status":"closed","template":"page-no-title","meta":{"slim_seo":{"title":"Exames Internacionais - Empirical Communication Solutions","description":"Prepara\u00e7\u00e3o para exames internacionais de ingl\u00eas, incluindo IELTS, TOEFL e os exames Cambridge. Cursos online com foco em t\u00e9cnicas de exame e resultados."},"footnotes":""},"class_list":["post-14","page","type-page","status-publish","hentry"],"_hostinger_reach_plugin_has_subscription_block":false,"_hostinger_reach_plugin_is_elementor":false,"_links":{"self":[{"href":"https:\/\/empcomms.com\/br\/wp-json\/wp\/v2\/pages\/14","targetHints":{"allow":["GET"]}}],"collection":[{"href":"https:\/\/empcomms.com\/br\/wp-json\/wp\/v2\/pages"}],"about":[{"href":"https:\/\/empcomms.com\/br\/wp-json\/wp\/v2\/types\/page"}],"author":[{"embeddable":true,"href":"https:\/\/empcomms.com\/br\/wp-json\/wp\/v2\/users\/1"}],"replies":[{"embeddable":true,"href":"https:\/\/empcomms.com\/br\/wp-json\/wp\/v2\/comments?post=14"}],"version-history":[{"count":80,"href":"https:\/\/empcomms.com\/br\/wp-json\/wp\/v2\/pages\/14\/revisions"}],"predecessor-version":[{"id":1271,"href":"https:\/\/empcomms.com\/br\/wp-json\/wp\/v2\/pages\/14\/revisions\/1271"}],"wp:attachment":[{"href":"https:\/\/empcomms.com\/br\/wp-json\/wp\/v2\/media?parent=14"}],"curies":[{"name":"wp","href":"https:\/\/api.w.org\/{rel}","templated":true}]}}