{"id":10,"date":"2025-12-30T02:40:50","date_gmt":"2025-12-30T02:40:50","guid":{"rendered":"https:\/\/empcomms.com\/?page_id=10"},"modified":"2026-03-31T15:04:56","modified_gmt":"2026-03-31T11:04:56","slug":"privacy-policy","status":"publish","type":"page","link":"https:\/\/empcomms.com\/br\/privacy-policy\/","title":{"rendered":"Pol\u00edtica de Privacidade"},"content":{"rendered":"\n<div style=\"height:2rem\" aria-hidden=\"true\" class=\"wp-block-spacer\"><\/div>\n\n\n\n<h2 class=\"wp-block-heading\">Pol\u00edtica de Privacidade da ECS<\/h2>\n\n\n\n<p><br>Esta pol\u00edtica de privacidade explica como nossa organiza\u00e7\u00e3o utiliza os dados pessoais que coletamos de voc\u00ea quando voc\u00ea usa nosso site.<\/p>\n\n\n\n<p>T\u00f3picos:<\/p>\n\n\n\n<ul class=\"wp-block-list\">\n<li><a href=\"#data-we-collect\">Quais dados coletamos?<\/a><\/li>\n\n\n\n<li><a href=\"#contact-and-enquiry\">Formul\u00e1rios de contato e consulta<\/a><\/li>\n\n\n\n<li><a href=\"#how-we-collect\">Como coletamos seus dados?<\/a><\/li>\n\n\n\n<li><a href=\"#use-your-data\">Como usaremos seus dados?<\/a><\/li>\n\n\n\n<li><a href=\"#marketing\">Marketing<\/a><\/li>\n\n\n\n<li><a href=\"#data-protection\">Quais s\u00e3o seus direitos de prote\u00e7\u00e3o de dados?<\/a><\/li>\n\n\n\n<li><a href=\"#cookies\">O que s\u00e3o cookies?<\/a><\/li>\n\n\n\n<li><a href=\"#what-cookies\">Que tipos de cookies usamos?<\/a><\/li>\n\n\n\n<li><a href=\"#manage-cookies\">Como gerenciar seus cookies<\/a><\/li>\n\n\n\n<li><a href=\"#changes\">Altera\u00e7\u00f5es \u00e0 nossa pol\u00edtica de privacidade<\/a><\/li>\n\n\n\n<li><a href=\"#contact\">Como entrar em contato conosco<\/a><\/li>\n\n\n\n<li><a href=\"#authority\">Como entrar em contato com as autoridades competentes<\/a><\/li>\n<\/ul>\n\n\n\n<hr class=\"wp-block-separator has-alpha-channel-opacity\"\/>\n\n\n\n<h3 class=\"wp-block-heading\" id=\"data-we-collect\">Quais dados coletamos?<\/h3>\n\n\n\n<p>Coletamos os seguintes dados:<br>Informa\u00e7\u00f5es de identifica\u00e7\u00e3o pessoal (nome, endere\u00e7o de e-mail, n\u00famero de telefone, etc.)<\/p>\n\n\n\n<hr class=\"wp-block-separator has-alpha-channel-opacity\"\/>\n\n\n\n<h3 class=\"wp-block-heading\" id=\"contact-and-enquiry\">Formul\u00e1rios de contato e consulta<\/h3>\n\n\n\n<p>Quando voc\u00ea entra em contato conosco por meio dos formul\u00e1rios dispon\u00edveis neste site, coletamos as informa\u00e7\u00f5es que voc\u00ea escolhe fornecer, como nome, endere\u00e7o de e-mail e o conte\u00fado da mensagem. Essas informa\u00e7\u00f5es s\u00e3o coletadas exclusivamente para responder \u00e0s suas d\u00favidas, prestar os servi\u00e7os solicitados ou comunicar-nos com voc\u00ea em rela\u00e7\u00e3o \u00e0 sua solicita\u00e7\u00e3o.<\/p>\n\n\n\n<p>Para fins de seguran\u00e7a e preven\u00e7\u00e3o de spam, informa\u00e7\u00f5es t\u00e9cnicas limitadas, como o endere\u00e7o IP, poder\u00e3o ser registradas temporariamente no momento do envio. N\u00e3o utilizamos os envios de formul\u00e1rios para marketing automatizado, e n\u00e3o vendemos nem compartilhamos esses dados com terceiros para fins comerciais.<\/p>\n\n\n\n<hr class=\"wp-block-separator has-alpha-channel-opacity\"\/>\n\n\n\n<h3 class=\"wp-block-heading\" id=\"how-we-collect\">Como coletamos seus dados?<\/h3>\n\n\n\n<p>A maior parte dos dados que coletamos \u00e9 fornecida diretamente por voc\u00ea \u00e0 Empirical Communication Solutions.<\/p>\n\n\n\n<p>Coletamos e processamos dados quando voc\u00ea:<br><\/p>\n\n\n\n<ul class=\"wp-block-list\">\n<li>Se registra online ou faz um pedido de qualquer um dos nossos produtos ou servi\u00e7os.<\/li>\n\n\n\n<li>Preenche voluntariamente uma pesquisa de satisfa\u00e7\u00e3o ou fornece feedback em qualquer um dos nossos f\u00f3runs, blogs ou por e-mail.<\/li>\n\n\n\n<li>Usa ou visualiza nosso site por meio dos cookies do seu navegador.<\/li>\n\n\n\n<li>Nossa empresa tamb\u00e9m pode receber seus dados indiretamente das seguintes fontes:<\/li>\n<\/ul>\n\n\n\n<div class=\"wp-block-group has-global-padding is-layout-constrained wp-block-group-is-layout-constrained\">\n<div class=\"wp-block-group is-layout-flow wp-block-group-is-layout-flow\" style=\"padding-right:1.2rem;padding-left:1.2rem\">\n<ul class=\"wp-block-list\">\n<li>Google<\/li>\n\n\n\n<li class=\"has-accent-4-color has-text-color has-link-color wp-elements-16130f53eb7e4ab700c837bcd365a63f\" style=\"margin-right:1.5rem;margin-left:1.5rem\"><a href=\"https:\/\/policies.google.com\/privacy\" target=\"_blank\" rel=\"noreferrer noopener\"><mark style=\"background-color:rgba(0, 0, 0, 0);color:#1a73e8\" class=\"has-inline-color\">Ver Pol\u00edtica de Privacidade do Google Analytics<\/mark><\/a><\/li>\n<\/ul>\n\n\n\n<ul class=\"wp-block-list\">\n<li>Meta<\/li>\n\n\n\n<li class=\"has-accent-4-color has-text-color has-link-color wp-elements-b6ca72dd04a86c86dbdeb513745a564c\" style=\"margin-right:1.5rem;margin-left:1.5rem\"><a href=\"https:\/\/www.facebook.com\/privacy\/policy\/?locale=en_US\" target=\"_blank\" rel=\"noreferrer noopener\"><mark style=\"background-color:rgba(0, 0, 0, 0);color:#1a73e8\" class=\"has-inline-color\">Ver Pol\u00edtica de Privacidade da Meta<\/mark><\/a><\/li>\n<\/ul>\n\n\n\n<ul class=\"wp-block-list\">\n<li>PayPal<\/li>\n\n\n\n<li class=\"has-accent-4-color has-text-color has-link-color wp-elements-479731a1aa09b3655dcd2ec8f53603f9\" style=\"margin-right:1.5rem;margin-left:1.5rem;padding-top:0;padding-bottom:0\"><a href=\"https:\/\/www.paypal.com\/legalhub\/paypal\/privacy-full?locale.x=en_US\" target=\"_blank\" rel=\"noreferrer noopener\"><mark style=\"background-color:rgba(0, 0, 0, 0);color:#1a73e8\" class=\"has-inline-color\">Ver Pol\u00edtica de Privacidade do PayPal<\/mark><\/a><\/li>\n\n\n\n<li style=\"padding-top:0.5rem;padding-bottom:0rem\">Wise (anteriormente TransferWise)<\/li>\n\n\n\n<li style=\"margin-right:1.5rem;margin-left:1.5rem\"><a href=\"https:\/\/wise.com\/gb\/legal\/privacy-policy\" target=\"_blank\" rel=\"noreferrer noopener\"><mark style=\"background-color:rgba(0, 0, 0, 0);color:#1a73e8\" class=\"has-inline-color\">Ver Pol\u00edtica de Privacidade do Wise<\/mark><\/a><\/li>\n<\/ul>\n\n\n\n<ul class=\"wp-block-list\">\n<li><\/li>\n<\/ul>\n<\/div>\n<\/div>\n\n\n\n<hr class=\"wp-block-separator has-alpha-channel-opacity\"\/>\n\n\n\n<h3 class=\"wp-block-heading\" id=\"use-your-data\">Como usaremos seus dados?<\/h3>\n\n\n\n<p>Coletamos seus dados para que possamos:<\/p>\n\n\n\n<ul class=\"wp-block-list\">\n<li>Processar seu pedido e gerenciar sua conta.<\/li>\n\n\n\n<li>Enviar e-mails com ofertas especiais de outros produtos e servi\u00e7os que possam ser do seu interesse.<\/li>\n\n\n\n<li>Entrar em contato com voc\u00ea via WhatsApp ou por telefone. Tamb\u00e9m podemos contat\u00e1-lo por meio de outras redes sociais ou aplicativos de mensagens.<\/li>\n<\/ul>\n\n\n\n<hr class=\"wp-block-separator has-alpha-channel-opacity\"\/>\n\n\n\n<h3 class=\"wp-block-heading\" id=\"marketing\">Marketing<\/h3>\n\n\n\n<ul class=\"wp-block-list\">\n<li>N\u00e3o entraremos em contato com voc\u00ea a menos que voc\u00ea nos tenha enviado uma consulta, solicitado que entremos em contato, e\/ou assinado ou adquirido um de nossos cursos ou outros produtos. Tamb\u00e9m n\u00e3o enviaremos material de marketing n\u00e3o solicitado.<\/li>\n\n\n\n<li>N\u00e3o compartilharemos conscientemente seus dados com terceiros especificamente para fins de marketing, embora n\u00e3o possamos controlar o que outros possam fazer com as informa\u00e7\u00f5es que recebem de n\u00f3s.<\/li>\n<\/ul>\n\n\n\n<hr class=\"wp-block-separator has-alpha-channel-opacity\"\/>\n\n\n\n<h3 class=\"wp-block-heading\" id=\"data-protection\">Quais s\u00e3o seus direitos de prote\u00e7\u00e3o de dados?<\/h3>\n\n\n\n<p>Queremos garantir que voc\u00ea esteja plenamente informado sobre todos os seus direitos de prote\u00e7\u00e3o de dados. Todo usu\u00e1rio tem direito ao seguinte:<\/p>\n\n\n\n<ul class=\"wp-block-list\">\n<li>O direito de acesso \u2013 Voc\u00ea tem o direito de solicitar que fornecemos c\u00f3pias dos seus dados pessoais.<\/li>\n\n\n\n<li>O direito de retifica\u00e7\u00e3o \u2013 Voc\u00ea tem o direito de solicitar que corrijamos qualquer informa\u00e7\u00e3o que voc\u00ea considere imprecisa. Voc\u00ea tamb\u00e9m tem o direito de solicitar que completemos ou modifiquemos informa\u00e7\u00f5es que considere incompletas ou incorretas.<\/li>\n\n\n\n<li>O direito ao apagamento \u2013 Voc\u00ea tem o direito de solicitar que apaguemos seus dados pessoais.<\/li>\n\n\n\n<li>O direito de restringir o processamento \u2013 Voc\u00ea tem o direito de solicitar que restrinjamos o processamento dos seus dados pessoais, sob determinadas condi\u00e7\u00f5es.<\/li>\n\n\n\n<li>O direito de se opor ao processamento \u2013 Voc\u00ea tem o direito de se opor ao processamento dos seus dados pessoais.<\/li>\n\n\n\n<li>O direito \u00e0 portabilidade de dados \u2013 Voc\u00ea tem o direito de solicitar que transferimos os dados que coletamos para outra organiza\u00e7\u00e3o ou diretamente para voc\u00ea.<\/li>\n<\/ul>\n\n\n\n<p>Se voc\u00ea fizer uma solicita\u00e7\u00e3o, responderemos em at\u00e9 30 dias.<\/p>\n\n\n\n<p>Se desejar exercer algum desses direitos, entre em contato conosco pelo e-mail:<\/p>\n\n\n\n<p><a href=\"mailto:info@empcomms.com\"><mark style=\"background-color:rgba(0, 0, 0, 0);color:#1a73e8\" class=\"has-inline-color\">info@empcomms.com<\/mark><\/a><\/p>\n\n\n\n<p>ou ligue para: +995 593 320 288<\/p>\n\n\n\n<hr class=\"wp-block-separator has-alpha-channel-opacity\"\/>\n\n\n\n<h3 class=\"wp-block-heading\" id=\"cookies\">O que s\u00e3o cookies?<\/h3>\n\n\n\n<p>Cookies s\u00e3o arquivos de texto armazenados no seu computador para coletar informa\u00e7\u00f5es padr\u00e3o de registro de internet e dados sobre o comportamento dos visitantes. Quando voc\u00ea visita nosso site, podemos coletar informa\u00e7\u00f5es suas automaticamente por meio de cookies ou tecnologia similar.<\/p>\n\n\n\n<p>Para mais informa\u00e7\u00f5es, visite: <a href=\"https:\/\/allaboutcookies.org\"><mark style=\"background-color:rgba(0, 0, 0, 0);color:#1a73e8\" class=\"has-inline-color\">https:\/\/allaboutcookies.org<\/mark><\/a><\/p>\n\n\n\n<hr class=\"wp-block-separator has-alpha-channel-opacity\"\/>\n\n\n\n<h3 class=\"wp-block-heading\" id=\"what-cookies\">Que tipos de cookies usamos?<\/h3>\n\n\n\n<p>Existem v\u00e1rios tipos de cookies; no entanto, nosso site utiliza:<\/p>\n\n\n\n<ul class=\"wp-block-list\">\n<li><strong>Funcionalidade<\/strong> \u2013 Usamos esses cookies para reconhec\u00ea-lo em nosso site e lembrar das prefer\u00eancias selecionadas anteriormente, como o idioma de sua prefer\u00eancia e sua localiza\u00e7\u00e3o. S\u00e3o utilizados cookies pr\u00f3prios e de terceiros.<\/li>\n\n\n\n<li><strong>Cookies anal\u00edticos:<\/strong> Usamos o Google Analytics para coletar informa\u00e7\u00f5es sobre como voc\u00ea utiliza nosso site, incluindo as p\u00e1ginas visitadas e o tempo gasto no site. Esses dados s\u00e3o coletados de forma agregada e an\u00f4nima para nos ajudar a melhorar o desempenho do site. Saiba mais sobre como o Google trata esses dados em <a href=\"https:\/\/www.google.com\/policies\/privacy\/partners\/.\"><mark style=\"background-color:rgba(0, 0, 0, 0);color:#1a73e8\" class=\"has-inline-color\">https:\/\/www.google.com\/policies\/privacy\/partners\/<\/mark>.<\/a><\/li>\n\n\n\n<li><strong>Publicidade em redes sociais:<\/strong> Ocasionalmente utilizamos a Meta (Facebook e Instagram) para exibir an\u00fancios. Esses an\u00fancios s\u00e3o gerenciados inteiramente nas plataformas da Meta; <strong>nenhuma informa\u00e7\u00e3o pessoal da sua visita a este site \u00e9 compartilhada diretamente com a Meta.<\/strong> Se voc\u00ea interagir com nossos an\u00fancios nas redes sociais, a Meta poder\u00e1 usar seus pr\u00f3prios cookies para medir a efic\u00e1cia do an\u00fancio. Voc\u00ea pode consultar a pol\u00edtica de privacidade completa da Meta em <a href=\"https:\/\/www.facebook.com\/privacy\/policy\/?locale=en_US\" target=\"_blank\" rel=\"noreferrer noopener\"><mark style=\"background-color:rgba(0, 0, 0, 0);color:#1a73e8\" class=\"has-inline-color\">https:\/\/www.facebook.com\/privacy\/policy\/<\/mark><\/a> e gerenciar suas prefer\u00eancias de an\u00fancios nas configura\u00e7\u00f5es da sua conta do Facebook ou Instagram.<\/li>\n\n\n\n<li><strong>Processamento de pagamentos:<\/strong> Se voc\u00ea pagar online, poder\u00e1 utilizar o PayPal para processar pagamentos. Durante o checkout, o PayPal pode usar cookies e outras tecnologias para proteger sua transa\u00e7\u00e3o, prevenir fraudes e lembrar seu status de login. <strong>O PayPal atua como controlador independente dos seus dados e n\u00e3o compartilha seus dados financeiros completos conosco.<\/strong> Voc\u00ea pode consultar as pr\u00e1ticas deles na Declara\u00e7\u00e3o de Privacidade do PayPal em <a href=\"https:\/\/www.paypal.com\/legalhub\/paypal\/privacy-full?locale.x=en_US\" target=\"_blank\" rel=\"noreferrer noopener\"><mark style=\"background-color:rgba(0, 0, 0, 0);color:#1a73e8\" class=\"has-inline-color\">https:\/\/www.paypal.com\/privacy\/policy\/<\/mark><\/a><br>e gerenciar suas configura\u00e7\u00f5es na sua conta do PayPal.<\/li>\n\n\n\n<li><strong>Processamento de pagamentos (Wise):<\/strong> Usamos o Wise para facilitar pagamentos e transfer\u00eancias. Para concluir uma transa\u00e7\u00e3o e garantir a seguran\u00e7a, o Wise pode usar cookies e tecnologias similares para verificar sua identidade e prevenir fraudes. <strong>O Wise atua como controlador independente dos seus dados e n\u00e3o compartilha seus dados banc\u00e1rios completos nem credenciais financeiras sens\u00edveis conosco.<\/strong> Voc\u00ea pode encontrar informa\u00e7\u00f5es detalhadas sobre como eles protegem seus dados na Pol\u00edtica de Privacidade do Wise em <a href=\"https:\/\/wise.com\/privacy-policy\" target=\"_blank\" rel=\"noreferrer noopener\"><mark style=\"background-color:rgba(0, 0, 0, 0);color:#1a73e8\" class=\"has-inline-color\">https:\/\/wise.com\/privacy-policy<\/mark><\/a> e gerenciar suas configura\u00e7\u00f5es de privacidade na sua conta do Wise.<\/li>\n<\/ul>\n\n\n\n<p>Isso significa que, ao visitar outro site, voc\u00ea poder\u00e1 ver an\u00fancios com base nos seus padr\u00f5es de navega\u00e7\u00e3o em nosso site.<\/p>\n\n\n\n<hr class=\"wp-block-separator has-alpha-channel-opacity\"\/>\n\n\n\n<h3 class=\"wp-block-heading\" id=\"manage-cookies\">Como gerenciar cookies<\/h3>\n\n\n\n<p>Voc\u00ea pode configurar seu navegador para n\u00e3o aceitar cookies, e o site mencionado acima explica como remov\u00ea-los do seu navegador. No entanto, em alguns casos, determinadas funcionalidades do nosso site podem n\u00e3o funcionar corretamente como resultado.<br>Pol\u00edticas de privacidade de outros sites: O site da Empirical Communication Solutions cont\u00e9m links para outros sites. Nossa pol\u00edtica de privacidade se aplica apenas ao nosso site; portanto, se voc\u00ea clicar em um link para outro site, recomendamos que leia a pol\u00edtica de privacidade desse site.<\/p>\n\n\n\n<p>Para cancelar o rastreamento pelo Google Analytics em todos os sites, voc\u00ea pode acessar a p\u00e1gina de exclus\u00e3o do Google Analytics em <a href=\"https:\/\/support.google.com\/analytics\/answer\/181881?hl=en\"><mark style=\"background-color:rgba(0, 0, 0, 0);color:#1a73e8\" class=\"has-inline-color\">https:\/\/tools.google.com\/dlpage\/gaoptout.<\/mark><\/a><\/p>\n\n\n\n<hr class=\"wp-block-separator has-alpha-channel-opacity\"\/>\n\n\n\n<h3 class=\"wp-block-heading\" id=\"changes\">Altera\u00e7\u00f5es \u00e0 nossa pol\u00edtica de privacidade<\/h3>\n\n\n\n<p>Nossa empresa revisa sua pol\u00edtica de privacidade regularmente e publica quaisquer atualiza\u00e7\u00f5es nesta p\u00e1gina.<br>Esta pol\u00edtica de privacidade foi atualizada pela \u00faltima vez em 25 de setembro de 2024.<\/p>\n\n\n\n<hr class=\"wp-block-separator has-alpha-channel-opacity\"\/>\n\n\n\n<h3 class=\"wp-block-heading\" id=\"contact\">Como entrar em contato conosco<\/h3>\n\n\n\n<p>Se tiver alguma d\u00favida sobre a pol\u00edtica de privacidade da nossa empresa, sobre os dados que mantemos a seu respeito, ou se desejar exercer algum dos seus direitos de prote\u00e7\u00e3o de dados, n\u00e3o hesite em entrar em contato conosco.<br><br>Envie um e-mail para:<\/p>\n\n\n\n<p><a href=\"mailto:info@empcomms.com\">i<mark style=\"background-color:rgba(0, 0, 0, 0);color:#1a73e8\" class=\"has-inline-color\">nfo@empcomms.com<\/mark><\/a><\/p>\n\n\n\n<p>ou ligue para: +995 593 320 288<\/p>\n\n\n\n<hr class=\"wp-block-separator has-alpha-channel-opacity\"\/>\n\n\n\n<h3 class=\"wp-block-heading\" id=\"authority\">Como entrar em contato com a autoridade competente<\/h3>\n\n\n\n<p>Caso deseje registrar uma reclama\u00e7\u00e3o ou se considerar que a Empirical Communication Solutions n\u00e3o tratou suas preocupa\u00e7\u00f5es de forma satisfat\u00f3ria, voc\u00ea pode entrar em contato com o Servi\u00e7o de Prote\u00e7\u00e3o de Dados Pessoais da Ge\u00f3rgia.<\/p>\n\n\n\n<p>E-mail: <a href=\"mailto:office@pdps.ge\"><mark style=\"background-color:rgba(0, 0, 0, 0);color:#1a73e8\" class=\"has-inline-color\">office@pdps.ge<\/mark><\/a><br>Telefone: +995 32 242 1000<\/p>\n\n\n\n<p>Servi\u00e7o de Prote\u00e7\u00e3o de Dados Pessoais<br>Rua Vachnadze, 7<br>0105 Tbilisi<br>Ge\u00f3rgia<\/p>\n\n\n\n<p>Servi\u00e7o de Prote\u00e7\u00e3o de Dados Pessoais<br>Rua Baku, 48<br>6010 Batumi<br>Ge\u00f3rgia<\/p>\n\n\n\n<div style=\"height:100px\" aria-hidden=\"true\" class=\"wp-block-spacer\"><\/div>\n\n\n\n<p class=\"is-style-text-annotation has-text-color has-link-color has-small-font-size wp-elements-077b49bc156c5b9beb9d028a39bfbc42 is-style-text-annotation--1\" style=\"color:#6b7280\">A Empirical Communication Solutions est\u00e1 devidamente registrada como empresa na Rep\u00fablica da Ge\u00f3rgia: Certificado N.\u00ba 005 &#8211; 006797 \u2022 N.\u00ba Pessoal 304725572 \u2022 ID rs.ge 33345062<\/p>\n\n\n\n<div style=\"height:100px\" aria-hidden=\"true\" class=\"wp-block-spacer\"><\/div>\n","protected":false},"excerpt":{"rendered":"<p>Pol\u00edtica de privacidade que explica como os dados pessoais s\u00e3o coletados, utilizados, armazenados e protegidos em conformidade com as leis de prote\u00e7\u00e3o de dados aplic\u00e1veis.<\/p>\n","protected":false},"author":1,"featured_media":0,"parent":0,"menu_order":0,"comment_status":"closed","ping_status":"closed","template":"page-no-title","meta":{"slim_seo":{"title":"Pol\u00edtica de Privacidade - Empirical Communication Solutions","description":"Pol\u00edtica de privacidade que explica como os dados pessoais s\u00e3o coletados, utilizados, armazenados e protegidos em conformidade com as leis de prote\u00e7\u00e3o de dados"},"footnotes":""},"class_list":["post-10","page","type-page","status-publish","hentry"],"_hostinger_reach_plugin_has_subscription_block":false,"_hostinger_reach_plugin_is_elementor":false,"_links":{"self":[{"href":"https:\/\/empcomms.com\/br\/wp-json\/wp\/v2\/pages\/10","targetHints":{"allow":["GET"]}}],"collection":[{"href":"https:\/\/empcomms.com\/br\/wp-json\/wp\/v2\/pages"}],"about":[{"href":"https:\/\/empcomms.com\/br\/wp-json\/wp\/v2\/types\/page"}],"author":[{"embeddable":true,"href":"https:\/\/empcomms.com\/br\/wp-json\/wp\/v2\/users\/1"}],"replies":[{"embeddable":true,"href":"https:\/\/empcomms.com\/br\/wp-json\/wp\/v2\/comments?post=10"}],"version-history":[{"count":37,"href":"https:\/\/empcomms.com\/br\/wp-json\/wp\/v2\/pages\/10\/revisions"}],"predecessor-version":[{"id":1275,"href":"https:\/\/empcomms.com\/br\/wp-json\/wp\/v2\/pages\/10\/revisions\/1275"}],"wp:attachment":[{"href":"https:\/\/empcomms.com\/br\/wp-json\/wp\/v2\/media?parent=10"}],"curies":[{"name":"wp","href":"https:\/\/api.w.org\/{rel}","templated":true}]}}